{"id":1488,"date":"2025-03-24T17:44:34","date_gmt":"2025-03-24T17:44:34","guid":{"rendered":"https:\/\/latimpacto.org\/porimpacto\/?page_id=1488"},"modified":"2025-05-06T19:59:51","modified_gmt":"2025-05-06T19:59:51","slug":"region-plateada","status":"publish","type":"page","link":"https:\/\/latimpacto.org\/en\/region-plateada\/","title":{"rendered":"Silver Region"},"content":{"rendered":"<div data-elementor-type=\"wp-page\" data-elementor-id=\"1488\" class=\"elementor elementor-1488\" data-elementor-settings=\"{&quot;element_pack_global_tooltip_width&quot;:{&quot;unit&quot;:&quot;px&quot;,&quot;size&quot;:&quot;&quot;,&quot;sizes&quot;:[]},&quot;element_pack_global_tooltip_width_tablet&quot;:{&quot;unit&quot;:&quot;px&quot;,&quot;size&quot;:&quot;&quot;,&quot;sizes&quot;:[]},&quot;element_pack_global_tooltip_width_mobile&quot;:{&quot;unit&quot;:&quot;px&quot;,&quot;size&quot;:&quot;&quot;,&quot;sizes&quot;:[]},&quot;element_pack_global_tooltip_padding&quot;:{&quot;unit&quot;:&quot;px&quot;,&quot;top&quot;:&quot;&quot;,&quot;right&quot;:&quot;&quot;,&quot;bottom&quot;:&quot;&quot;,&quot;left&quot;:&quot;&quot;,&quot;isLinked&quot;:true},&quot;element_pack_global_tooltip_padding_tablet&quot;:{&quot;unit&quot;:&quot;px&quot;,&quot;top&quot;:&quot;&quot;,&quot;right&quot;:&quot;&quot;,&quot;bottom&quot;:&quot;&quot;,&quot;left&quot;:&quot;&quot;,&quot;isLinked&quot;:true},&quot;element_pack_global_tooltip_padding_mobile&quot;:{&quot;unit&quot;:&quot;px&quot;,&quot;top&quot;:&quot;&quot;,&quot;right&quot;:&quot;&quot;,&quot;bottom&quot;:&quot;&quot;,&quot;left&quot;:&quot;&quot;,&quot;isLinked&quot;:true},&quot;element_pack_global_tooltip_border_radius&quot;:{&quot;unit&quot;:&quot;px&quot;,&quot;top&quot;:&quot;&quot;,&quot;right&quot;:&quot;&quot;,&quot;bottom&quot;:&quot;&quot;,&quot;left&quot;:&quot;&quot;,&quot;isLinked&quot;:true},&quot;element_pack_global_tooltip_border_radius_tablet&quot;:{&quot;unit&quot;:&quot;px&quot;,&quot;top&quot;:&quot;&quot;,&quot;right&quot;:&quot;&quot;,&quot;bottom&quot;:&quot;&quot;,&quot;left&quot;:&quot;&quot;,&quot;isLinked&quot;:true},&quot;element_pack_global_tooltip_border_radius_mobile&quot;:{&quot;unit&quot;:&quot;px&quot;,&quot;top&quot;:&quot;&quot;,&quot;right&quot;:&quot;&quot;,&quot;bottom&quot;:&quot;&quot;,&quot;left&quot;:&quot;&quot;,&quot;isLinked&quot;:true}}\" wpc-filter-elementor-widget=\"1\">\n\t\t\t\t<div class=\"elementor-element elementor-element-2456507 e-con-full e-flex e-con e-parent\" data-id=\"2456507\" data-element_type=\"container\" data-e-type=\"container\">\n\t\t\t\t<div class=\"elementor-element elementor-element-190ca8a elementor-widget__width-inherit elementor-widget elementor-widget-image\" data-id=\"190ca8a\" data-element_type=\"widget\" data-e-type=\"widget\" data-widget_type=\"image.default\">\n\t\t\t\t<div class=\"elementor-widget-container\">\n\t\t\t\t\t\t\t\t\t\t\t\t\t\t\t<img fetchpriority=\"high\" decoding=\"async\" width=\"2520\" height=\"1033\" src=\"http:\/\/latimpacto.org\/wp-content\/uploads\/2025\/04\/LAI_WEB_PROGRAMAS_EN_Fondo-silver.webp\" class=\"attachment-full size-full wp-image-1490\" alt=\"\" srcset=\"https:\/\/latimpacto.org\/wp-content\/uploads\/2025\/04\/LAI_WEB_PROGRAMAS_EN_Fondo-silver.webp 2520w, https:\/\/latimpacto.org\/wp-content\/uploads\/2025\/04\/LAI_WEB_PROGRAMAS_EN_Fondo-silver-300x123.webp 300w, https:\/\/latimpacto.org\/wp-content\/uploads\/2025\/04\/LAI_WEB_PROGRAMAS_EN_Fondo-silver-1024x419.webp 1024w, https:\/\/latimpacto.org\/wp-content\/uploads\/2025\/04\/LAI_WEB_PROGRAMAS_EN_Fondo-silver-768x314.webp 768w, https:\/\/latimpacto.org\/wp-content\/uploads\/2025\/04\/LAI_WEB_PROGRAMAS_EN_Fondo-silver-1536x628.webp 1536w, https:\/\/latimpacto.org\/wp-content\/uploads\/2025\/04\/LAI_WEB_PROGRAMAS_EN_Fondo-silver-2048x838.webp 2048w, https:\/\/latimpacto.org\/wp-content\/uploads\/2025\/04\/LAI_WEB_PROGRAMAS_EN_Fondo-silver-18x7.webp 18w, https:\/\/latimpacto.org\/wp-content\/uploads\/2025\/04\/LAI_WEB_PROGRAMAS_EN_Fondo-silver-650x266.webp 650w\" sizes=\"(max-width: 2520px) 100vw, 2520px\" \/>\t\t\t\t\t\t\t\t\t\t\t\t\t\t\t<\/div>\n\t\t\t\t<\/div>\n\t\t\t\t<\/div>\n\t\t<div class=\"elementor-element elementor-element-2acd3d8 e-flex e-con-boxed e-con e-parent\" data-id=\"2acd3d8\" data-element_type=\"container\" data-e-type=\"container\" data-settings=\"{&quot;background_background&quot;:&quot;classic&quot;}\">\n\t\t\t\t\t<div class=\"e-con-inner\">\n\t\t\t\t<div class=\"elementor-element elementor-element-ae49394 elementor-widget__width-initial elementor-widget elementor-widget-text-editor\" data-id=\"ae49394\" data-element_type=\"widget\" data-e-type=\"widget\" data-widget_type=\"text-editor.default\">\n\t\t\t\t<div class=\"elementor-widget-container\">\n\t\t\t\t\t\t\t\t\t<p class=\"translation-block\">The objective of <strong style=\"color: #401e5a\">Silver Region<\/strong> is to strengthen services to prevent dependency, improve long-term care and empower and train caregivers.<\/p>\t\t\t\t\t\t\t\t<\/div>\n\t\t\t\t<\/div>\n\t\t\t\t<div class=\"elementor-element elementor-element-9d9ceeb elementor-widget elementor-widget-image\" data-id=\"9d9ceeb\" data-element_type=\"widget\" data-e-type=\"widget\" data-widget_type=\"image.default\">\n\t\t\t\t<div class=\"elementor-widget-container\">\n\t\t\t\t\t\t\t\t\t\t\t\t\t\t\t<img decoding=\"async\" width=\"1000\" height=\"196\" src=\"https:\/\/latimpacto.org\/wp-content\/uploads\/2025\/03\/fondo_silver01.webp\" class=\"attachment-large size-large wp-image-1495\" alt=\"\" srcset=\"https:\/\/latimpacto.org\/wp-content\/uploads\/2025\/03\/fondo_silver01.webp 1024w, https:\/\/latimpacto.org\/wp-content\/uploads\/2025\/03\/fondo_silver01-300x59.webp 300w, https:\/\/latimpacto.org\/wp-content\/uploads\/2025\/03\/fondo_silver01-768x151.webp 768w, https:\/\/latimpacto.org\/wp-content\/uploads\/2025\/03\/fondo_silver01-650x128.webp 650w\" sizes=\"(max-width: 1000px) 100vw, 1000px\" \/>\t\t\t\t\t\t\t\t\t\t\t\t\t\t\t<\/div>\n\t\t\t\t<\/div>\n\t\t\t\t\t<\/div>\n\t\t\t\t<\/div>\n\t\t<div class=\"elementor-element elementor-element-b61a196 e-flex e-con-boxed e-con e-parent\" data-id=\"b61a196\" data-element_type=\"container\" data-e-type=\"container\">\n\t\t\t\t\t<div class=\"e-con-inner\">\n\t\t<div class=\"elementor-element elementor-element-455f1cf e-con-full e-flex e-con e-child\" data-id=\"455f1cf\" data-element_type=\"container\" data-e-type=\"container\">\n\t\t\t\t<div class=\"elementor-element elementor-element-5e05908 elementor-widget elementor-widget-heading\" data-id=\"5e05908\" data-element_type=\"widget\" data-e-type=\"widget\" data-widget_type=\"heading.default\">\n\t\t\t\t<div class=\"elementor-widget-container\">\n\t\t\t\t\t<p class=\"elementor-heading-title elementor-size-default\">01<\/p>\t\t\t\t<\/div>\n\t\t\t\t<\/div>\n\t\t\t\t<div class=\"elementor-element elementor-element-6be696b elementor-widget elementor-widget-text-editor\" data-id=\"6be696b\" data-element_type=\"widget\" data-e-type=\"widget\" data-widget_type=\"text-editor.default\">\n\t\t\t\t<div class=\"elementor-widget-container\">\n\t\t\t\t\t\t\t\t\t<p class=\"translation-block\">Generation of<br>knowledge about<br>the current state of the<br>ecosystem.<\/p>\t\t\t\t\t\t\t\t<\/div>\n\t\t\t\t<\/div>\n\t\t\t\t<\/div>\n\t\t<div class=\"elementor-element elementor-element-dd50b8c e-con-full e-flex e-con e-child\" data-id=\"dd50b8c\" data-element_type=\"container\" data-e-type=\"container\">\n\t\t\t\t<div class=\"elementor-element elementor-element-2dd64eb elementor-widget elementor-widget-heading\" data-id=\"2dd64eb\" data-element_type=\"widget\" data-e-type=\"widget\" data-widget_type=\"heading.default\">\n\t\t\t\t<div class=\"elementor-widget-container\">\n\t\t\t\t\t<p class=\"elementor-heading-title elementor-size-default\">02<\/p>\t\t\t\t<\/div>\n\t\t\t\t<\/div>\n\t\t\t\t<div class=\"elementor-element elementor-element-7be7b31 elementor-widget elementor-widget-text-editor\" data-id=\"7be7b31\" data-element_type=\"widget\" data-e-type=\"widget\" data-widget_type=\"text-editor.default\">\n\t\t\t\t<div class=\"elementor-widget-container\">\n\t\t\t\t\t\t\t\t\t<p class=\"translation-block\">Building business <br>capabilities.<\/p>\t\t\t\t\t\t\t\t<\/div>\n\t\t\t\t<\/div>\n\t\t\t\t<\/div>\n\t\t<div class=\"elementor-element elementor-element-f6eec10 e-con-full e-flex e-con e-child\" data-id=\"f6eec10\" data-element_type=\"container\" data-e-type=\"container\">\n\t\t\t\t<div class=\"elementor-element elementor-element-282a19a elementor-widget elementor-widget-heading\" data-id=\"282a19a\" data-element_type=\"widget\" data-e-type=\"widget\" data-widget_type=\"heading.default\">\n\t\t\t\t<div class=\"elementor-widget-container\">\n\t\t\t\t\t<p class=\"elementor-heading-title elementor-size-default\">03<\/p>\t\t\t\t<\/div>\n\t\t\t\t<\/div>\n\t\t\t\t<div class=\"elementor-element elementor-element-5993ab0 elementor-widget elementor-widget-text-editor\" data-id=\"5993ab0\" data-element_type=\"widget\" data-e-type=\"widget\" data-widget_type=\"text-editor.default\">\n\t\t\t\t<div class=\"elementor-widget-container\">\n\t\t\t\t\t\t\t\t\t<p class=\"translation-block\">Financing for companies <br>with the greatest potential <br>for impact.<\/p>\t\t\t\t\t\t\t\t<\/div>\n\t\t\t\t<\/div>\n\t\t\t\t<\/div>\n\t\t\t\t\t<\/div>\n\t\t\t\t<\/div>\n\t\t<div class=\"elementor-element elementor-element-7ef1147 e-flex e-con-boxed e-con e-parent\" data-id=\"7ef1147\" data-element_type=\"container\" data-e-type=\"container\" data-settings=\"{&quot;background_background&quot;:&quot;gradient&quot;}\">\n\t\t\t\t\t<div class=\"e-con-inner\">\n\t\t<div class=\"elementor-element elementor-element-e4795ee e-con-full e-flex e-con e-child\" data-id=\"e4795ee\" data-element_type=\"container\" data-e-type=\"container\">\n\t\t\t\t<div class=\"elementor-element elementor-element-afa535d elementor-widget elementor-widget-heading\" data-id=\"afa535d\" data-element_type=\"widget\" data-e-type=\"widget\" data-widget_type=\"heading.default\">\n\t\t\t\t<div class=\"elementor-widget-container\">\n\t\t\t\t\t<p class=\"elementor-heading-title elementor-size-default\">Phases of the call for proposals<\/p>\t\t\t\t<\/div>\n\t\t\t\t<\/div>\n\t\t\t\t<div class=\"elementor-element elementor-element-1b16911 elementor-widget elementor-widget-image\" data-id=\"1b16911\" data-element_type=\"widget\" data-e-type=\"widget\" data-widget_type=\"image.default\">\n\t\t\t\t<div class=\"elementor-widget-container\">\n\t\t\t\t\t\t\t\t\t\t\t\t\t\t\t<img decoding=\"async\" width=\"1000\" height=\"342\" src=\"https:\/\/latimpacto.org\/wp-content\/uploads\/2025\/05\/fondo_silver_convocatoria_en.webp\" class=\"attachment-large size-large wp-image-1503\" alt=\"\" srcset=\"https:\/\/latimpacto.org\/wp-content\/uploads\/2025\/05\/fondo_silver_convocatoria_en.webp 1024w, https:\/\/latimpacto.org\/wp-content\/uploads\/2025\/05\/fondo_silver_convocatoria_en-300x103.webp 300w, https:\/\/latimpacto.org\/wp-content\/uploads\/2025\/05\/fondo_silver_convocatoria_en-768x263.webp 768w, https:\/\/latimpacto.org\/wp-content\/uploads\/2025\/05\/fondo_silver_convocatoria_en-18x6.webp 18w, https:\/\/latimpacto.org\/wp-content\/uploads\/2025\/05\/fondo_silver_convocatoria_en-650x222.webp 650w\" sizes=\"(max-width: 1000px) 100vw, 1000px\" \/>\t\t\t\t\t\t\t\t\t\t\t\t\t\t\t<\/div>\n\t\t\t\t<\/div>\n\t\t\t\t<\/div>\n\t\t\t\t\t<\/div>\n\t\t\t\t<\/div>\n\t\t<div class=\"elementor-element elementor-element-6c7af9f e-flex e-con-boxed e-con e-parent\" data-id=\"6c7af9f\" data-element_type=\"container\" data-e-type=\"container\">\n\t\t\t\t\t<div class=\"e-con-inner\">\n\t\t<div class=\"elementor-element elementor-element-f8ffcd4 e-con-full e-flex e-con e-child\" data-id=\"f8ffcd4\" data-element_type=\"container\" data-e-type=\"container\">\n\t\t\t\t<div class=\"elementor-element elementor-element-ec807f2 elementor-widget elementor-widget-heading\" data-id=\"ec807f2\" data-element_type=\"widget\" data-e-type=\"widget\" data-widget_type=\"heading.default\">\n\t\t\t\t<div class=\"elementor-widget-container\">\n\t\t\t\t\t<p class=\"elementor-heading-title elementor-size-default\">Subjects of application<\/p>\t\t\t\t<\/div>\n\t\t\t\t<\/div>\n\t\t\t\t<\/div>\n\t\t<div class=\"elementor-element elementor-element-7efad30 e-con-full e-flex e-con e-child\" data-id=\"7efad30\" data-element_type=\"container\" data-e-type=\"container\">\n\t\t\t\t<div class=\"elementor-element elementor-element-b039d73 elementor-widget elementor-widget-image\" data-id=\"b039d73\" data-element_type=\"widget\" data-e-type=\"widget\" data-widget_type=\"image.default\">\n\t\t\t\t<div class=\"elementor-widget-container\">\n\t\t\t\t\t\t\t\t\t\t\t\t\t\t\t<img loading=\"lazy\" decoding=\"async\" width=\"972\" height=\"1024\" src=\"https:\/\/latimpacto.org\/wp-content\/uploads\/2025\/05\/fondo_silver_tematica_01_en.png\" class=\"attachment-large size-large wp-image-1508\" alt=\"\" srcset=\"https:\/\/latimpacto.org\/wp-content\/uploads\/2025\/05\/fondo_silver_tematica_01_en.png 1408w, https:\/\/latimpacto.org\/wp-content\/uploads\/2025\/05\/fondo_silver_tematica_01_en-282x300.png 282w, https:\/\/latimpacto.org\/wp-content\/uploads\/2025\/05\/fondo_silver_tematica_01_en-964x1024.png 964w, https:\/\/latimpacto.org\/wp-content\/uploads\/2025\/05\/fondo_silver_tematica_01_en-768x816.png 768w, https:\/\/latimpacto.org\/wp-content\/uploads\/2025\/05\/fondo_silver_tematica_01_en-11x12.png 11w, https:\/\/latimpacto.org\/wp-content\/uploads\/2025\/05\/fondo_silver_tematica_01_en-612x650.png 612w\" sizes=\"(max-width: 972px) 100vw, 972px\" \/>\t\t\t\t\t\t\t\t\t\t\t\t\t\t\t<\/div>\n\t\t\t\t<\/div>\n\t\t\t\t<\/div>\n\t\t<div class=\"elementor-element elementor-element-d103138 e-con-full e-flex e-con e-child\" data-id=\"d103138\" data-element_type=\"container\" data-e-type=\"container\">\n\t\t\t\t<div class=\"elementor-element elementor-element-d46d3f8 elementor-widget elementor-widget-text-editor\" data-id=\"d46d3f8\" data-element_type=\"widget\" data-e-type=\"widget\" data-widget_type=\"text-editor.default\">\n\t\t\t\t<div class=\"elementor-widget-container\">\n\t\t\t\t\t\t\t\t\t<p>Innovative services in elderly care, improving the quality and increasing the quantity of supply to meet the exponential increase in demand in the LAC region.<\/p>\t\t\t\t\t\t\t\t<\/div>\n\t\t\t\t<\/div>\n\t\t\t\t<\/div>\n\t\t<div class=\"elementor-element elementor-element-bd7e89f e-con-full e-flex e-con e-child\" data-id=\"bd7e89f\" data-element_type=\"container\" data-e-type=\"container\">\n\t\t\t\t<div class=\"elementor-element elementor-element-ac4d078 elementor-widget elementor-widget-image\" data-id=\"ac4d078\" data-element_type=\"widget\" data-e-type=\"widget\" data-widget_type=\"image.default\">\n\t\t\t\t<div class=\"elementor-widget-container\">\n\t\t\t\t\t\t\t\t\t\t\t\t\t\t\t<img loading=\"lazy\" decoding=\"async\" width=\"1000\" height=\"801\" src=\"https:\/\/latimpacto.org\/wp-content\/uploads\/2025\/05\/fondo_silver_tematica_02_en.png\" class=\"attachment-large size-large wp-image-1510\" alt=\"\" srcset=\"https:\/\/latimpacto.org\/wp-content\/uploads\/2025\/05\/fondo_silver_tematica_02_en.png 1408w, https:\/\/latimpacto.org\/wp-content\/uploads\/2025\/05\/fondo_silver_tematica_02_en-300x240.png 300w, https:\/\/latimpacto.org\/wp-content\/uploads\/2025\/05\/fondo_silver_tematica_02_en-1024x820.png 1024w, https:\/\/latimpacto.org\/wp-content\/uploads\/2025\/05\/fondo_silver_tematica_02_en-768x615.png 768w, https:\/\/latimpacto.org\/wp-content\/uploads\/2025\/05\/fondo_silver_tematica_02_en-15x12.png 15w, https:\/\/latimpacto.org\/wp-content\/uploads\/2025\/05\/fondo_silver_tematica_02_en-650x520.png 650w\" sizes=\"(max-width: 1000px) 100vw, 1000px\" \/>\t\t\t\t\t\t\t\t\t\t\t\t\t\t\t<\/div>\n\t\t\t\t<\/div>\n\t\t\t\t<\/div>\n\t\t<div class=\"elementor-element elementor-element-e07846a e-con-full e-flex e-con e-child\" data-id=\"e07846a\" data-element_type=\"container\" data-e-type=\"container\">\n\t\t\t\t<div class=\"elementor-element elementor-element-03dce48 elementor-widget elementor-widget-text-editor\" data-id=\"03dce48\" data-element_type=\"widget\" data-e-type=\"widget\" data-widget_type=\"text-editor.default\">\n\t\t\t\t<div class=\"elementor-widget-container\">\n\t\t\t\t\t\t\t\t\t<p>Training of caregivers who represent the backbone of the quality of services provided in the sector.<\/p>\t\t\t\t\t\t\t\t<\/div>\n\t\t\t\t<\/div>\n\t\t\t\t<\/div>\n\t\t<div class=\"elementor-element elementor-element-6c0ff25 e-con-full e-flex e-con e-child\" data-id=\"6c0ff25\" data-element_type=\"container\" data-e-type=\"container\">\n\t\t\t\t<div class=\"elementor-element elementor-element-0c5556a elementor-widget elementor-widget-image\" data-id=\"0c5556a\" data-element_type=\"widget\" data-e-type=\"widget\" data-widget_type=\"image.default\">\n\t\t\t\t<div class=\"elementor-widget-container\">\n\t\t\t\t\t\t\t\t\t\t\t\t\t\t\t<img loading=\"lazy\" decoding=\"async\" width=\"968\" height=\"1024\" src=\"https:\/\/latimpacto.org\/wp-content\/uploads\/2025\/05\/fondo_silver_tematica_03_en.png\" class=\"attachment-large size-large wp-image-1511\" alt=\"\" srcset=\"https:\/\/latimpacto.org\/wp-content\/uploads\/2025\/05\/fondo_silver_tematica_03_en.png 1418w, https:\/\/latimpacto.org\/wp-content\/uploads\/2025\/05\/fondo_silver_tematica_03_en-285x300.png 285w, https:\/\/latimpacto.org\/wp-content\/uploads\/2025\/05\/fondo_silver_tematica_03_en-971x1024.png 971w, https:\/\/latimpacto.org\/wp-content\/uploads\/2025\/05\/fondo_silver_tematica_03_en-768x810.png 768w, https:\/\/latimpacto.org\/wp-content\/uploads\/2025\/05\/fondo_silver_tematica_03_en-11x12.png 11w, https:\/\/latimpacto.org\/wp-content\/uploads\/2025\/05\/fondo_silver_tematica_03_en-617x650.png 617w\" sizes=\"(max-width: 968px) 100vw, 968px\" \/>\t\t\t\t\t\t\t\t\t\t\t\t\t\t\t<\/div>\n\t\t\t\t<\/div>\n\t\t\t\t<\/div>\n\t\t<div class=\"elementor-element elementor-element-53cc4fa e-con-full e-flex e-con e-child\" data-id=\"53cc4fa\" data-element_type=\"container\" data-e-type=\"container\">\n\t\t\t\t<div class=\"elementor-element elementor-element-b1a5d60 elementor-widget elementor-widget-text-editor\" data-id=\"b1a5d60\" data-element_type=\"widget\" data-e-type=\"widget\" data-widget_type=\"text-editor.default\">\n\t\t\t\t<div class=\"elementor-widget-container\">\n\t\t\t\t\t\t\t\t\t<p>Prevention of functional dependence (physical and cognitive) and promotion of autonomy in the elderly (over 60 years of age) to extend the duration of healthy life and to enable people with dependence to maintain a level of functional capacity compatible with their basic rights, fundamental freedoms and human dignity.<\/p>\t\t\t\t\t\t\t\t<\/div>\n\t\t\t\t<\/div>\n\t\t\t\t<\/div>\n\t\t<div class=\"elementor-element elementor-element-1599fe3 e-con-full e-flex e-con e-child\" data-id=\"1599fe3\" data-element_type=\"container\" data-e-type=\"container\">\n\t\t\t\t<div class=\"elementor-element elementor-element-f7d1c29 elementor-align-center elementor-widget elementor-widget-button\" data-id=\"f7d1c29\" data-element_type=\"widget\" data-e-type=\"widget\" data-widget_type=\"button.default\">\n\t\t\t\t<div class=\"elementor-widget-container\">\n\t\t\t\t\t\t\t\t\t<div class=\"elementor-button-wrapper\">\n\t\t\t\t\t<a class=\"elementor-button elementor-button-link elementor-size-sm\" href=\"https:\/\/survey.alchemer.com\/s3\/7917806\/Region-Plateada\">\n\t\t\t\t\t\t<span class=\"elementor-button-content-wrapper\">\n\t\t\t\t\t\t\t\t\t<span class=\"elementor-button-text\">Post your initiative here!<\/span>\n\t\t\t\t\t<\/span>\n\t\t\t\t\t<\/a>\n\t\t\t\t<\/div>\n\t\t\t\t\t\t\t\t<\/div>\n\t\t\t\t<\/div>\n\t\t\t\t<div class=\"elementor-element elementor-element-9769393 elementor-widget elementor-widget-image\" data-id=\"9769393\" data-element_type=\"widget\" data-e-type=\"widget\" data-widget_type=\"image.default\">\n\t\t\t\t<div class=\"elementor-widget-container\">\n\t\t\t\t\t\t\t\t\t\t\t\t\t\t\t<img loading=\"lazy\" decoding=\"async\" width=\"1000\" height=\"244\" src=\"https:\/\/latimpacto.org\/wp-content\/uploads\/2025\/05\/fondo_silver_resultados_en.webp\" class=\"attachment-large size-large wp-image-1518\" alt=\"\" srcset=\"https:\/\/latimpacto.org\/wp-content\/uploads\/2025\/05\/fondo_silver_resultados_en.webp 1024w, https:\/\/latimpacto.org\/wp-content\/uploads\/2025\/05\/fondo_silver_resultados_en-300x73.webp 300w, https:\/\/latimpacto.org\/wp-content\/uploads\/2025\/05\/fondo_silver_resultados_en-768x188.webp 768w, https:\/\/latimpacto.org\/wp-content\/uploads\/2025\/05\/fondo_silver_resultados_en-18x4.webp 18w, https:\/\/latimpacto.org\/wp-content\/uploads\/2025\/05\/fondo_silver_resultados_en-650x159.webp 650w\" sizes=\"(max-width: 1000px) 100vw, 1000px\" \/>\t\t\t\t\t\t\t\t\t\t\t\t\t\t\t<\/div>\n\t\t\t\t<\/div>\n\t\t\t\t<\/div>\n\t\t\t\t\t<\/div>\n\t\t\t\t<\/div>\n\t\t<div class=\"elementor-element elementor-element-811c95c e-flex e-con-boxed e-con e-parent\" data-id=\"811c95c\" data-element_type=\"container\" data-e-type=\"container\" data-settings=\"{&quot;background_background&quot;:&quot;classic&quot;}\">\n\t\t\t\t\t<div class=\"e-con-inner\">\n\t\t\t\t<div class=\"elementor-element elementor-element-7d194b2 elementor-widget elementor-widget-text-editor\" data-id=\"7d194b2\" data-element_type=\"widget\" data-e-type=\"widget\" data-widget_type=\"text-editor.default\">\n\t\t\t\t<div class=\"elementor-widget-container\">\n\t\t\t\t\t\t\t\t\t<p>If you are interested in the silver economy sector you can write to:<\/p>\t\t\t\t\t\t\t\t<\/div>\n\t\t\t\t<\/div>\n\t\t\t\t<div data-ep-wrapper-link=\"{&quot;url&quot;:&quot;mailto:regionplateada@faes.org.co&quot;,&quot;is_external&quot;:&quot;&quot;,&quot;nofollow&quot;:&quot;&quot;,&quot;custom_attributes&quot;:&quot;&quot;}\" style=\"cursor: pointer\" class=\"bdt-element-link elementor-element elementor-element-d999ab4 elementor-widget elementor-widget-image\" data-id=\"d999ab4\" data-element_type=\"widget\" data-e-type=\"widget\" data-widget_type=\"image.default\">\n\t\t\t\t<div class=\"elementor-widget-container\">\n\t\t\t\t\t\t\t\t\t\t\t\t\t\t\t<img loading=\"lazy\" decoding=\"async\" width=\"300\" height=\"46\" src=\"https:\/\/latimpacto.org\/wp-content\/uploads\/2025\/03\/fondo_silver_email-300x46.png\" class=\"attachment-medium size-medium wp-image-1522\" alt=\"\" srcset=\"https:\/\/latimpacto.org\/wp-content\/uploads\/2025\/03\/fondo_silver_email-300x46.png 300w, https:\/\/latimpacto.org\/wp-content\/uploads\/2025\/03\/fondo_silver_email-650x100.png 650w, https:\/\/latimpacto.org\/wp-content\/uploads\/2025\/03\/fondo_silver_email.png 768w\" sizes=\"(max-width: 300px) 100vw, 300px\" \/>\t\t\t\t\t\t\t\t\t\t\t\t\t\t\t<\/div>\n\t\t\t\t<\/div>\n\t\t\t\t\t<\/div>\n\t\t\t\t<\/div>\n\t\t\t\t<\/div>","protected":false},"excerpt":{"rendered":"<p>El objetivo de Regi\u00f3n Plateada es reforzar los servicios de prevenci\u00f3n a la dependencia, mejorar los cuidados de larga duraci\u00f3n y empoderar [&hellip;]<\/p>\n","protected":false},"author":1,"featured_media":0,"parent":0,"menu_order":0,"comment_status":"closed","ping_status":"closed","template":"","meta":{"_acf_changed":false,"footnotes":""},"class_list":["post-1488","page","type-page","status-publish","hentry"],"acf":[],"_links":{"self":[{"href":"https:\/\/latimpacto.org\/en\/wp-json\/wp\/v2\/pages\/1488","targetHints":{"allow":["GET"]}}],"collection":[{"href":"https:\/\/latimpacto.org\/en\/wp-json\/wp\/v2\/pages"}],"about":[{"href":"https:\/\/latimpacto.org\/en\/wp-json\/wp\/v2\/types\/page"}],"author":[{"embeddable":true,"href":"https:\/\/latimpacto.org\/en\/wp-json\/wp\/v2\/users\/1"}],"replies":[{"embeddable":true,"href":"https:\/\/latimpacto.org\/en\/wp-json\/wp\/v2\/comments?post=1488"}],"version-history":[{"count":34,"href":"https:\/\/latimpacto.org\/en\/wp-json\/wp\/v2\/pages\/1488\/revisions"}],"predecessor-version":[{"id":16076,"href":"https:\/\/latimpacto.org\/en\/wp-json\/wp\/v2\/pages\/1488\/revisions\/16076"}],"wp:attachment":[{"href":"https:\/\/latimpacto.org\/en\/wp-json\/wp\/v2\/media?parent=1488"}],"curies":[{"name":"wp","href":"https:\/\/api.w.org\/{rel}","templated":true}]}}