{"id":1733,"date":"2025-03-25T16:41:47","date_gmt":"2025-03-25T16:41:47","guid":{"rendered":"https:\/\/latimpacto.org\/porimpacto\/?page_id=1733"},"modified":"2025-12-26T17:40:05","modified_gmt":"2025-12-26T17:40:05","slug":"newsletter","status":"publish","type":"page","link":"https:\/\/latimpacto.org\/en\/newsletter\/","title":{"rendered":"Newsletter"},"content":{"rendered":"<div data-elementor-type=\"wp-page\" data-elementor-id=\"1733\" class=\"elementor elementor-1733\" data-elementor-settings=\"{&quot;element_pack_global_tooltip_width&quot;:{&quot;unit&quot;:&quot;px&quot;,&quot;size&quot;:&quot;&quot;,&quot;sizes&quot;:[]},&quot;element_pack_global_tooltip_width_tablet&quot;:{&quot;unit&quot;:&quot;px&quot;,&quot;size&quot;:&quot;&quot;,&quot;sizes&quot;:[]},&quot;element_pack_global_tooltip_width_mobile&quot;:{&quot;unit&quot;:&quot;px&quot;,&quot;size&quot;:&quot;&quot;,&quot;sizes&quot;:[]},&quot;element_pack_global_tooltip_padding&quot;:{&quot;unit&quot;:&quot;px&quot;,&quot;top&quot;:&quot;&quot;,&quot;right&quot;:&quot;&quot;,&quot;bottom&quot;:&quot;&quot;,&quot;left&quot;:&quot;&quot;,&quot;isLinked&quot;:true},&quot;element_pack_global_tooltip_padding_tablet&quot;:{&quot;unit&quot;:&quot;px&quot;,&quot;top&quot;:&quot;&quot;,&quot;right&quot;:&quot;&quot;,&quot;bottom&quot;:&quot;&quot;,&quot;left&quot;:&quot;&quot;,&quot;isLinked&quot;:true},&quot;element_pack_global_tooltip_padding_mobile&quot;:{&quot;unit&quot;:&quot;px&quot;,&quot;top&quot;:&quot;&quot;,&quot;right&quot;:&quot;&quot;,&quot;bottom&quot;:&quot;&quot;,&quot;left&quot;:&quot;&quot;,&quot;isLinked&quot;:true},&quot;element_pack_global_tooltip_border_radius&quot;:{&quot;unit&quot;:&quot;px&quot;,&quot;top&quot;:&quot;&quot;,&quot;right&quot;:&quot;&quot;,&quot;bottom&quot;:&quot;&quot;,&quot;left&quot;:&quot;&quot;,&quot;isLinked&quot;:true},&quot;element_pack_global_tooltip_border_radius_tablet&quot;:{&quot;unit&quot;:&quot;px&quot;,&quot;top&quot;:&quot;&quot;,&quot;right&quot;:&quot;&quot;,&quot;bottom&quot;:&quot;&quot;,&quot;left&quot;:&quot;&quot;,&quot;isLinked&quot;:true},&quot;element_pack_global_tooltip_border_radius_mobile&quot;:{&quot;unit&quot;:&quot;px&quot;,&quot;top&quot;:&quot;&quot;,&quot;right&quot;:&quot;&quot;,&quot;bottom&quot;:&quot;&quot;,&quot;left&quot;:&quot;&quot;,&quot;isLinked&quot;:true}}\" wpc-filter-elementor-widget=\"1\">\n\t\t\t\t<div class=\"elementor-element elementor-element-2456507 e-con-full e-flex e-con e-parent\" data-id=\"2456507\" data-element_type=\"container\" data-e-type=\"container\" data-settings=\"{&quot;background_background&quot;:&quot;classic&quot;}\">\n\t\t<div class=\"elementor-element elementor-element-ebf7e6b e-flex e-con-boxed e-con e-child\" data-id=\"ebf7e6b\" data-element_type=\"container\" data-e-type=\"container\">\n\t\t\t\t\t<div class=\"e-con-inner\">\n\t\t\t\t<div class=\"elementor-element elementor-element-c9eeee0 elementor-widget elementor-widget-heading\" data-id=\"c9eeee0\" data-element_type=\"widget\" data-e-type=\"widget\" data-widget_type=\"heading.default\">\n\t\t\t\t<div class=\"elementor-widget-container\">\n\t\t\t\t\t<h2 class=\"elementor-heading-title elementor-size-default\">Newsletter<\/h2>\t\t\t\t<\/div>\n\t\t\t\t<\/div>\n\t\t\t\t<div class=\"elementor-element elementor-element-1df1539 elementor-widget elementor-widget-text-editor\" data-id=\"1df1539\" data-element_type=\"widget\" data-e-type=\"widget\" data-widget_type=\"text-editor.default\">\n\t\t\t\t<div class=\"elementor-widget-container\">\n\t\t\t\t\t\t\t\t\t<p>Here you will find the most relevant events happening month by month in our community. Browse through the experiences of our members, to understand where the impact ecosystem is moving.<\/p>\t\t\t\t\t\t\t\t<\/div>\n\t\t\t\t<\/div>\n\t\t\t\t\t<\/div>\n\t\t\t\t<\/div>\n\t\t\t\t<\/div>\n\t\t<div class=\"elementor-element elementor-element-2acd3d8 e-flex e-con-boxed e-con e-parent\" data-id=\"2acd3d8\" data-element_type=\"container\" data-e-type=\"container\" data-settings=\"{&quot;background_background&quot;:&quot;classic&quot;}\">\n\t\t\t\t\t<div class=\"e-con-inner\">\n\t\t\t\t<div class=\"elementor-element elementor-element-464b89a e-n-tabs-mobile elementor-widget elementor-widget-n-tabs\" data-id=\"464b89a\" data-element_type=\"widget\" data-e-type=\"widget\" data-settings=\"{&quot;tabs_justify_horizontal&quot;:&quot;start&quot;,&quot;horizontal_scroll&quot;:&quot;disable&quot;}\" data-widget_type=\"nested-tabs.default\">\n\t\t\t\t<div class=\"elementor-widget-container\">\n\t\t\t\t\t\t\t<div class=\"e-n-tabs\" data-widget-number=\"73709722\" aria-label=\"Tabs. Open items with Enter or Space, close them with Escape and navigate with the dates.\">\n\t\t\t<div class=\"e-n-tabs-heading\" role=\"tablist\">\n\t\t\t\t\t<button id=\"e-n-tab-title-737097221\" data-tab-title-id=\"e-n-tab-title-737097221\" class=\"e-n-tab-title\" aria-selected=\"true\" data-tab-index=\"1\" role=\"tab\" tabindex=\"0\" aria-controls=\"e-n-tab-content-737097221\" style=\"--n-tabs-title-order: 1;\">\n\t\t\t\t\t\t<span class=\"e-n-tab-title-text\">\n\t\t\t\t2025\t\t\t<\/span>\n\t\t<\/button>\n\t\t\t\t<button id=\"e-n-tab-title-737097222\" data-tab-title-id=\"e-n-tab-title-737097222\" class=\"e-n-tab-title\" aria-selected=\"false\" data-tab-index=\"2\" role=\"tab\" tabindex=\"-1\" aria-controls=\"e-n-tab-content-737097222\" style=\"--n-tabs-title-order: 2;\">\n\t\t\t\t\t\t<span class=\"e-n-tab-title-text\">\n\t\t\t\t2024\t\t\t<\/span>\n\t\t<\/button>\n\t\t\t\t<button id=\"e-n-tab-title-737097223\" data-tab-title-id=\"e-n-tab-title-737097223\" class=\"e-n-tab-title\" aria-selected=\"false\" data-tab-index=\"3\" role=\"tab\" tabindex=\"-1\" aria-controls=\"e-n-tab-content-737097223\" style=\"--n-tabs-title-order: 3;\">\n\t\t\t\t\t\t<span class=\"e-n-tab-title-text\">\n\t\t\t\t2023\t\t\t<\/span>\n\t\t<\/button>\n\t\t\t\t<button id=\"e-n-tab-title-737097224\" data-tab-title-id=\"e-n-tab-title-737097224\" class=\"e-n-tab-title\" aria-selected=\"false\" data-tab-index=\"4\" role=\"tab\" tabindex=\"-1\" aria-controls=\"e-n-tab-content-737097224\" style=\"--n-tabs-title-order: 4;\">\n\t\t\t\t\t\t<span class=\"e-n-tab-title-text\">\n\t\t\t\t2022\t\t\t<\/span>\n\t\t<\/button>\n\t\t\t\t<button id=\"e-n-tab-title-737097225\" data-tab-title-id=\"e-n-tab-title-737097225\" class=\"e-n-tab-title\" aria-selected=\"false\" data-tab-index=\"5\" role=\"tab\" tabindex=\"-1\" aria-controls=\"e-n-tab-content-737097225\" style=\"--n-tabs-title-order: 5;\">\n\t\t\t\t\t\t<span class=\"e-n-tab-title-text\">\n\t\t\t\t2021\t\t\t<\/span>\n\t\t<\/button>\n\t\t\t\t\t<\/div>\n\t\t\t<div class=\"e-n-tabs-content\">\n\t\t\t\t<div id=\"e-n-tab-content-737097221\" role=\"tabpanel\" aria-labelledby=\"e-n-tab-title-737097221\" data-tab-index=\"1\" style=\"--n-tabs-title-order: 1;\" class=\"e-active elementor-element elementor-element-7235ebb e-con-full e-flex e-con e-child\" data-id=\"7235ebb\" data-element_type=\"container\" data-e-type=\"container\">\n\t\t<div class=\"elementor-element elementor-element-061da27 e-con-full e-flex e-con e-child\" data-id=\"061da27\" data-element_type=\"container\" data-e-type=\"container\">\n\t\t\t\t<div class=\"elementor-element elementor-element-3663467 elementor-widget elementor-widget-text-editor\" data-id=\"3663467\" data-element_type=\"widget\" data-e-type=\"widget\" data-widget_type=\"text-editor.default\">\n\t\t\t\t<div class=\"elementor-widget-container\">\n\t\t\t\t\t\t\t\t\t<ul><li><a href=\"https:\/\/mailchi.mp\/latimpacto\/newsletter-latimpacto-ene-eng-12839768\" target=\"_blank\" rel=\"noopener\">January<\/a><\/li><li><a href=\"https:\/\/mailchi.mp\/latimpacto\/newsletter-latimpacto-feb-eng-12842545\" target=\"_blank\" rel=\"noopener\">February<\/a><\/li><li><a href=\"https:\/\/mailchi.mp\/latimpacto\/newsletter-latimpacto-mar-eng-12845021\" target=\"_blank\" rel=\"noopener\">March<\/a><\/li><li><a href=\"https:\/\/mailchi.mp\/latimpacto\/newsletter-latimpacto-abr-eng-12866351\" target=\"_blank\" rel=\"noopener\">April<\/a><\/li><\/ul>\t\t\t\t\t\t\t\t<\/div>\n\t\t\t\t<\/div>\n\t\t\t\t<\/div>\n\t\t<div class=\"elementor-element elementor-element-944704c e-con-full e-flex e-con e-child\" data-id=\"944704c\" data-element_type=\"container\" data-e-type=\"container\">\n\t\t\t\t<div class=\"elementor-element elementor-element-9042364 elementor-widget elementor-widget-text-editor\" data-id=\"9042364\" data-element_type=\"widget\" data-e-type=\"widget\" data-widget_type=\"text-editor.default\">\n\t\t\t\t<div class=\"elementor-widget-container\">\n\t\t\t\t\t\t\t\t\t<ul>\n \t<li><a href=\"https:\/\/mailchi.mp\/latimpacto\/newsletter-latimpacto-may-es-12866597\" target=\"_blank\" rel=\"noopener\">May<\/a><\/li>\n \t<li><a href=\"https:\/\/mailchi.mp\/latimpacto\/newsletter-latimpacto-jun-eng-12866963\" target=\"_blank\" rel=\"noopener\">June<\/a><\/li>\n \t<li><a href=\"https:\/\/mailchi.mp\/latimpacto\/newsletter-latimpacto-jul-eng-12867237\" target=\"_blank\" rel=\"noopener\">July<\/a><\/li>\n \t<li><a href=\"https:\/\/mailchi.mp\/latimpacto\/newsletter-latimpacto-sept-eng-12867806\" target=\"_blank\" rel=\"noopener\">September<\/a><\/li>\n<\/ul>\t\t\t\t\t\t\t\t<\/div>\n\t\t\t\t<\/div>\n\t\t\t\t<\/div>\n\t\t<div class=\"elementor-element elementor-element-45a5273 e-con-full e-flex e-con e-child\" data-id=\"45a5273\" data-element_type=\"container\" data-e-type=\"container\">\n\t\t\t\t<div class=\"elementor-element elementor-element-c6a84cb elementor-widget elementor-widget-text-editor\" data-id=\"c6a84cb\" data-element_type=\"widget\" data-e-type=\"widget\" data-widget_type=\"text-editor.default\">\n\t\t\t\t<div class=\"elementor-widget-container\">\n\t\t\t\t\t\t\t\t\t<ul>\n \t<li><a href=\"https:\/\/mailchi.mp\/latimpacto\/newsletter-latimpacto-oct-eng-12867512\" target=\"_blank\" rel=\"noopener\">October<\/a><\/li>\n \t<li><a href=\"https:\/\/mailchi.mp\/latimpacto\/newsletter-eng-12868316\" target=\"_blank\" rel=\"noopener\">December<\/a><\/li>\n<\/ul>\n\t\t\t\t\t\t\t\t<\/div>\n\t\t\t\t<\/div>\n\t\t\t\t<\/div>\n\t\t\t\t<\/div>\n\t\t<div id=\"e-n-tab-content-737097222\" role=\"tabpanel\" aria-labelledby=\"e-n-tab-title-737097222\" data-tab-index=\"2\" style=\"--n-tabs-title-order: 2;\" class=\"elementor-element elementor-element-9f0d555 e-con-full e-flex e-con e-child\" data-id=\"9f0d555\" data-element_type=\"container\" data-e-type=\"container\">\n\t\t<div class=\"elementor-element elementor-element-65a2308 e-con-full e-flex e-con e-child\" data-id=\"65a2308\" data-element_type=\"container\" data-e-type=\"container\">\n\t\t\t\t<div class=\"elementor-element elementor-element-9726696 elementor-widget elementor-widget-text-editor\" data-id=\"9726696\" data-element_type=\"widget\" data-e-type=\"widget\" data-widget_type=\"text-editor.default\">\n\t\t\t\t<div class=\"elementor-widget-container\">\n\t\t\t\t\t\t\t\t\t<ul>\n \t<li><a href=\"https:\/\/mailchi.mp\/latimpacto\/newsletter-latimpacto-ene-es-2024\" target=\"_blank\" rel=\"noopener\">January<\/a><\/li>\n \t<li><a href=\"https:\/\/mailchi.mp\/latimpacto\/newsletter-latimpacto-ene-es-12797831\" target=\"_blank\" rel=\"noopener\">February<\/a><\/li>\n \t<li><a href=\"https:\/\/mailchi.mp\/latimpacto\/newsletter-latimpacto-mar-es-12800271\" target=\"_blank\" rel=\"noopener\">March<\/a><\/li>\n \t<li><a href=\"https:\/\/mailchi.mp\/latimpacto\/newsletter-latimpacto-abr-eng-12866351\" target=\"_blank\" rel=\"noopener\">April<\/a><\/li>\n \t\n<\/ul>\t\t\t\t\t\t\t\t<\/div>\n\t\t\t\t<\/div>\n\t\t\t\t<\/div>\n\t\t<div class=\"elementor-element elementor-element-f586b24 e-con-full e-flex e-con e-child\" data-id=\"f586b24\" data-element_type=\"container\" data-e-type=\"container\">\n\t\t\t\t<div class=\"elementor-element elementor-element-d1a46bf elementor-widget elementor-widget-text-editor\" data-id=\"d1a46bf\" data-element_type=\"widget\" data-e-type=\"widget\" data-widget_type=\"text-editor.default\">\n\t\t\t\t<div class=\"elementor-widget-container\">\n\t\t\t\t\t\t\t\t\t<ul>\n \t<li><a href=\"https:\/\/mailchi.mp\/latimpacto\/newsletter-latimpacto-may-es-12866597\" target=\"_blank\" rel=\"noopener\">May<\/a><\/li>\n \t<li><a href=\"https:\/\/mailchi.mp\/latimpacto\/newsletter-latimpacto-jun-eng-12866963\" target=\"_blank\" rel=\"noopener\">June<\/a><\/li>\n<li><a href=\"https:\/\/mailchi.mp\/latimpacto\/newsletter-latimpacto-jul-eng-12867237\" target=\"_blank\" rel=\"noopener\">July<\/a><\/li>\n \t<li><a href=\"https:\/\/mailchi.mp\/latimpacto\/newsletter-latimpacto-ago-eng-12825201\" target=\"_blank\" rel=\"noopener\">August<\/a><\/li>\n<\/ul>\t\t\t\t\t\t\t\t<\/div>\n\t\t\t\t<\/div>\n\t\t\t\t<\/div>\n\t\t<div class=\"elementor-element elementor-element-6af9da0 e-con-full e-flex e-con e-child\" data-id=\"6af9da0\" data-element_type=\"container\" data-e-type=\"container\">\n\t\t\t\t<div class=\"elementor-element elementor-element-cebde93 elementor-widget elementor-widget-text-editor\" data-id=\"cebde93\" data-element_type=\"widget\" data-e-type=\"widget\" data-widget_type=\"text-editor.default\">\n\t\t\t\t<div class=\"elementor-widget-container\">\n\t\t\t\t\t\t\t\t\t<ul>\n \t\n \t<li><a href=\"https:\/\/mailchi.mp\/latimpacto\/newsletter-latimpacto-oct-eng-12831637\" target=\"_blank\" rel=\"noopener\">October<\/a><\/li>\n \t<li><a href=\"https:\/\/mailchi.mp\/latimpacto\/newsletter-latimpacto-nov-eng-12834871\" target=\"_blank\" rel=\"noopener\">November<\/a><\/li>\n \t<li><a href=\"https:\/\/mailchi.mp\/latimpacto\/newsletter-latimpacto-dic-eng-12835694\" target=\"_blank\" rel=\"noopener\">December<\/a><\/li>\n<\/ul>\t\t\t\t\t\t\t\t<\/div>\n\t\t\t\t<\/div>\n\t\t\t\t<\/div>\n\t\t\t\t<\/div>\n\t\t<div id=\"e-n-tab-content-737097223\" role=\"tabpanel\" aria-labelledby=\"e-n-tab-title-737097223\" data-tab-index=\"3\" style=\"--n-tabs-title-order: 3;\" class=\"elementor-element elementor-element-bf07c8a e-con-full e-flex e-con e-child\" data-id=\"bf07c8a\" data-element_type=\"container\" data-e-type=\"container\">\n\t\t<div class=\"elementor-element elementor-element-137ea9c e-con-full e-flex e-con e-child\" data-id=\"137ea9c\" data-element_type=\"container\" data-e-type=\"container\">\n\t\t\t\t<div class=\"elementor-element elementor-element-e8f01da elementor-widget elementor-widget-text-editor\" data-id=\"e8f01da\" data-element_type=\"widget\" data-e-type=\"widget\" data-widget_type=\"text-editor.default\">\n\t\t\t\t<div class=\"elementor-widget-container\">\n\t\t\t\t\t\t\t\t\t<ul>\n \t<li><a href=\"https:\/\/mailchi.mp\/4d55124b05ef\/oup9cii64i\" target=\"_blank\" rel=\"noopener\">January<\/a><\/li>\n \t<li><a href=\"https:\/\/mailchi.mp\/latimpacto\/newsletter-latimpacto-ene-es-12797831\" target=\"_blank\" rel=\"noopener\">February<\/a><\/li>\n \t<li><a href=\"https:\/\/mailchi.mp\/358828900cb5\/oup9cii64i-11464796\" target=\"_blank\" rel=\"noopener\">March<\/a><\/li>\n \t\n<\/ul>\t\t\t\t\t\t\t\t<\/div>\n\t\t\t\t<\/div>\n\t\t\t\t<\/div>\n\t\t<div class=\"elementor-element elementor-element-f5fbaf2 e-con-full e-flex e-con e-child\" data-id=\"f5fbaf2\" data-element_type=\"container\" data-e-type=\"container\">\n\t\t\t\t<div class=\"elementor-element elementor-element-af19d65 elementor-widget elementor-widget-text-editor\" data-id=\"af19d65\" data-element_type=\"widget\" data-e-type=\"widget\" data-widget_type=\"text-editor.default\">\n\t\t\t\t<div class=\"elementor-widget-container\">\n\t\t\t\t\t\t\t\t\t<ul>\n \t<li><a href=\"https:\/\/mailchi.mp\/7cae5e9942df\/oup9cii64i-11468996\" target=\"_blank\" rel=\"noopener\">April<\/a><\/li>\n<li><a href=\"https:\/\/mailchi.mp\/latimpacto\/newsletter-latimpacto-may-es-12866597\" target=\"_blank\" rel=\"noopener\">May<\/a><\/li>\n \t<li><a href=\"https:\/\/mailchi.mp\/latimpacto\/newsletter-latimpacto-jun-eng-12866963\" target=\"_blank\" rel=\"noopener\">June<\/a><\/li>\n<\/ul>\t\t\t\t\t\t\t\t<\/div>\n\t\t\t\t<\/div>\n\t\t\t\t<\/div>\n\t\t<div class=\"elementor-element elementor-element-263b6c8 e-con-full e-flex e-con e-child\" data-id=\"263b6c8\" data-element_type=\"container\" data-e-type=\"container\">\n\t\t\t\t<div class=\"elementor-element elementor-element-fa48e75 elementor-widget elementor-widget-text-editor\" data-id=\"fa48e75\" data-element_type=\"widget\" data-e-type=\"widget\" data-widget_type=\"text-editor.default\">\n\t\t\t\t<div class=\"elementor-widget-container\">\n\t\t\t\t\t\t\t\t\t<ul>\n \t\n \t<li><a href=\"https:\/\/mailchi.mp\/latimpacto\/newsletter-latimpacto-jul-eng-12867237\" target=\"_blank\" rel=\"noopener\">July<\/a><\/li>\n \t<li><a href=\"https:\/\/mailchi.mp\/latimpacto\/newsletter-latimpacto-agosto\" target=\"_blank\" rel=\"noopener\">August<\/a><\/li>\n<\/ul>\t\t\t\t\t\t\t\t<\/div>\n\t\t\t\t<\/div>\n\t\t\t\t<\/div>\n\t\t\t\t<\/div>\n\t\t<div id=\"e-n-tab-content-737097224\" role=\"tabpanel\" aria-labelledby=\"e-n-tab-title-737097224\" data-tab-index=\"4\" style=\"--n-tabs-title-order: 4;\" class=\"elementor-element elementor-element-6960ef7 e-flex e-con-boxed e-con e-child\" data-id=\"6960ef7\" data-element_type=\"container\" data-e-type=\"container\">\n\t\t\t\t\t<div class=\"e-con-inner\">\n\t\t<div class=\"elementor-element elementor-element-0f801ac e-con-full e-flex e-con e-child\" data-id=\"0f801ac\" data-element_type=\"container\" data-e-type=\"container\">\n\t\t\t\t<div class=\"elementor-element elementor-element-15d2b8e elementor-widget elementor-widget-text-editor\" data-id=\"15d2b8e\" data-element_type=\"widget\" data-e-type=\"widget\" data-widget_type=\"text-editor.default\">\n\t\t\t\t<div class=\"elementor-widget-container\">\n\t\t\t\t\t\t\t\t\t<ul>\n \t<li><a href=\"https:\/\/mailchi.mp\/6b223388714c\/newsletter-agosto-11351943\" target=\"_blank\" rel=\"noopener\">February<\/a><\/li>\n \t<li><a href=\"https:\/\/mailchi.mp\/latimpacto\/newsletter-latimpacto-mar-es-12800271\" target=\"_blank\" rel=\"noopener\">March<\/a><\/li>\n \t<li><a href=\"https:\/\/mailchi.mp\/latimpacto\/newsletter-latimpacto-abr-eng-12866351\" target=\"_blank\" rel=\"noopener\">April<\/a><\/li>\n \t<li><a href=\"https:\/\/mailchi.mp\/latimpacto\/newsletter-latimpacto-may-es-12866597\" target=\"_blank\" rel=\"noopener\">May<\/a><\/li>\n \t\n<\/ul>\t\t\t\t\t\t\t\t<\/div>\n\t\t\t\t<\/div>\n\t\t\t\t<\/div>\n\t\t<div class=\"elementor-element elementor-element-4284e10 e-con-full e-flex e-con e-child\" data-id=\"4284e10\" data-element_type=\"container\" data-e-type=\"container\">\n\t\t\t\t<div class=\"elementor-element elementor-element-92d6a5b elementor-widget elementor-widget-text-editor\" data-id=\"92d6a5b\" data-element_type=\"widget\" data-e-type=\"widget\" data-widget_type=\"text-editor.default\">\n\t\t\t\t<div class=\"elementor-widget-container\">\n\t\t\t\t\t\t\t\t\t<ul>\n \t<li><a href=\"https:\/\/mailchi.mp\/latimpacto\/newsletter-latimpacto-jun-eng-12866963\" target=\"_blank\" rel=\"noopener\">June<\/a><\/li>\n \t<li><a href=\"https:\/\/mailchi.mp\/16dd628ec456\/newsletter-november-11425915\" target=\"_blank\" rel=\"noopener\">July<\/a><\/li>\n<li><a href=\"https:\/\/sh1.sendinblue.com\/vl7s3n0xxpfe.html?t=1661869941\" target=\"_blank\" rel=\"noopener\">August<\/a><\/li>\n \t<li><a href=\"https:\/\/sh1.sendinblue.com\/acosdfn0xxpfe.html?t=1663952542\" target=\"_blank\" rel=\"noopener\">September<\/a><\/li>\n<\/ul>\t\t\t\t\t\t\t\t<\/div>\n\t\t\t\t<\/div>\n\t\t\t\t<\/div>\n\t\t<div class=\"elementor-element elementor-element-8d66371 e-con-full e-flex e-con e-child\" data-id=\"8d66371\" data-element_type=\"container\" data-e-type=\"container\">\n\t\t\t\t<div class=\"elementor-element elementor-element-e16709b elementor-widget elementor-widget-text-editor\" data-id=\"e16709b\" data-element_type=\"widget\" data-e-type=\"widget\" data-widget_type=\"text-editor.default\">\n\t\t\t\t<div class=\"elementor-widget-container\">\n\t\t\t\t\t\t\t\t\t<ul>\n \t\n \t<li><a href=\"https:\/\/mailchi.mp\/latimpacto\/newsletter-latimpacto-oct-eng-12831637\" target=\"_blank\" rel=\"noopener\">October<\/a><\/li>\n \t<li><a href=\"https:\/\/mailchi.mp\/latimpacto\/newsletter-latimpacto-nov-eng-12834871\" target=\"_blank\" rel=\"noopener\">November<\/a><\/li>\n \t<li><a href=\"https:\/\/mailchi.mp\/latimpacto\/newsletter-latimpacto-dic-eng-12835694\" target=\"_blank\" rel=\"noopener\">December<\/a><\/li>\n<\/ul>\t\t\t\t\t\t\t\t<\/div>\n\t\t\t\t<\/div>\n\t\t\t\t<\/div>\n\t\t\t\t\t<\/div>\n\t\t\t\t<\/div>\n\t\t<div id=\"e-n-tab-content-737097225\" role=\"tabpanel\" aria-labelledby=\"e-n-tab-title-737097225\" data-tab-index=\"5\" style=\"--n-tabs-title-order: 5;\" class=\"elementor-element elementor-element-d69aa31 e-flex e-con-boxed e-con e-child\" data-id=\"d69aa31\" data-element_type=\"container\" data-e-type=\"container\">\n\t\t\t\t\t<div class=\"e-con-inner\">\n\t\t<div class=\"elementor-element elementor-element-b2108ab e-con-full e-flex e-con e-child\" data-id=\"b2108ab\" data-element_type=\"container\" data-e-type=\"container\">\n\t\t\t\t<div class=\"elementor-element elementor-element-b27823b elementor-widget elementor-widget-text-editor\" data-id=\"b27823b\" data-element_type=\"widget\" data-e-type=\"widget\" data-widget_type=\"text-editor.default\">\n\t\t\t\t<div class=\"elementor-widget-container\">\n\t\t\t\t\t\t\t\t\t<ul>\n \t<li><a href=\"https:\/\/mailchi.mp\/6b223388714c\/newsletter-agosto-11351943\" target=\"_blank\" rel=\"noopener\">January<\/a><\/li>\n \t<li><a href=\"https:\/\/mailchi.mp\/576b84dcde1d\/newsletter-agosto-11353539\" target=\"_blank\" rel=\"noopener\">February<\/a><\/li>\n \t<li><a href=\"https:\/\/mailchi.mp\/60e48649ac0f\/newsletter-agosto-11362243\" target=\"_blank\" rel=\"noopener\">March<\/a><\/li>\n \t<li><a href=\"https:\/\/mailchi.mp\/513802974b17\/newsletter-november-11408419\" target=\"_blank\" rel=\"noopener\">April<\/a><\/li>\n \t\n<\/ul>\t\t\t\t\t\t\t\t<\/div>\n\t\t\t\t<\/div>\n\t\t\t\t<\/div>\n\t\t<div class=\"elementor-element elementor-element-5c923b8 e-con-full e-flex e-con e-child\" data-id=\"5c923b8\" data-element_type=\"container\" data-e-type=\"container\">\n\t\t\t\t<div class=\"elementor-element elementor-element-9910a53 elementor-widget elementor-widget-text-editor\" data-id=\"9910a53\" data-element_type=\"widget\" data-e-type=\"widget\" data-widget_type=\"text-editor.default\">\n\t\t\t\t<div class=\"elementor-widget-container\">\n\t\t\t\t\t\t\t\t\t<ul>\n \t<li><a href=\"https:\/\/mailchi.mp\/787e1db8b37c\/newsletter-november-11413839\" target=\"_blank\" rel=\"noopener\">May<\/a><\/li>\n \t<li><a href=\"https:\/\/mailchi.mp\/16dd628ec456\/newsletter-november-11425915\" target=\"_blank\" rel=\"noopener\">June<\/a><\/li>\n<li><a href=\"https:\/\/sh1.sendinblue.com\/vl7s3n0xxpfe.html?t=1661869941\" target=\"_blank\" rel=\"noopener\">July<\/a><\/li>\n \t<li><a href=\"https:\/\/sh1.sendinblue.com\/acosdfn0xxpfe.html?t=1663952542\" target=\"_blank\" rel=\"noopener\">August<\/a><\/li>\n<\/ul>\t\t\t\t\t\t\t\t<\/div>\n\t\t\t\t<\/div>\n\t\t\t\t<\/div>\n\t\t<div class=\"elementor-element elementor-element-f10b8de e-con-full e-flex e-con e-child\" data-id=\"f10b8de\" data-element_type=\"container\" data-e-type=\"container\">\n\t\t\t\t<div class=\"elementor-element elementor-element-a6a95f7 elementor-widget elementor-widget-text-editor\" data-id=\"a6a95f7\" data-element_type=\"widget\" data-e-type=\"widget\" data-widget_type=\"text-editor.default\">\n\t\t\t\t<div class=\"elementor-widget-container\">\n\t\t\t\t\t\t\t\t\t<ul>\n \t\n \t<li><a href=\"https:\/\/sh1.sendinblue.com\/act02rn0xxpfe.html?t=1667248756\" target=\"_blank\" rel=\"noopener\">September<\/a><\/li>\n \t<li><a href=\"https:\/\/mailchi.mp\/latimpacto\/newsletter-eng-12868316\" target=\"_blank\" rel=\"noopener\">October<\/a><\/li>\n \t<li><a href=\"https:\/\/mailchi.mp\/02e3e41660a5\/u603nz0go6-11449604\" target=\"_blank\" rel=\"noopener\">November<\/a><\/li>\n \t<li><a href=\"https:\/\/mailchi.mp\/02e3e41660a5\/u603nz0go6-11449604\" target=\"_blank\" rel=\"noopener\">December<\/a><\/li>\n<\/ul>\t\t\t\t\t\t\t\t<\/div>\n\t\t\t\t<\/div>\n\t\t\t\t<\/div>\n\t\t\t\t\t<\/div>\n\t\t\t\t<\/div>\n\t\t\t\t\t<\/div>\n\t\t<\/div>\n\t\t\t\t\t\t<\/div>\n\t\t\t\t<\/div>\n\t\t\t\t\t<\/div>\n\t\t\t\t<\/div>\n\t\t\t\t<\/div>","protected":false},"excerpt":{"rendered":"<p>Newsletter Aqu\u00ed encontrar\u00e1s los sucesos m\u00e1s relevantes que ocurren mes a mes en nuestra comunidad. Navega por las experiencias de nuestros miembros, [&hellip;]<\/p>\n","protected":false},"author":1,"featured_media":0,"parent":0,"menu_order":0,"comment_status":"closed","ping_status":"closed","template":"","meta":{"_acf_changed":false,"footnotes":""},"class_list":["post-1733","page","type-page","status-publish","hentry"],"acf":[],"_links":{"self":[{"href":"https:\/\/latimpacto.org\/en\/wp-json\/wp\/v2\/pages\/1733","targetHints":{"allow":["GET"]}}],"collection":[{"href":"https:\/\/latimpacto.org\/en\/wp-json\/wp\/v2\/pages"}],"about":[{"href":"https:\/\/latimpacto.org\/en\/wp-json\/wp\/v2\/types\/page"}],"author":[{"embeddable":true,"href":"https:\/\/latimpacto.org\/en\/wp-json\/wp\/v2\/users\/1"}],"replies":[{"embeddable":true,"href":"https:\/\/latimpacto.org\/en\/wp-json\/wp\/v2\/comments?post=1733"}],"version-history":[{"count":62,"href":"https:\/\/latimpacto.org\/en\/wp-json\/wp\/v2\/pages\/1733\/revisions"}],"predecessor-version":[{"id":17974,"href":"https:\/\/latimpacto.org\/en\/wp-json\/wp\/v2\/pages\/1733\/revisions\/17974"}],"wp:attachment":[{"href":"https:\/\/latimpacto.org\/en\/wp-json\/wp\/v2\/media?parent=1733"}],"curies":[{"name":"wp","href":"https:\/\/api.w.org\/{rel}","templated":true}]}}