{"id":881,"date":"2025-03-20T23:45:49","date_gmt":"2025-03-20T23:45:49","guid":{"rendered":"https:\/\/latimpacto.org\/porimpacto\/?page_id=881"},"modified":"2025-11-24T19:47:22","modified_gmt":"2025-11-24T19:47:22","slug":"programas-de-impacto","status":"publish","type":"page","link":"https:\/\/latimpacto.org\/en\/programas-de-impacto\/","title":{"rendered":"Impact programs"},"content":{"rendered":"<div data-elementor-type=\"wp-page\" data-elementor-id=\"881\" class=\"elementor elementor-881\" data-elementor-settings=\"{&quot;element_pack_global_tooltip_width&quot;:{&quot;unit&quot;:&quot;px&quot;,&quot;size&quot;:&quot;&quot;,&quot;sizes&quot;:[]},&quot;element_pack_global_tooltip_width_tablet&quot;:{&quot;unit&quot;:&quot;px&quot;,&quot;size&quot;:&quot;&quot;,&quot;sizes&quot;:[]},&quot;element_pack_global_tooltip_width_mobile&quot;:{&quot;unit&quot;:&quot;px&quot;,&quot;size&quot;:&quot;&quot;,&quot;sizes&quot;:[]},&quot;element_pack_global_tooltip_padding&quot;:{&quot;unit&quot;:&quot;px&quot;,&quot;top&quot;:&quot;&quot;,&quot;right&quot;:&quot;&quot;,&quot;bottom&quot;:&quot;&quot;,&quot;left&quot;:&quot;&quot;,&quot;isLinked&quot;:true},&quot;element_pack_global_tooltip_padding_tablet&quot;:{&quot;unit&quot;:&quot;px&quot;,&quot;top&quot;:&quot;&quot;,&quot;right&quot;:&quot;&quot;,&quot;bottom&quot;:&quot;&quot;,&quot;left&quot;:&quot;&quot;,&quot;isLinked&quot;:true},&quot;element_pack_global_tooltip_padding_mobile&quot;:{&quot;unit&quot;:&quot;px&quot;,&quot;top&quot;:&quot;&quot;,&quot;right&quot;:&quot;&quot;,&quot;bottom&quot;:&quot;&quot;,&quot;left&quot;:&quot;&quot;,&quot;isLinked&quot;:true},&quot;element_pack_global_tooltip_border_radius&quot;:{&quot;unit&quot;:&quot;px&quot;,&quot;top&quot;:&quot;&quot;,&quot;right&quot;:&quot;&quot;,&quot;bottom&quot;:&quot;&quot;,&quot;left&quot;:&quot;&quot;,&quot;isLinked&quot;:true},&quot;element_pack_global_tooltip_border_radius_tablet&quot;:{&quot;unit&quot;:&quot;px&quot;,&quot;top&quot;:&quot;&quot;,&quot;right&quot;:&quot;&quot;,&quot;bottom&quot;:&quot;&quot;,&quot;left&quot;:&quot;&quot;,&quot;isLinked&quot;:true},&quot;element_pack_global_tooltip_border_radius_mobile&quot;:{&quot;unit&quot;:&quot;px&quot;,&quot;top&quot;:&quot;&quot;,&quot;right&quot;:&quot;&quot;,&quot;bottom&quot;:&quot;&quot;,&quot;left&quot;:&quot;&quot;,&quot;isLinked&quot;:true}}\" wpc-filter-elementor-widget=\"1\">\n\t\t\t\t<div class=\"elementor-element elementor-element-83832cb e-grid e-con-full e-con e-parent\" data-id=\"83832cb\" data-element_type=\"container\" data-e-type=\"container\">\n\t\t\t\t<div class=\"elementor-element elementor-element-3dfc8ad elementor-widget elementor-widget-bdt-slideshow\" data-id=\"3dfc8ad\" data-element_type=\"widget\" data-e-type=\"widget\" data-widget_type=\"bdt-slideshow.default\">\n\t\t\t\t<div class=\"elementor-widget-container\">\n\t\t\t\t\t\t\t<div data-bdt-slideshow=\"{&quot;animation&quot;:&quot;slide&quot;,&quot;ratio&quot;:&quot;16:9&quot;,&quot;min-height&quot;:400,&quot;autoplay&quot;:true,&quot;autoplay-interval&quot;:8000,&quot;pause-on-hover&quot;:false,&quot;velocity&quot;:1}\" class=\"bdt-dots-align-bottom-center\">\n\t\t\t<div class=\"bdt-position-relative bdt-visible-toggle\">\n\n\t\t\t\t\n\t\t\t\t<ul class=\"bdt-slideshow-items\" >\n\t\t\t\t\t\n\t\t\t<li class=\"bdt-slideshow-item elementor-repeater-item-724d5fa\">\n\t\t\t\t\n\t\t\t\t\t\t\t\t\t\t\t<img decoding=\"async\" src=\"https:\/\/latimpacto.org\/wp-content\/uploads\/2025\/03\/pan-amazonia.webp\" alt=\"Programas de impacto\" class=\"bdt-cover\" data-bdt-cover=\"\">\t\t\t\t\t\n\t\t\t\t\t\n\t\t\t\t\n\t\t\t\t\t\t<div\n\t\t\tclass=\"bdt-slideshow-content-wrapper bdt-position-z-index bdt-position-center bdt-position-large bdt-text-center\">\n\t\t\t\n\t\t\t\t\t\t\t<div>\n\t\t\t\t\t<h1\t\t\t\t\t\tclass=\"bdt-slideshow-title bdt-display-inline-block\">\n\t\t\t\t\t\tFellowship<br>Pan-Amazon\t\t\t\t\t<\/h1>\n\t\t\t\t<\/div>\n\t\t\t\n\t\t\t\n\t\t\t\n\t\t\t\t\t\t\t<div><a class=\"bdt-slideshow-button bdt-display-inline-block\" href=\"#\">\n\t\t\t\t\t\tLearn more here\n\t\t\t\t\t\t\n\t\t\t\t\t<\/a><\/div>\n\t\t\t\t\t<\/div>\n\n\t\t\t\t\t<\/li>\n\n\t\t\n\t\t\t<li class=\"bdt-slideshow-item elementor-repeater-item-918b67b\">\n\t\t\t\t\n\t\t\t\t\t\t\t\t\t\t\t<img decoding=\"async\" src=\"https:\/\/latimpacto.org\/wp-content\/uploads\/2025\/03\/impacto-corporativo.webp\" alt=\"Programas de impacto\" class=\"bdt-cover\" data-bdt-cover=\"\">\t\t\t\t\t\n\t\t\t\t\t\n\t\t\t\t\n\t\t\t\t\t\t<div\n\t\t\tclass=\"bdt-slideshow-content-wrapper bdt-position-z-index bdt-position-center bdt-position-large bdt-text-center\">\n\t\t\t\n\t\t\t\t\t\t\t<div>\n\t\t\t\t\t<h1\t\t\t\t\t\tclass=\"bdt-slideshow-title bdt-display-inline-block\">\n\t\t\t\t\t\tImpact<br>Corporate\t\t\t\t\t<\/h1>\n\t\t\t\t<\/div>\n\t\t\t\n\t\t\t\n\t\t\t\n\t\t\t\t\t\t\t<div><a class=\"bdt-slideshow-button bdt-display-inline-block\" href=\"#\">\n\t\t\t\t\t\tLearn more here\n\t\t\t\t\t\t\n\t\t\t\t\t<\/a><\/div>\n\t\t\t\t\t<\/div>\n\n\t\t\t\t\t<\/li>\n\n\t\t\n\t\t\t<li class=\"bdt-slideshow-item elementor-repeater-item-a10e908\">\n\t\t\t\t\n\t\t\t\t\t\t\t\t\t\t\t<img decoding=\"async\" src=\"https:\/\/latimpacto.org\/wp-content\/uploads\/2025\/03\/impacto-cultural.webp\" alt=\"Programas de impacto\" class=\"bdt-cover\" data-bdt-cover=\"\">\t\t\t\t\t\n\t\t\t\t\t\n\t\t\t\t\n\t\t\t\t\t\t<div\n\t\t\tclass=\"bdt-slideshow-content-wrapper bdt-position-z-index bdt-position-center bdt-position-large bdt-text-center\">\n\t\t\t\n\t\t\t\t\t\t\t<div>\n\t\t\t\t\t<h1\t\t\t\t\t\tclass=\"bdt-slideshow-title bdt-display-inline-block\">\n\t\t\t\t\t\tFund<br>Culture\t\t\t\t\t<\/h1>\n\t\t\t\t<\/div>\n\t\t\t\n\t\t\t\n\t\t\t\n\t\t\t\t\t\t\t<div><a class=\"bdt-slideshow-button bdt-display-inline-block\" href=\"#\">\n\t\t\t\t\t\tLearn more here\n\t\t\t\t\t\t\n\t\t\t\t\t<\/a><\/div>\n\t\t\t\t\t<\/div>\n\n\t\t\t\t\t<\/li>\n\n\t\t\n\t\t\t<li class=\"bdt-slideshow-item elementor-repeater-item-d25765c\">\n\t\t\t\t\n\t\t\t\t\t\t\t\t\t\t\t<img decoding=\"async\" src=\"https:\/\/latimpacto.org\/wp-content\/uploads\/2025\/03\/region-plateada.webp\" alt=\"Programas de impacto\" class=\"bdt-cover\" data-bdt-cover=\"\">\t\t\t\t\t\n\t\t\t\t\t\n\t\t\t\t\n\t\t\t\t\t\t<div\n\t\t\tclass=\"bdt-slideshow-content-wrapper bdt-position-z-index bdt-position-center bdt-position-large bdt-text-center\">\n\t\t\t\n\t\t\t\t\t\t\t<div>\n\t\t\t\t\t<h1\t\t\t\t\t\tclass=\"bdt-slideshow-title bdt-display-inline-block\">\n\t\t\t\t\t\tRegion<br>Silver\t\t\t\t\t<\/h1>\n\t\t\t\t<\/div>\n\t\t\t\n\t\t\t\n\t\t\t\n\t\t\t\t\t\t\t<div><a class=\"bdt-slideshow-button bdt-display-inline-block\" href=\"#\">\n\t\t\t\t\t\tLearn more here\n\t\t\t\t\t\t\n\t\t\t\t\t<\/a><\/div>\n\t\t\t\t\t<\/div>\n\n\t\t\t\t\t<\/li>\n\n\t\t\n\t\t\t<li class=\"bdt-slideshow-item elementor-repeater-item-6f58ddf\">\n\t\t\t\t\n\t\t\t\t\t\t\t\t\t\t\t<img decoding=\"async\" src=\"https:\/\/latimpacto.org\/wp-content\/uploads\/2025\/03\/region_verde.webp\" alt=\"Programas de impacto\" class=\"bdt-cover\" data-bdt-cover=\"\">\t\t\t\t\t\n\t\t\t\t\t\n\t\t\t\t\n\t\t\t\t\t\t<div\n\t\t\tclass=\"bdt-slideshow-content-wrapper bdt-position-z-index bdt-position-center bdt-position-large bdt-text-center\">\n\t\t\t\n\t\t\t\t\t\t\t<div>\n\t\t\t\t\t<h1\t\t\t\t\t\tclass=\"bdt-slideshow-title bdt-display-inline-block\">\n\t\t\t\t\t\tGreen Fund<br>Catalytic\t\t\t\t\t<\/h1>\n\t\t\t\t<\/div>\n\t\t\t\n\t\t\t\n\t\t\t\n\t\t\t\t\t\t\t<div><a class=\"bdt-slideshow-button bdt-display-inline-block\" href=\"#\">\n\t\t\t\t\t\tLearn more here\n\t\t\t\t\t\t\n\t\t\t\t\t<\/a><\/div>\n\t\t\t\t\t<\/div>\n\n\t\t\t\t\t<\/li>\n\n\t\t\t\t\t\t<\/ul>\n\t\t\t\t\t\t\t\t\t\t\t<div class=\"bdt-position-z-index bdt-position-bottom-center\">\n\t\t\t<div class=\"bdt-dotnav-wrapper bdt-dots-container\">\n\t\t\t\t<ul class=\"bdt-dotnav bdt-flex-center\">\n\n\t\t\t\t\t<li class=\"bdt-slideshow-dotnav bdt-active\" bdt-slideshow-item=\"0\"><a href=\"#\"><\/a><\/li><li class=\"bdt-slideshow-dotnav bdt-active\" bdt-slideshow-item=\"1\"><a href=\"#\"><\/a><\/li><li class=\"bdt-slideshow-dotnav bdt-active\" bdt-slideshow-item=\"2\"><a href=\"#\"><\/a><\/li><li class=\"bdt-slideshow-dotnav bdt-active\" bdt-slideshow-item=\"3\"><a href=\"#\"><\/a><\/li><li class=\"bdt-slideshow-dotnav bdt-active\" bdt-slideshow-item=\"4\"><a href=\"#\"><\/a><\/li>\n\t\t\t\t<\/ul>\n\t\t\t<\/div>\n\t\t<\/div>\n\t\t\t\t\t\t\t\t\t<\/div>\n\t\t<\/div>\n\t\t\t\t\t\t<\/div>\n\t\t\t\t<\/div>\n\t\t<div class=\"elementor-element elementor-element-90dc218 e-flex e-con-boxed e-con e-child\" data-id=\"90dc218\" data-element_type=\"container\" data-e-type=\"container\">\n\t\t\t\t\t<div class=\"e-con-inner\">\n\t\t\t\t<div class=\"elementor-element elementor-element-9504129 elementor-widget elementor-widget-heading\" data-id=\"9504129\" data-element_type=\"widget\" data-e-type=\"widget\" data-widget_type=\"heading.default\">\n\t\t\t\t<div class=\"elementor-widget-container\">\n\t\t\t\t\t<h2 class=\"elementor-heading-title elementor-size-default translation-block\">Impact Programs<\/h2>\t\t\t\t<\/div>\n\t\t\t\t<\/div>\n\t\t\t\t<div class=\"elementor-element elementor-element-15ade39 elementor-widget elementor-widget-text-editor\" data-id=\"15ade39\" data-element_type=\"widget\" data-e-type=\"widget\" data-widget_type=\"text-editor.default\">\n\t\t\t\t<div class=\"elementor-widget-container\">\n\t\t\t\t\t\t\t\t\t<p>We promote the creation of alliances and collaborations, providing exceptional opportunities to connect, share knowledge, and mobilize resources in the field of social and environmental investment.<\/p>\t\t\t\t\t\t\t\t<\/div>\n\t\t\t\t<\/div>\n\t\t\t\t\t<\/div>\n\t\t\t\t<\/div>\n\t\t\t\t<\/div>\n\t\t<div class=\"elementor-element elementor-element-dc6236f e-flex e-con-boxed e-con e-parent\" data-id=\"dc6236f\" data-element_type=\"container\" data-e-type=\"container\">\n\t\t\t\t\t<div class=\"e-con-inner\">\n\t\t\t\t<div class=\"elementor-element elementor-element-2495b18 elementor-widget elementor-widget-text-editor\" data-id=\"2495b18\" data-element_type=\"widget\" data-e-type=\"widget\" data-widget_type=\"text-editor.default\">\n\t\t\t\t<div class=\"elementor-widget-container\">\n\t\t\t\t\t\t\t\t\tIn addition to our specific work in each program, we provide support<br>\nto our members through:\t\t\t\t\t\t\t\t<\/div>\n\t\t\t\t<\/div>\n\t\t\t\t\t<\/div>\n\t\t\t\t<\/div>\n\t\t<div class=\"elementor-element elementor-element-9d1eba7 e-grid e-con-boxed e-con e-parent\" data-id=\"9d1eba7\" data-element_type=\"container\" data-e-type=\"container\">\n\t\t\t\t\t<div class=\"e-con-inner\">\n\t\t\t\t<div class=\"elementor-element elementor-element-b5586ef elementor-widget__width-inherit elementor-widget elementor-widget-image\" data-id=\"b5586ef\" data-element_type=\"widget\" data-e-type=\"widget\" data-widget_type=\"image.default\">\n\t\t\t\t<div class=\"elementor-widget-container\">\n\t\t\t\t\t\t\t\t\t\t\t\t\t\t\t<img fetchpriority=\"high\" decoding=\"async\" width=\"561\" height=\"800\" src=\"https:\/\/latimpacto.org\/wp-content\/uploads\/2025\/03\/beneficios01-2.png\" class=\"attachment-full size-full wp-image-920\" alt=\"\" srcset=\"https:\/\/latimpacto.org\/wp-content\/uploads\/2025\/03\/beneficios01-2.png 561w, https:\/\/latimpacto.org\/wp-content\/uploads\/2025\/03\/beneficios01-2-210x300.png 210w, https:\/\/latimpacto.org\/wp-content\/uploads\/2025\/03\/beneficios01-2-456x650.png 456w\" sizes=\"(max-width: 561px) 100vw, 561px\" \/>\t\t\t\t\t\t\t\t\t\t\t\t\t\t\t<\/div>\n\t\t\t\t<\/div>\n\t\t\t\t<div class=\"elementor-element elementor-element-1bdf00e elementor-widget elementor-widget-image\" data-id=\"1bdf00e\" data-element_type=\"widget\" data-e-type=\"widget\" data-widget_type=\"image.default\">\n\t\t\t\t<div class=\"elementor-widget-container\">\n\t\t\t\t\t\t\t\t\t\t\t\t\t\t\t<img decoding=\"async\" width=\"561\" height=\"800\" src=\"https:\/\/latimpacto.org\/wp-content\/uploads\/2025\/03\/beneficios02-1.png\" class=\"attachment-large size-large wp-image-918\" alt=\"\" srcset=\"https:\/\/latimpacto.org\/wp-content\/uploads\/2025\/03\/beneficios02-1.png 561w, https:\/\/latimpacto.org\/wp-content\/uploads\/2025\/03\/beneficios02-1-210x300.png 210w, https:\/\/latimpacto.org\/wp-content\/uploads\/2025\/03\/beneficios02-1-456x650.png 456w\" sizes=\"(max-width: 561px) 100vw, 561px\" \/>\t\t\t\t\t\t\t\t\t\t\t\t\t\t\t<\/div>\n\t\t\t\t<\/div>\n\t\t\t\t<div class=\"elementor-element elementor-element-7dfaa68 elementor-widget elementor-widget-image\" data-id=\"7dfaa68\" data-element_type=\"widget\" data-e-type=\"widget\" data-widget_type=\"image.default\">\n\t\t\t\t<div class=\"elementor-widget-container\">\n\t\t\t\t\t\t\t\t\t\t\t\t\t\t\t<img decoding=\"async\" width=\"561\" height=\"800\" src=\"https:\/\/latimpacto.org\/wp-content\/uploads\/2025\/03\/beneficios03-1.png\" class=\"attachment-large size-large wp-image-919\" alt=\"\" srcset=\"https:\/\/latimpacto.org\/wp-content\/uploads\/2025\/03\/beneficios03-1.png 561w, https:\/\/latimpacto.org\/wp-content\/uploads\/2025\/03\/beneficios03-1-210x300.png 210w, https:\/\/latimpacto.org\/wp-content\/uploads\/2025\/03\/beneficios03-1-456x650.png 456w\" sizes=\"(max-width: 561px) 100vw, 561px\" \/>\t\t\t\t\t\t\t\t\t\t\t\t\t\t\t<\/div>\n\t\t\t\t<\/div>\n\t\t\t\t<div class=\"elementor-element elementor-element-b109ae3 elementor-widget elementor-widget-image\" data-id=\"b109ae3\" data-element_type=\"widget\" data-e-type=\"widget\" data-widget_type=\"image.default\">\n\t\t\t\t<div class=\"elementor-widget-container\">\n\t\t\t\t\t\t\t\t\t\t\t\t\t\t\t<img loading=\"lazy\" decoding=\"async\" width=\"561\" height=\"800\" src=\"https:\/\/latimpacto.org\/wp-content\/uploads\/2025\/03\/beneficios04.png\" class=\"attachment-large size-large wp-image-921\" alt=\"\" srcset=\"https:\/\/latimpacto.org\/wp-content\/uploads\/2025\/03\/beneficios04.png 561w, https:\/\/latimpacto.org\/wp-content\/uploads\/2025\/03\/beneficios04-210x300.png 210w, https:\/\/latimpacto.org\/wp-content\/uploads\/2025\/03\/beneficios04-456x650.png 456w\" sizes=\"(max-width: 561px) 100vw, 561px\" \/>\t\t\t\t\t\t\t\t\t\t\t\t\t\t\t<\/div>\n\t\t\t\t<\/div>\n\t\t\t\t\t<\/div>\n\t\t\t\t<\/div>\n\t\t<div class=\"elementor-element elementor-element-a33fb8d e-con-full e-flex e-con e-parent\" data-id=\"a33fb8d\" data-element_type=\"container\" data-e-type=\"container\">\n\t\t\t\t<div class=\"elementor-element elementor-element-84f7bcf elementor-widget elementor-widget-image\" data-id=\"84f7bcf\" data-element_type=\"widget\" data-e-type=\"widget\" data-widget_type=\"image.default\">\n\t\t\t\t<div class=\"elementor-widget-container\">\n\t\t\t\t\t\t\t\t\t\t\t\t\t\t\t<img loading=\"lazy\" decoding=\"async\" width=\"1536\" height=\"402\" src=\"https:\/\/latimpacto.org\/wp-content\/uploads\/2025\/03\/escribenos03-1536x402-1.webp\" class=\"attachment-full size-full wp-image-928\" alt=\"\" srcset=\"https:\/\/latimpacto.org\/wp-content\/uploads\/2025\/03\/escribenos03-1536x402-1.webp 1536w, https:\/\/latimpacto.org\/wp-content\/uploads\/2025\/03\/escribenos03-1536x402-1-300x79.webp 300w, https:\/\/latimpacto.org\/wp-content\/uploads\/2025\/03\/escribenos03-1536x402-1-1024x268.webp 1024w, https:\/\/latimpacto.org\/wp-content\/uploads\/2025\/03\/escribenos03-1536x402-1-768x201.webp 768w, https:\/\/latimpacto.org\/wp-content\/uploads\/2025\/03\/escribenos03-1536x402-1-650x170.webp 650w\" sizes=\"(max-width: 1536px) 100vw, 1536px\" \/>\t\t\t\t\t\t\t\t\t\t\t\t\t\t\t<\/div>\n\t\t\t\t<\/div>\n\t\t\t\t<\/div>\n\t\t\t\t<\/div>","protected":false},"excerpt":{"rendered":"<p>FellowshipPan-Amazon\u00eda Conoce m\u00e1s aqu\u00ed ImpactoCorporativo Conoce m\u00e1s aqu\u00ed FondoCultura Conoce m\u00e1s aqu\u00ed Regi\u00f3nPlateada Conoce m\u00e1s aqu\u00ed Fondo VerdeCatal\u00edtico Conoce m\u00e1s aqu\u00ed Programas [&hellip;]<\/p>\n","protected":false},"author":1,"featured_media":0,"parent":0,"menu_order":0,"comment_status":"closed","ping_status":"closed","template":"","meta":{"_acf_changed":false,"footnotes":""},"class_list":["post-881","page","type-page","status-publish","hentry"],"acf":[],"_links":{"self":[{"href":"https:\/\/latimpacto.org\/en\/wp-json\/wp\/v2\/pages\/881","targetHints":{"allow":["GET"]}}],"collection":[{"href":"https:\/\/latimpacto.org\/en\/wp-json\/wp\/v2\/pages"}],"about":[{"href":"https:\/\/latimpacto.org\/en\/wp-json\/wp\/v2\/types\/page"}],"author":[{"embeddable":true,"href":"https:\/\/latimpacto.org\/en\/wp-json\/wp\/v2\/users\/1"}],"replies":[{"embeddable":true,"href":"https:\/\/latimpacto.org\/en\/wp-json\/wp\/v2\/comments?post=881"}],"version-history":[{"count":58,"href":"https:\/\/latimpacto.org\/en\/wp-json\/wp\/v2\/pages\/881\/revisions"}],"predecessor-version":[{"id":17962,"href":"https:\/\/latimpacto.org\/en\/wp-json\/wp\/v2\/pages\/881\/revisions\/17962"}],"wp:attachment":[{"href":"https:\/\/latimpacto.org\/en\/wp-json\/wp\/v2\/media?parent=881"}],"curies":[{"name":"wp","href":"https:\/\/api.w.org\/{rel}","templated":true}]}}