{"id":15975,"date":"2025-04-30T21:45:16","date_gmt":"2025-04-30T21:45:16","guid":{"rendered":"https:\/\/latimpacto.org\/?page_id=15975"},"modified":"2025-07-25T17:04:37","modified_gmt":"2025-07-25T17:04:37","slug":"gustavo-loiola","status":"publish","type":"page","link":"https:\/\/latimpacto.org\/pt\/gustavo-loiola\/","title":{"rendered":"Gustavo Loiola"},"content":{"rendered":"<div data-elementor-type=\"wp-page\" data-elementor-id=\"15975\" class=\"elementor elementor-15975\" data-elementor-settings=\"{&quot;element_pack_global_tooltip_width&quot;:{&quot;unit&quot;:&quot;px&quot;,&quot;size&quot;:&quot;&quot;,&quot;sizes&quot;:[]},&quot;element_pack_global_tooltip_width_tablet&quot;:{&quot;unit&quot;:&quot;px&quot;,&quot;size&quot;:&quot;&quot;,&quot;sizes&quot;:[]},&quot;element_pack_global_tooltip_width_mobile&quot;:{&quot;unit&quot;:&quot;px&quot;,&quot;size&quot;:&quot;&quot;,&quot;sizes&quot;:[]},&quot;element_pack_global_tooltip_padding&quot;:{&quot;unit&quot;:&quot;px&quot;,&quot;top&quot;:&quot;&quot;,&quot;right&quot;:&quot;&quot;,&quot;bottom&quot;:&quot;&quot;,&quot;left&quot;:&quot;&quot;,&quot;isLinked&quot;:true},&quot;element_pack_global_tooltip_padding_tablet&quot;:{&quot;unit&quot;:&quot;px&quot;,&quot;top&quot;:&quot;&quot;,&quot;right&quot;:&quot;&quot;,&quot;bottom&quot;:&quot;&quot;,&quot;left&quot;:&quot;&quot;,&quot;isLinked&quot;:true},&quot;element_pack_global_tooltip_padding_mobile&quot;:{&quot;unit&quot;:&quot;px&quot;,&quot;top&quot;:&quot;&quot;,&quot;right&quot;:&quot;&quot;,&quot;bottom&quot;:&quot;&quot;,&quot;left&quot;:&quot;&quot;,&quot;isLinked&quot;:true},&quot;element_pack_global_tooltip_border_radius&quot;:{&quot;unit&quot;:&quot;px&quot;,&quot;top&quot;:&quot;&quot;,&quot;right&quot;:&quot;&quot;,&quot;bottom&quot;:&quot;&quot;,&quot;left&quot;:&quot;&quot;,&quot;isLinked&quot;:true},&quot;element_pack_global_tooltip_border_radius_tablet&quot;:{&quot;unit&quot;:&quot;px&quot;,&quot;top&quot;:&quot;&quot;,&quot;right&quot;:&quot;&quot;,&quot;bottom&quot;:&quot;&quot;,&quot;left&quot;:&quot;&quot;,&quot;isLinked&quot;:true},&quot;element_pack_global_tooltip_border_radius_mobile&quot;:{&quot;unit&quot;:&quot;px&quot;,&quot;top&quot;:&quot;&quot;,&quot;right&quot;:&quot;&quot;,&quot;bottom&quot;:&quot;&quot;,&quot;left&quot;:&quot;&quot;,&quot;isLinked&quot;:true}}\" wpc-filter-elementor-widget=\"1\">\n\t\t\t\t\t\t<section class=\"elementor-section elementor-top-section elementor-element elementor-element-d25bd34 elementor-section-content-middle elementor-section-boxed elementor-section-height-default elementor-section-height-default\" data-id=\"d25bd34\" data-element_type=\"section\" data-e-type=\"section\">\n\t\t\t\t\t\t<div class=\"elementor-container elementor-column-gap-default\">\n\t\t\t\t\t<div class=\"elementor-column elementor-col-50 elementor-top-column elementor-element elementor-element-0562647\" data-id=\"0562647\" data-element_type=\"column\" data-e-type=\"column\">\n\t\t\t<div class=\"elementor-widget-wrap elementor-element-populated\">\n\t\t\t\t\t\t<div class=\"elementor-element elementor-element-9e49bc9 elementor-widget elementor-widget-image\" data-id=\"9e49bc9\" data-element_type=\"widget\" data-e-type=\"widget\" data-widget_type=\"image.default\">\n\t\t\t\t<div class=\"elementor-widget-container\">\n\t\t\t\t\t\t\t\t\t\t\t\t\t\t\t<img fetchpriority=\"high\" decoding=\"async\" width=\"1080\" height=\"1080\" src=\"https:\/\/latimpacto.org\/wp-content\/uploads\/2025\/07\/gustavo_2025.webp\" class=\"attachment-full size-full wp-image-17030\" alt=\"\" srcset=\"https:\/\/latimpacto.org\/wp-content\/uploads\/2025\/07\/gustavo_2025.webp 1080w, https:\/\/latimpacto.org\/wp-content\/uploads\/2025\/07\/gustavo_2025-300x300.webp 300w, https:\/\/latimpacto.org\/wp-content\/uploads\/2025\/07\/gustavo_2025-1024x1024.webp 1024w, https:\/\/latimpacto.org\/wp-content\/uploads\/2025\/07\/gustavo_2025-150x150.webp 150w, https:\/\/latimpacto.org\/wp-content\/uploads\/2025\/07\/gustavo_2025-768x768.webp 768w, https:\/\/latimpacto.org\/wp-content\/uploads\/2025\/07\/gustavo_2025-12x12.webp 12w, https:\/\/latimpacto.org\/wp-content\/uploads\/2025\/07\/gustavo_2025-650x650.webp 650w\" sizes=\"(max-width: 1080px) 100vw, 1080px\" \/>\t\t\t\t\t\t\t\t\t\t\t\t\t\t\t<\/div>\n\t\t\t\t<\/div>\n\t\t\t\t<div class=\"elementor-element elementor-element-3ab26d4 elementor-view-default elementor-widget elementor-widget-icon\" data-id=\"3ab26d4\" data-element_type=\"widget\" data-e-type=\"widget\" data-widget_type=\"icon.default\">\n\t\t\t\t<div class=\"elementor-widget-container\">\n\t\t\t\t\t\t\t<div class=\"elementor-icon-wrapper\">\n\t\t\t<a class=\"elementor-icon\" href=\"https:\/\/www.linkedin.com\/in\/gustavofloiola\/\" target=\"_blank\">\n\t\t\t<svg aria-hidden=\"true\" class=\"e-font-icon-svg e-fab-linkedin\" viewbox=\"0 0 448 512\" xmlns=\"http:\/\/www.w3.org\/2000\/svg\"><path d=\"M416 32H31.9C14.3 32 0 46.5 0 64.3v383.4C0 465.5 14.3 480 31.9 480H416c17.6 0 32-14.5 32-32.3V64.3c0-17.8-14.4-32.3-32-32.3zM135.4 416H69V202.2h66.5V416zm-33.2-243c-21.3 0-38.5-17.3-38.5-38.5S80.9 96 102.2 96c21.2 0 38.5 17.3 38.5 38.5 0 21.3-17.2 38.5-38.5 38.5zm282.1 243h-66.4V312c0-24.8-.5-56.7-34.5-56.7-34.6 0-39.9 27-39.9 54.9V416h-66.4V202.2h63.7v29.2h.9c8.9-16.8 30.6-34.5 62.9-34.5 67.2 0 79.7 44.3 79.7 101.9V416z\"><\/path><\/svg>\t\t\t<\/a>\n\t\t<\/div>\n\t\t\t\t\t\t<\/div>\n\t\t\t\t<\/div>\n\t\t\t\t\t<\/div>\n\t\t<\/div>\n\t\t\t\t<div class=\"elementor-column elementor-col-50 elementor-top-column elementor-element elementor-element-e333be8\" data-id=\"e333be8\" data-element_type=\"column\" data-e-type=\"column\">\n\t\t\t<div class=\"elementor-widget-wrap elementor-element-populated\">\n\t\t\t\t\t\t<div class=\"elementor-element elementor-element-a69f80f elementor-widget elementor-widget-bdt-member\" data-id=\"a69f80f\" data-element_type=\"widget\" data-e-type=\"widget\" data-widget_type=\"bdt-member.default\">\n\t\t\t\t<div class=\"elementor-widget-container\">\n\t\t\t\t\t\n\t\t<div class=\"bdt-member skin-default bdt-transition-toggle\">\n\t\t\t\n\t\t\t<div class=\"bdt-member-content\">\n\t\t\t\t\t\t\t\t\t<span class=\"bdt-member-name\">\n\t\t\t\t\t\tGustavo Loiola\t\t\t\t\t<\/span>\n\t\t\t\t\t\t\t\t\t\t\t\t\t<span class=\"bdt-member-role\">\n\t\t\t\t\t\tCoordenador de conhecimento \t\t\t\t\t<\/span>\n\t\t\t\t\t\t\t\t\t\t\t\t\t<div class=\"bdt-member-text bdt-content-wrap\">\n\t\t\t\t\t\tGustavo Fructuozo Loiola \u00e9 professor, palestrante e especialista em Sustentabilidade e ESG, com mais de 10 anos de experi\u00eancia em educa\u00e7\u00e3o, consultoria e lideran\u00e7a de projetos voltados para a transforma\u00e7\u00e3o organizacional. Atualmente \u00e9 doutorando em Gest\u00e3o de Opera\u00e7\u00f5es e Sustentabilidade pela EAESP\/FGV (Brasil), com estadias acad\u00eamicas na Columbia University (EUA) e na Audencia Business School (Fran\u00e7a). \u00c9 mestre em Sustentabilidade e Governan\u00e7a Corporativa pelo ISAE\/FGV e possui estudos complementares em Inova\u00e7\u00e3o e Empreendedorismo pela Universidade da Calif\u00f3rnia (EUA), Gerenciamento de Projetos pela Universidade George Washington (EUA) e Investimento de Impacto pela ESSEC Business School (Fran\u00e7a), al\u00e9m de imers\u00f5es em Cidades Inteligentes e Neg\u00f3cios de Impacto na Fran\u00e7a e na Col\u00f4mbia.\n<br><br>\nFoi Gerente de Educa\u00e7\u00e3o de Lideran\u00e7a no Pacto Global das Na\u00e7\u00f5es Unidas, liderando o PRME Champions Group, um programa que conecta escolas de neg\u00f3cios avan\u00e7adas na integra\u00e7\u00e3o de pr\u00e1ticas de sustentabilidade. Nessa fun\u00e7\u00e3o, projetou m\u00e9tricas, indicadores e crit\u00e9rios de avalia\u00e7\u00e3o para monitorar o desempenho das institui\u00e7\u00f5es signat\u00e1rias em rela\u00e7\u00e3o aos Princ\u00edpios para Educa\u00e7\u00e3o em Gest\u00e3o Respons\u00e1vel (PRME).\n<br><br>\nAo longo de sua carreira, tamb\u00e9m apoiou a implementa\u00e7\u00e3o de programas de ESG em empresas como o EBANX, participou de iniciativas de expans\u00e3o internacional e inova\u00e7\u00e3o no ISAE\/FGV e trabalhou com comunica\u00e7\u00e3o e marketing em organiza\u00e7\u00f5es como Correios, Alian\u00e7a Empreendedora e Ashoka. Atualmente \u00e9 professor convidado de institui\u00e7\u00f5es renomadas como FGV, ISAE e PUC PR, onde leciona temas relacionados \u00e0 inova\u00e7\u00e3o, lideran\u00e7a e sustentabilidade.\n<br><br>\n\nSeu objetivo \u00e9 inspirar e capacitar l\u00edderes e organiza\u00e7\u00f5es para criar mudan\u00e7as positivas no mundo por meio da gest\u00e3o respons\u00e1vel e do alinhamento estrat\u00e9gico com os Objetivos de Desenvolvimento Sustent\u00e1vel (ODS).\t\t\t\t\t<\/div>\n\t\t\t\t\t\t\t<\/div>\n\n\t\t\t\n\t\t<\/div>\n\t\t\t\t\t\t<\/div>\n\t\t\t\t<\/div>\n\t\t\t\t\t<\/div>\n\t\t<\/div>\n\t\t\t\t\t<\/div>\n\t\t<\/section>\n\t\t\t\t<\/div>","protected":false},"excerpt":{"rendered":"<p>Gustavo Loiola Coordinador de Conocimiento Gustavo Fructuozo Loiola es profesor, speaker y especialista en Sostenibilidad y ESG, con m\u00e1s de 10 a\u00f1os [&hellip;]<\/p>\n","protected":false},"author":3,"featured_media":0,"parent":0,"menu_order":0,"comment_status":"closed","ping_status":"closed","template":"","meta":{"_acf_changed":false,"footnotes":""},"class_list":["post-15975","page","type-page","status-publish","hentry"],"acf":[],"_links":{"self":[{"href":"https:\/\/latimpacto.org\/pt\/wp-json\/wp\/v2\/pages\/15975","targetHints":{"allow":["GET"]}}],"collection":[{"href":"https:\/\/latimpacto.org\/pt\/wp-json\/wp\/v2\/pages"}],"about":[{"href":"https:\/\/latimpacto.org\/pt\/wp-json\/wp\/v2\/types\/page"}],"author":[{"embeddable":true,"href":"https:\/\/latimpacto.org\/pt\/wp-json\/wp\/v2\/users\/3"}],"replies":[{"embeddable":true,"href":"https:\/\/latimpacto.org\/pt\/wp-json\/wp\/v2\/comments?post=15975"}],"version-history":[{"count":16,"href":"https:\/\/latimpacto.org\/pt\/wp-json\/wp\/v2\/pages\/15975\/revisions"}],"predecessor-version":[{"id":17073,"href":"https:\/\/latimpacto.org\/pt\/wp-json\/wp\/v2\/pages\/15975\/revisions\/17073"}],"wp:attachment":[{"href":"https:\/\/latimpacto.org\/pt\/wp-json\/wp\/v2\/media?parent=15975"}],"curies":[{"name":"wp","href":"https:\/\/api.w.org\/{rel}","templated":true}]}}