{"id":16240,"date":"2025-05-21T15:21:27","date_gmt":"2025-05-21T15:21:27","guid":{"rendered":"https:\/\/latimpacto.org\/?page_id=16240"},"modified":"2025-06-05T22:44:37","modified_gmt":"2025-06-05T22:44:37","slug":"formacion","status":"publish","type":"page","link":"https:\/\/latimpacto.org\/pt\/formacion\/","title":{"rendered":"Treinamento"},"content":{"rendered":"<div data-elementor-type=\"wp-page\" data-elementor-id=\"16240\" class=\"elementor elementor-16240\" data-elementor-settings=\"{&quot;element_pack_global_tooltip_width&quot;:{&quot;unit&quot;:&quot;px&quot;,&quot;size&quot;:&quot;&quot;,&quot;sizes&quot;:[]},&quot;element_pack_global_tooltip_width_tablet&quot;:{&quot;unit&quot;:&quot;px&quot;,&quot;size&quot;:&quot;&quot;,&quot;sizes&quot;:[]},&quot;element_pack_global_tooltip_width_mobile&quot;:{&quot;unit&quot;:&quot;px&quot;,&quot;size&quot;:&quot;&quot;,&quot;sizes&quot;:[]},&quot;element_pack_global_tooltip_padding&quot;:{&quot;unit&quot;:&quot;px&quot;,&quot;top&quot;:&quot;&quot;,&quot;right&quot;:&quot;&quot;,&quot;bottom&quot;:&quot;&quot;,&quot;left&quot;:&quot;&quot;,&quot;isLinked&quot;:true},&quot;element_pack_global_tooltip_padding_tablet&quot;:{&quot;unit&quot;:&quot;px&quot;,&quot;top&quot;:&quot;&quot;,&quot;right&quot;:&quot;&quot;,&quot;bottom&quot;:&quot;&quot;,&quot;left&quot;:&quot;&quot;,&quot;isLinked&quot;:true},&quot;element_pack_global_tooltip_padding_mobile&quot;:{&quot;unit&quot;:&quot;px&quot;,&quot;top&quot;:&quot;&quot;,&quot;right&quot;:&quot;&quot;,&quot;bottom&quot;:&quot;&quot;,&quot;left&quot;:&quot;&quot;,&quot;isLinked&quot;:true},&quot;element_pack_global_tooltip_border_radius&quot;:{&quot;unit&quot;:&quot;px&quot;,&quot;top&quot;:&quot;&quot;,&quot;right&quot;:&quot;&quot;,&quot;bottom&quot;:&quot;&quot;,&quot;left&quot;:&quot;&quot;,&quot;isLinked&quot;:true},&quot;element_pack_global_tooltip_border_radius_tablet&quot;:{&quot;unit&quot;:&quot;px&quot;,&quot;top&quot;:&quot;&quot;,&quot;right&quot;:&quot;&quot;,&quot;bottom&quot;:&quot;&quot;,&quot;left&quot;:&quot;&quot;,&quot;isLinked&quot;:true},&quot;element_pack_global_tooltip_border_radius_mobile&quot;:{&quot;unit&quot;:&quot;px&quot;,&quot;top&quot;:&quot;&quot;,&quot;right&quot;:&quot;&quot;,&quot;bottom&quot;:&quot;&quot;,&quot;left&quot;:&quot;&quot;,&quot;isLinked&quot;:true}}\" wpc-filter-elementor-widget=\"1\">\n\t\t\t\t<div class=\"elementor-element elementor-element-2456507 e-con-full e-flex e-con e-parent\" data-id=\"2456507\" data-element_type=\"container\" data-e-type=\"container\">\n\t\t\t\t<div class=\"elementor-element elementor-element-190ca8a elementor-widget__width-inherit elementor-widget elementor-widget-image\" data-id=\"190ca8a\" data-element_type=\"widget\" data-e-type=\"widget\" data-widget_type=\"image.default\">\n\t\t\t\t<div class=\"elementor-widget-container\">\n\t\t\t\t\t\t\t\t\t\t\t\t\t\t\t<img fetchpriority=\"high\" decoding=\"async\" width=\"2560\" height=\"981\" src=\"https:\/\/latimpacto.org\/wp-content\/uploads\/2025\/07\/banner_formacion-PT-scaled.webp\" class=\"attachment-full size-full wp-image-16242\" alt=\"\" srcset=\"https:\/\/latimpacto.org\/wp-content\/uploads\/2025\/07\/banner_formacion-PT-scaled.webp 2560w, https:\/\/latimpacto.org\/wp-content\/uploads\/2025\/07\/banner_formacion-PT-300x118.webp 300w, https:\/\/latimpacto.org\/wp-content\/uploads\/2025\/07\/banner_formacion-PT-1024x402.webp 1024w, https:\/\/latimpacto.org\/wp-content\/uploads\/2025\/07\/banner_formacion-PT-768x301.webp 768w, https:\/\/latimpacto.org\/wp-content\/uploads\/2025\/07\/banner_formacion-PT-1536x603.webp 1536w, https:\/\/latimpacto.org\/wp-content\/uploads\/2025\/07\/banner_formacion-PT-2048x804.webp 2048w, https:\/\/latimpacto.org\/wp-content\/uploads\/2025\/07\/banner_formacion-PT-18x7.webp 18w, https:\/\/latimpacto.org\/wp-content\/uploads\/2025\/07\/banner_formacion-PT-650x255.webp 650w\" sizes=\"(max-width: 2560px) 100vw, 2560px\" \/>\t\t\t\t\t\t\t\t\t\t\t\t\t\t\t<\/div>\n\t\t\t\t<\/div>\n\t\t\t\t<\/div>\n\t\t<div class=\"elementor-element elementor-element-f2dbe27 e-flex e-con-boxed e-con e-parent\" data-id=\"f2dbe27\" data-element_type=\"container\" data-e-type=\"container\">\n\t\t\t\t\t<div class=\"e-con-inner\">\n\t\t<div class=\"elementor-element elementor-element-7ba778f e-con-full e-flex e-con e-child\" data-id=\"7ba778f\" data-element_type=\"container\" data-e-type=\"container\">\n\t\t\t\t<div class=\"elementor-element elementor-element-e03d1b0 elementor-widget elementor-widget-heading\" data-id=\"e03d1b0\" data-element_type=\"widget\" data-e-type=\"widget\" data-widget_type=\"heading.default\">\n\t\t\t\t<div class=\"elementor-widget-container\">\n\t\t\t\t\t<p class=\"elementor-heading-title elementor-size-default\">Calend\u00e1rio de eventos<\/p>\t\t\t\t<\/div>\n\t\t\t\t<\/div>\n\t\t\t\t<div class=\"elementor-element elementor-element-55ac18b elementor-widget elementor-widget-text-editor\" data-id=\"55ac18b\" data-element_type=\"widget\" data-e-type=\"widget\" data-widget_type=\"text-editor.default\">\n\t\t\t\t<div class=\"elementor-widget-container\">\n\t\t\t\t\t\t\t\t\tSaiba mais sobre nosso programa de treinamento, projetado para fornecer ferramentas e conhecimento inovadores que aumentar\u00e3o seu impacto no setor.\t\t\t\t\t\t\t\t<\/div>\n\t\t\t\t<\/div>\n\t\t\t\t<\/div>\n\t\t<div class=\"elementor-element elementor-element-7bbf4ef e-con-full e-flex e-con e-child\" data-id=\"7bbf4ef\" data-element_type=\"container\" data-e-type=\"container\" data-settings=\"{&quot;background_background&quot;:&quot;classic&quot;}\">\n\t\t\t\t<div class=\"elementor-element elementor-element-1436697 elementor-align-center elementor-widget elementor-widget-button\" data-id=\"1436697\" data-element_type=\"widget\" data-e-type=\"widget\" data-widget_type=\"button.default\">\n\t\t\t\t<div class=\"elementor-widget-container\">\n\t\t\t\t\t\t\t\t\t<div class=\"elementor-button-wrapper\">\n\t\t\t\t\t<a class=\"elementor-button elementor-button-link elementor-size-sm\" href=\"https:\/\/latimpacto.org\/pt\/eventos\/\">\n\t\t\t\t\t\t<span class=\"elementor-button-content-wrapper\">\n\t\t\t\t\t\t\t\t\t<span class=\"elementor-button-text\">Veja mais<\/span>\n\t\t\t\t\t<\/span>\n\t\t\t\t\t<\/a>\n\t\t\t\t<\/div>\n\t\t\t\t\t\t\t\t<\/div>\n\t\t\t\t<\/div>\n\t\t\t\t<\/div>\n\t\t\t\t\t<\/div>\n\t\t\t\t<\/div>\n\t\t<div class=\"elementor-element elementor-element-e1ad826 e-flex e-con-boxed e-con e-parent\" data-id=\"e1ad826\" data-element_type=\"container\" data-e-type=\"container\">\n\t\t\t\t\t<div class=\"e-con-inner\">\n\t\t<div class=\"elementor-element elementor-element-4aff507 e-con-full e-flex e-con e-child\" data-id=\"4aff507\" data-element_type=\"container\" data-e-type=\"container\">\n\t\t\t\t<div class=\"elementor-element elementor-element-7a5d7a2 elementor-widget elementor-widget-image\" data-id=\"7a5d7a2\" data-element_type=\"widget\" data-e-type=\"widget\" data-widget_type=\"image.default\">\n\t\t\t\t<div class=\"elementor-widget-container\">\n\t\t\t\t\t\t\t\t\t\t\t\t\t\t\t<img decoding=\"async\" width=\"2135\" height=\"1504\" src=\"https:\/\/latimpacto.org\/wp-content\/uploads\/2025\/05\/sesiones_pregrabadas.webp\" class=\"attachment-full size-full wp-image-16289\" alt=\"\" srcset=\"https:\/\/latimpacto.org\/wp-content\/uploads\/2025\/05\/sesiones_pregrabadas.webp 2135w, https:\/\/latimpacto.org\/wp-content\/uploads\/2025\/05\/sesiones_pregrabadas-300x211.webp 300w, https:\/\/latimpacto.org\/wp-content\/uploads\/2025\/05\/sesiones_pregrabadas-1024x721.webp 1024w, https:\/\/latimpacto.org\/wp-content\/uploads\/2025\/05\/sesiones_pregrabadas-768x541.webp 768w, https:\/\/latimpacto.org\/wp-content\/uploads\/2025\/05\/sesiones_pregrabadas-1536x1082.webp 1536w, https:\/\/latimpacto.org\/wp-content\/uploads\/2025\/05\/sesiones_pregrabadas-2048x1443.webp 2048w, https:\/\/latimpacto.org\/wp-content\/uploads\/2025\/05\/sesiones_pregrabadas-18x12.webp 18w, https:\/\/latimpacto.org\/wp-content\/uploads\/2025\/05\/sesiones_pregrabadas-650x458.webp 650w\" sizes=\"(max-width: 2135px) 100vw, 2135px\" \/>\t\t\t\t\t\t\t\t\t\t\t\t\t\t\t<\/div>\n\t\t\t\t<\/div>\n\t\t\t\t<\/div>\n\t\t<div class=\"elementor-element elementor-element-0121bf3 e-con-full e-flex e-con e-child\" data-id=\"0121bf3\" data-element_type=\"container\" data-e-type=\"container\">\n\t\t\t\t<div class=\"elementor-element elementor-element-c7af36d elementor-widget elementor-widget-heading\" data-id=\"c7af36d\" data-element_type=\"widget\" data-e-type=\"widget\" data-widget_type=\"heading.default\">\n\t\t\t\t<div class=\"elementor-widget-container\">\n\t\t\t\t\t<p class=\"elementor-heading-title elementor-size-default\">Sess\u00f5es pr\u00e9-gravadas<\/p>\t\t\t\t<\/div>\n\t\t\t\t<\/div>\n\t\t\t\t<div class=\"elementor-element elementor-element-5b36e9a elementor-widget elementor-widget-text-editor\" data-id=\"5b36e9a\" data-element_type=\"widget\" data-e-type=\"widget\" data-widget_type=\"text-editor.default\">\n\t\t\t\t<div class=\"elementor-widget-container\">\n\t\t\t\t\t\t\t\t\t<p>Se voc\u00ea quiser entender os fundamentos do continuum de capital, finan\u00e7as inovadoras, suporte n\u00e3o financeiro e medi\u00e7\u00e3o de impacto, acesse as sess\u00f5es pr\u00e9-gravadas e fortale\u00e7a seu conhecimento sobre o ecossistema de impacto.<\/p>\t\t\t\t\t\t\t\t<\/div>\n\t\t\t\t<\/div>\n\t\t\t\t<\/div>\n\t\t\t\t\t<\/div>\n\t\t\t\t<\/div>\n\t\t<div class=\"elementor-element elementor-element-b5b39b5 e-flex e-con-boxed e-con e-parent\" data-id=\"b5b39b5\" data-element_type=\"container\" data-e-type=\"container\" data-settings=\"{&quot;background_background&quot;:&quot;gradient&quot;}\">\n\t\t\t\t\t<div class=\"e-con-inner\">\n\t\t<div class=\"elementor-element elementor-element-a2a3b22 e-con-full e-flex e-con e-child\" data-id=\"a2a3b22\" data-element_type=\"container\" data-e-type=\"container\">\n\t\t\t\t<div class=\"elementor-element elementor-element-a898626 elementor-widget elementor-widget-image\" data-id=\"a898626\" data-element_type=\"widget\" data-e-type=\"widget\" data-widget_type=\"image.default\">\n\t\t\t\t<div class=\"elementor-widget-container\">\n\t\t\t\t\t\t\t\t\t\t\t\t\t\t\t<img decoding=\"async\" width=\"1000\" height=\"238\" src=\"https:\/\/latimpacto.org\/wp-content\/uploads\/2025\/07\/contacto_formacion-PT-scaled.webp\" class=\"attachment-large size-large wp-image-16296\" alt=\"\" srcset=\"https:\/\/latimpacto.org\/wp-content\/uploads\/2025\/07\/contacto_formacion-PT-scaled.webp 2560w, https:\/\/latimpacto.org\/wp-content\/uploads\/2025\/07\/contacto_formacion-PT-300x71.webp 300w, https:\/\/latimpacto.org\/wp-content\/uploads\/2025\/07\/contacto_formacion-PT-1024x244.webp 1024w, https:\/\/latimpacto.org\/wp-content\/uploads\/2025\/07\/contacto_formacion-PT-768x183.webp 768w, https:\/\/latimpacto.org\/wp-content\/uploads\/2025\/07\/contacto_formacion-PT-1536x366.webp 1536w, https:\/\/latimpacto.org\/wp-content\/uploads\/2025\/07\/contacto_formacion-PT-2048x488.webp 2048w, https:\/\/latimpacto.org\/wp-content\/uploads\/2025\/07\/contacto_formacion-PT-18x4.webp 18w, https:\/\/latimpacto.org\/wp-content\/uploads\/2025\/07\/contacto_formacion-PT-650x155.webp 650w\" sizes=\"(max-width: 1000px) 100vw, 1000px\" \/>\t\t\t\t\t\t\t\t\t\t\t\t\t\t\t<\/div>\n\t\t\t\t<\/div>\n\t\t\t\t<\/div>\n\t\t\t\t\t<\/div>\n\t\t\t\t<\/div>\n\t\t\t\t<\/div>","protected":false},"excerpt":{"rendered":"<p>Calendario de eventos Conoce nuestro agenda de formaci\u00f3n, dise\u00f1ada para brindarte herramientas y conocimientos innovadores que potenciar\u00e1n tu impacto en el sector. [&hellip;]<\/p>\n","protected":false},"author":3,"featured_media":0,"parent":0,"menu_order":0,"comment_status":"closed","ping_status":"closed","template":"","meta":{"_acf_changed":false,"footnotes":""},"class_list":["post-16240","page","type-page","status-publish","hentry"],"acf":[],"_links":{"self":[{"href":"https:\/\/latimpacto.org\/pt\/wp-json\/wp\/v2\/pages\/16240","targetHints":{"allow":["GET"]}}],"collection":[{"href":"https:\/\/latimpacto.org\/pt\/wp-json\/wp\/v2\/pages"}],"about":[{"href":"https:\/\/latimpacto.org\/pt\/wp-json\/wp\/v2\/types\/page"}],"author":[{"embeddable":true,"href":"https:\/\/latimpacto.org\/pt\/wp-json\/wp\/v2\/users\/3"}],"replies":[{"embeddable":true,"href":"https:\/\/latimpacto.org\/pt\/wp-json\/wp\/v2\/comments?post=16240"}],"version-history":[{"count":31,"href":"https:\/\/latimpacto.org\/pt\/wp-json\/wp\/v2\/pages\/16240\/revisions"}],"predecessor-version":[{"id":16670,"href":"https:\/\/latimpacto.org\/pt\/wp-json\/wp\/v2\/pages\/16240\/revisions\/16670"}],"wp:attachment":[{"href":"https:\/\/latimpacto.org\/pt\/wp-json\/wp\/v2\/media?parent=16240"}],"curies":[{"name":"wp","href":"https:\/\/api.w.org\/{rel}","templated":true}]}}