{"id":16303,"date":"2025-05-22T00:10:01","date_gmt":"2025-05-22T00:10:01","guid":{"rendered":"https:\/\/latimpacto.org\/?page_id=16303"},"modified":"2025-06-10T15:38:43","modified_gmt":"2025-06-10T15:38:43","slug":"herramientas","status":"publish","type":"page","link":"https:\/\/latimpacto.org\/pt\/herramientas\/","title":{"rendered":"Ferramentas"},"content":{"rendered":"<div data-elementor-type=\"wp-page\" data-elementor-id=\"16303\" class=\"elementor elementor-16303\" data-elementor-settings=\"{&quot;element_pack_global_tooltip_width&quot;:{&quot;unit&quot;:&quot;px&quot;,&quot;size&quot;:&quot;&quot;,&quot;sizes&quot;:[]},&quot;element_pack_global_tooltip_width_tablet&quot;:{&quot;unit&quot;:&quot;px&quot;,&quot;size&quot;:&quot;&quot;,&quot;sizes&quot;:[]},&quot;element_pack_global_tooltip_width_mobile&quot;:{&quot;unit&quot;:&quot;px&quot;,&quot;size&quot;:&quot;&quot;,&quot;sizes&quot;:[]},&quot;element_pack_global_tooltip_padding&quot;:{&quot;unit&quot;:&quot;px&quot;,&quot;top&quot;:&quot;&quot;,&quot;right&quot;:&quot;&quot;,&quot;bottom&quot;:&quot;&quot;,&quot;left&quot;:&quot;&quot;,&quot;isLinked&quot;:true},&quot;element_pack_global_tooltip_padding_tablet&quot;:{&quot;unit&quot;:&quot;px&quot;,&quot;top&quot;:&quot;&quot;,&quot;right&quot;:&quot;&quot;,&quot;bottom&quot;:&quot;&quot;,&quot;left&quot;:&quot;&quot;,&quot;isLinked&quot;:true},&quot;element_pack_global_tooltip_padding_mobile&quot;:{&quot;unit&quot;:&quot;px&quot;,&quot;top&quot;:&quot;&quot;,&quot;right&quot;:&quot;&quot;,&quot;bottom&quot;:&quot;&quot;,&quot;left&quot;:&quot;&quot;,&quot;isLinked&quot;:true},&quot;element_pack_global_tooltip_border_radius&quot;:{&quot;unit&quot;:&quot;px&quot;,&quot;top&quot;:&quot;&quot;,&quot;right&quot;:&quot;&quot;,&quot;bottom&quot;:&quot;&quot;,&quot;left&quot;:&quot;&quot;,&quot;isLinked&quot;:true},&quot;element_pack_global_tooltip_border_radius_tablet&quot;:{&quot;unit&quot;:&quot;px&quot;,&quot;top&quot;:&quot;&quot;,&quot;right&quot;:&quot;&quot;,&quot;bottom&quot;:&quot;&quot;,&quot;left&quot;:&quot;&quot;,&quot;isLinked&quot;:true},&quot;element_pack_global_tooltip_border_radius_mobile&quot;:{&quot;unit&quot;:&quot;px&quot;,&quot;top&quot;:&quot;&quot;,&quot;right&quot;:&quot;&quot;,&quot;bottom&quot;:&quot;&quot;,&quot;left&quot;:&quot;&quot;,&quot;isLinked&quot;:true}}\" wpc-filter-elementor-widget=\"1\">\n\t\t\t\t<div class=\"elementor-element elementor-element-2456507 e-con-full e-flex e-con e-parent\" data-id=\"2456507\" data-element_type=\"container\" data-e-type=\"container\">\n\t\t\t\t<div class=\"elementor-element elementor-element-190ca8a elementor-widget__width-inherit elementor-widget elementor-widget-image\" data-id=\"190ca8a\" data-element_type=\"widget\" data-e-type=\"widget\" data-widget_type=\"image.default\">\n\t\t\t\t<div class=\"elementor-widget-container\">\n\t\t\t\t\t\t\t\t\t\t\t\t\t\t\t<img fetchpriority=\"high\" decoding=\"async\" width=\"2560\" height=\"991\" src=\"https:\/\/latimpacto.org\/wp-content\/uploads\/2025\/07\/banner_herramientas-PT-scaled.webp\" class=\"attachment-full size-full wp-image-16305\" alt=\"\" srcset=\"https:\/\/latimpacto.org\/wp-content\/uploads\/2025\/07\/banner_herramientas-PT-scaled.webp 2560w, https:\/\/latimpacto.org\/wp-content\/uploads\/2025\/07\/banner_herramientas-PT-300x118.webp 300w, https:\/\/latimpacto.org\/wp-content\/uploads\/2025\/07\/banner_herramientas-PT-1024x403.webp 1024w, https:\/\/latimpacto.org\/wp-content\/uploads\/2025\/07\/banner_herramientas-PT-768x302.webp 768w, https:\/\/latimpacto.org\/wp-content\/uploads\/2025\/07\/banner_herramientas-PT-1536x604.webp 1536w, https:\/\/latimpacto.org\/wp-content\/uploads\/2025\/07\/banner_herramientas-PT-2048x806.webp 2048w, https:\/\/latimpacto.org\/wp-content\/uploads\/2025\/07\/banner_herramientas-PT-18x7.webp 18w, https:\/\/latimpacto.org\/wp-content\/uploads\/2025\/07\/banner_herramientas-PT-650x256.webp 650w\" sizes=\"(max-width: 2560px) 100vw, 2560px\" \/>\t\t\t\t\t\t\t\t\t\t\t\t\t\t\t<\/div>\n\t\t\t\t<\/div>\n\t\t<div class=\"elementor-element elementor-element-9492816 e-flex e-con-boxed e-con e-child\" data-id=\"9492816\" data-element_type=\"container\" data-e-type=\"container\">\n\t\t\t\t\t<div class=\"e-con-inner\">\n\t\t\t\t<div class=\"elementor-element elementor-element-e03d1b0 elementor-widget elementor-widget-heading\" data-id=\"e03d1b0\" data-element_type=\"widget\" data-e-type=\"widget\" data-widget_type=\"heading.default\">\n\t\t\t\t<div class=\"elementor-widget-container\">\n\t\t\t\t\t<p class=\"elementor-heading-title elementor-size-default\">Conhe\u00e7a nossos recursos:<\/p>\t\t\t\t<\/div>\n\t\t\t\t<\/div>\n\t\t\t\t\t<\/div>\n\t\t\t\t<\/div>\n\t\t\t\t<\/div>\n\t\t<div class=\"elementor-element elementor-element-f2dbe27 e-flex e-con-boxed e-con e-parent\" data-id=\"f2dbe27\" data-element_type=\"container\" data-e-type=\"container\">\n\t\t\t\t\t<div class=\"e-con-inner\">\n\t\t<div class=\"elementor-element elementor-element-7ba778f e-con-full e-flex e-con e-child\" data-id=\"7ba778f\" data-element_type=\"container\" data-e-type=\"container\">\n\t\t\t\t<div class=\"elementor-element elementor-element-719d68f elementor-widget elementor-widget-image\" data-id=\"719d68f\" data-element_type=\"widget\" data-e-type=\"widget\" data-widget_type=\"image.default\">\n\t\t\t\t<div class=\"elementor-widget-container\">\n\t\t\t\t\t\t\t\t\t\t\t\t\t\t\t<img decoding=\"async\" width=\"1872\" height=\"1157\" src=\"https:\/\/latimpacto.org\/wp-content\/uploads\/2025\/07\/01_herramientas_PT.webp\" class=\"attachment-full size-full wp-image-16306\" alt=\"\" srcset=\"https:\/\/latimpacto.org\/wp-content\/uploads\/2025\/07\/01_herramientas_PT.webp 1872w, https:\/\/latimpacto.org\/wp-content\/uploads\/2025\/07\/01_herramientas_PT-300x185.webp 300w, https:\/\/latimpacto.org\/wp-content\/uploads\/2025\/07\/01_herramientas_PT-1024x633.webp 1024w, https:\/\/latimpacto.org\/wp-content\/uploads\/2025\/07\/01_herramientas_PT-768x475.webp 768w, https:\/\/latimpacto.org\/wp-content\/uploads\/2025\/07\/01_herramientas_PT-1536x949.webp 1536w, https:\/\/latimpacto.org\/wp-content\/uploads\/2025\/07\/01_herramientas_PT-18x12.webp 18w, https:\/\/latimpacto.org\/wp-content\/uploads\/2025\/07\/01_herramientas_PT-650x402.webp 650w\" sizes=\"(max-width: 1872px) 100vw, 1872px\" \/>\t\t\t\t\t\t\t\t\t\t\t\t\t\t\t<\/div>\n\t\t\t\t<\/div>\n\t\t\t\t<\/div>\n\t\t<div class=\"elementor-element elementor-element-7bbf4ef e-con-full e-flex e-con e-child\" data-id=\"7bbf4ef\" data-element_type=\"container\" data-e-type=\"container\">\n\t\t\t\t<div class=\"elementor-element elementor-element-55ac18b elementor-widget elementor-widget-text-editor\" data-id=\"55ac18b\" data-element_type=\"widget\" data-e-type=\"widget\" data-widget_type=\"text-editor.default\">\n\t\t\t\t<div class=\"elementor-widget-container\">\n\t\t\t\t\t\t\t\t\t<p>Promovemos o aprendizado e a explora\u00e7\u00e3o de diversos instrumentos e estrat\u00e9gias financeiras, buscando maximizar o impacto de cada recurso empregado para contribuir com as quest\u00f5es sociais e ambientais da regi\u00e3o.<\/p>\t\t\t\t\t\t\t\t<\/div>\n\t\t\t\t<\/div>\n\t\t\t\t<div class=\"elementor-element elementor-element-51aa832 elementor-widget elementor-widget-button\" data-id=\"51aa832\" data-element_type=\"widget\" data-e-type=\"widget\" data-widget_type=\"button.default\">\n\t\t\t\t<div class=\"elementor-widget-container\">\n\t\t\t\t\t\t\t\t\t<div class=\"elementor-button-wrapper\">\n\t\t\t\t\t<a class=\"elementor-button elementor-button-link elementor-size-sm\" href=\"https:\/\/finanzasinnovadoras.org\/\">\n\t\t\t\t\t\t<span class=\"elementor-button-content-wrapper\">\n\t\t\t\t\t\t\t\t\t<span class=\"elementor-button-text\">Mais informa\u00e7\u00f5es aqui<\/span>\n\t\t\t\t\t<\/span>\n\t\t\t\t\t<\/a>\n\t\t\t\t<\/div>\n\t\t\t\t\t\t\t\t<\/div>\n\t\t\t\t<\/div>\n\t\t\t\t<\/div>\n\t\t\t\t\t<\/div>\n\t\t\t\t<\/div>\n\t\t<div class=\"elementor-element elementor-element-ded14fd e-flex e-con-boxed e-con e-parent\" data-id=\"ded14fd\" data-element_type=\"container\" data-e-type=\"container\">\n\t\t\t\t\t<div class=\"e-con-inner\">\n\t\t<div class=\"elementor-element elementor-element-887d2c1 e-con-full e-flex e-con e-child\" data-id=\"887d2c1\" data-element_type=\"container\" data-e-type=\"container\">\n\t\t\t\t<div class=\"elementor-element elementor-element-b97f1dd elementor-widget elementor-widget-image\" data-id=\"b97f1dd\" data-element_type=\"widget\" data-e-type=\"widget\" data-widget_type=\"image.default\">\n\t\t\t\t<div class=\"elementor-widget-container\">\n\t\t\t\t\t\t\t\t\t\t\t\t\t\t\t<img decoding=\"async\" width=\"1872\" height=\"1299\" src=\"https:\/\/latimpacto.org\/wp-content\/uploads\/2025\/07\/02_herramientas_PT.webp\" class=\"attachment-full size-full wp-image-16313\" alt=\"\" srcset=\"https:\/\/latimpacto.org\/wp-content\/uploads\/2025\/07\/02_herramientas_PT.webp 1872w, https:\/\/latimpacto.org\/wp-content\/uploads\/2025\/07\/02_herramientas_PT-300x208.webp 300w, https:\/\/latimpacto.org\/wp-content\/uploads\/2025\/07\/02_herramientas_PT-1024x711.webp 1024w, https:\/\/latimpacto.org\/wp-content\/uploads\/2025\/07\/02_herramientas_PT-768x533.webp 768w, https:\/\/latimpacto.org\/wp-content\/uploads\/2025\/07\/02_herramientas_PT-1536x1066.webp 1536w, https:\/\/latimpacto.org\/wp-content\/uploads\/2025\/07\/02_herramientas_PT-18x12.webp 18w, https:\/\/latimpacto.org\/wp-content\/uploads\/2025\/07\/02_herramientas_PT-650x451.webp 650w\" sizes=\"(max-width: 1872px) 100vw, 1872px\" \/>\t\t\t\t\t\t\t\t\t\t\t\t\t\t\t<\/div>\n\t\t\t\t<\/div>\n\t\t\t\t<\/div>\n\t\t<div class=\"elementor-element elementor-element-c7ec7de e-con-full e-flex e-con e-child\" data-id=\"c7ec7de\" data-element_type=\"container\" data-e-type=\"container\">\n\t\t\t\t<div class=\"elementor-element elementor-element-b0cb839 elementor-widget elementor-widget-text-editor\" data-id=\"b0cb839\" data-element_type=\"widget\" data-e-type=\"widget\" data-widget_type=\"text-editor.default\">\n\t\t\t\t<div class=\"elementor-widget-container\">\n\t\t\t\t\t\t\t\t\t<p>Promovemos a implementa\u00e7\u00e3o de estrat\u00e9gias de apoio n\u00e3o financeiro que garantam a resili\u00eancia e a sustentabilidade das organiza\u00e7\u00f5es que apoiamos.<\/p>\t\t\t\t\t\t\t\t<\/div>\n\t\t\t\t<\/div>\n\t\t\t\t<div class=\"elementor-element elementor-element-5578ce4 elementor-widget elementor-widget-button\" data-id=\"5578ce4\" data-element_type=\"widget\" data-e-type=\"widget\" data-widget_type=\"button.default\">\n\t\t\t\t<div class=\"elementor-widget-container\">\n\t\t\t\t\t\t\t\t\t<div class=\"elementor-button-wrapper\">\n\t\t\t\t\t<a class=\"elementor-button elementor-button-link elementor-size-sm\" href=\"https:\/\/apoyonofinanciero.org\/\">\n\t\t\t\t\t\t<span class=\"elementor-button-content-wrapper\">\n\t\t\t\t\t\t\t\t\t<span class=\"elementor-button-text\">Mais informa\u00e7\u00f5es aqui<\/span>\n\t\t\t\t\t<\/span>\n\t\t\t\t\t<\/a>\n\t\t\t\t<\/div>\n\t\t\t\t\t\t\t\t<\/div>\n\t\t\t\t<\/div>\n\t\t\t\t<\/div>\n\t\t\t\t\t<\/div>\n\t\t\t\t<\/div>\n\t\t<div class=\"elementor-element elementor-element-b5b39b5 e-flex e-con-boxed e-con e-parent\" data-id=\"b5b39b5\" data-element_type=\"container\" data-e-type=\"container\" data-settings=\"{&quot;background_background&quot;:&quot;gradient&quot;}\">\n\t\t\t\t\t<div class=\"e-con-inner\">\n\t\t\t\t<div class=\"elementor-element elementor-element-e8a7356 elementor-widget elementor-widget-heading\" data-id=\"e8a7356\" data-element_type=\"widget\" data-e-type=\"widget\" data-widget_type=\"heading.default\">\n\t\t\t\t<div class=\"elementor-widget-container\">\n\t\t\t\t\t<p class=\"elementor-heading-title elementor-size-default\">Para obter mais informa\u00e7\u00f5es, entre em contato conosco:<\/p>\t\t\t\t<\/div>\n\t\t\t\t<\/div>\n\t\t\t\t<div data-ep-wrapper-link=\"{&quot;url&quot;:&quot;mailto:catalina@latimpacto.org&quot;,&quot;is_external&quot;:&quot;&quot;,&quot;nofollow&quot;:&quot;&quot;,&quot;custom_attributes&quot;:&quot;&quot;}\" style=\"cursor: pointer\" class=\"bdt-element-link elementor-element elementor-element-a898626 elementor-widget elementor-widget-image\" data-id=\"a898626\" data-element_type=\"widget\" data-e-type=\"widget\" data-widget_type=\"image.default\">\n\t\t\t\t<div class=\"elementor-widget-container\">\n\t\t\t\t\t\t\t\t\t\t\t\t\t\t\t<img loading=\"lazy\" decoding=\"async\" width=\"1000\" height=\"176\" src=\"https:\/\/latimpacto.org\/wp-content\/uploads\/2025\/05\/mail_herramientas01-1024x180.webp\" class=\"attachment-large size-large wp-image-16336\" alt=\"\" srcset=\"https:\/\/latimpacto.org\/wp-content\/uploads\/2025\/05\/mail_herramientas01-1024x180.webp 1024w, https:\/\/latimpacto.org\/wp-content\/uploads\/2025\/05\/mail_herramientas01-300x53.webp 300w, https:\/\/latimpacto.org\/wp-content\/uploads\/2025\/05\/mail_herramientas01-768x135.webp 768w, https:\/\/latimpacto.org\/wp-content\/uploads\/2025\/05\/mail_herramientas01-1536x270.webp 1536w, https:\/\/latimpacto.org\/wp-content\/uploads\/2025\/05\/mail_herramientas01-2048x359.webp 2048w, https:\/\/latimpacto.org\/wp-content\/uploads\/2025\/05\/mail_herramientas01-18x3.webp 18w, https:\/\/latimpacto.org\/wp-content\/uploads\/2025\/05\/mail_herramientas01-650x114.webp 650w\" sizes=\"(max-width: 1000px) 100vw, 1000px\" \/>\t\t\t\t\t\t\t\t\t\t\t\t\t\t\t<\/div>\n\t\t\t\t<\/div>\n\t\t\t\t\t<\/div>\n\t\t\t\t<\/div>\n\t\t\t\t<\/div>","protected":false},"excerpt":{"rendered":"<p>Descubre nuestros recursos: Promovemos el aprendizaje y exploraci\u00f3n de diversos instrumentos y estrategias financieras, buscando maximizar el impacto de cada recurso que [&hellip;]<\/p>\n","protected":false},"author":3,"featured_media":0,"parent":0,"menu_order":0,"comment_status":"closed","ping_status":"closed","template":"","meta":{"_acf_changed":false,"footnotes":""},"class_list":["post-16303","page","type-page","status-publish","hentry"],"acf":[],"_links":{"self":[{"href":"https:\/\/latimpacto.org\/pt\/wp-json\/wp\/v2\/pages\/16303","targetHints":{"allow":["GET"]}}],"collection":[{"href":"https:\/\/latimpacto.org\/pt\/wp-json\/wp\/v2\/pages"}],"about":[{"href":"https:\/\/latimpacto.org\/pt\/wp-json\/wp\/v2\/types\/page"}],"author":[{"embeddable":true,"href":"https:\/\/latimpacto.org\/pt\/wp-json\/wp\/v2\/users\/3"}],"replies":[{"embeddable":true,"href":"https:\/\/latimpacto.org\/pt\/wp-json\/wp\/v2\/comments?post=16303"}],"version-history":[{"count":34,"href":"https:\/\/latimpacto.org\/pt\/wp-json\/wp\/v2\/pages\/16303\/revisions"}],"predecessor-version":[{"id":16693,"href":"https:\/\/latimpacto.org\/pt\/wp-json\/wp\/v2\/pages\/16303\/revisions\/16693"}],"wp:attachment":[{"href":"https:\/\/latimpacto.org\/pt\/wp-json\/wp\/v2\/media?parent=16303"}],"curies":[{"name":"wp","href":"https:\/\/api.w.org\/{rel}","templated":true}]}}