{"id":16340,"date":"2025-05-22T01:18:17","date_gmt":"2025-05-22T01:18:17","guid":{"rendered":"https:\/\/latimpacto.org\/?page_id=16340"},"modified":"2025-10-08T19:33:49","modified_gmt":"2025-10-08T19:33:49","slug":"mapeo-del-ecosistema","status":"publish","type":"page","link":"https:\/\/latimpacto.org\/pt\/mapeo-del-ecosistema\/","title":{"rendered":"Mapeamento de ecossistemas"},"content":{"rendered":"<div data-elementor-type=\"wp-page\" data-elementor-id=\"16340\" class=\"elementor elementor-16340\" data-elementor-settings=\"{&quot;element_pack_global_tooltip_width&quot;:{&quot;unit&quot;:&quot;px&quot;,&quot;size&quot;:&quot;&quot;,&quot;sizes&quot;:[]},&quot;element_pack_global_tooltip_width_tablet&quot;:{&quot;unit&quot;:&quot;px&quot;,&quot;size&quot;:&quot;&quot;,&quot;sizes&quot;:[]},&quot;element_pack_global_tooltip_width_mobile&quot;:{&quot;unit&quot;:&quot;px&quot;,&quot;size&quot;:&quot;&quot;,&quot;sizes&quot;:[]},&quot;element_pack_global_tooltip_padding&quot;:{&quot;unit&quot;:&quot;px&quot;,&quot;top&quot;:&quot;&quot;,&quot;right&quot;:&quot;&quot;,&quot;bottom&quot;:&quot;&quot;,&quot;left&quot;:&quot;&quot;,&quot;isLinked&quot;:true},&quot;element_pack_global_tooltip_padding_tablet&quot;:{&quot;unit&quot;:&quot;px&quot;,&quot;top&quot;:&quot;&quot;,&quot;right&quot;:&quot;&quot;,&quot;bottom&quot;:&quot;&quot;,&quot;left&quot;:&quot;&quot;,&quot;isLinked&quot;:true},&quot;element_pack_global_tooltip_padding_mobile&quot;:{&quot;unit&quot;:&quot;px&quot;,&quot;top&quot;:&quot;&quot;,&quot;right&quot;:&quot;&quot;,&quot;bottom&quot;:&quot;&quot;,&quot;left&quot;:&quot;&quot;,&quot;isLinked&quot;:true},&quot;element_pack_global_tooltip_border_radius&quot;:{&quot;unit&quot;:&quot;px&quot;,&quot;top&quot;:&quot;&quot;,&quot;right&quot;:&quot;&quot;,&quot;bottom&quot;:&quot;&quot;,&quot;left&quot;:&quot;&quot;,&quot;isLinked&quot;:true},&quot;element_pack_global_tooltip_border_radius_tablet&quot;:{&quot;unit&quot;:&quot;px&quot;,&quot;top&quot;:&quot;&quot;,&quot;right&quot;:&quot;&quot;,&quot;bottom&quot;:&quot;&quot;,&quot;left&quot;:&quot;&quot;,&quot;isLinked&quot;:true},&quot;element_pack_global_tooltip_border_radius_mobile&quot;:{&quot;unit&quot;:&quot;px&quot;,&quot;top&quot;:&quot;&quot;,&quot;right&quot;:&quot;&quot;,&quot;bottom&quot;:&quot;&quot;,&quot;left&quot;:&quot;&quot;,&quot;isLinked&quot;:true}}\" wpc-filter-elementor-widget=\"1\">\n\t\t\t\t<div class=\"elementor-element elementor-element-2456507 e-con-full e-flex e-con e-parent\" data-id=\"2456507\" data-element_type=\"container\" data-e-type=\"container\">\n\t\t\t\t<div class=\"elementor-element elementor-element-190ca8a elementor-widget__width-inherit elementor-widget elementor-widget-image\" data-id=\"190ca8a\" data-element_type=\"widget\" data-e-type=\"widget\" data-widget_type=\"image.default\">\n\t\t\t\t<div class=\"elementor-widget-container\">\n\t\t\t\t\t\t\t\t\t\t\t\t\t\t\t<img fetchpriority=\"high\" decoding=\"async\" width=\"2560\" height=\"988\" src=\"https:\/\/latimpacto.org\/wp-content\/uploads\/2025\/07\/banner_Mapeo-del-ecosistema-PT-scaled.webp\" class=\"attachment-full size-full wp-image-16342\" alt=\"\" srcset=\"https:\/\/latimpacto.org\/wp-content\/uploads\/2025\/07\/banner_Mapeo-del-ecosistema-PT-scaled.webp 2560w, https:\/\/latimpacto.org\/wp-content\/uploads\/2025\/07\/banner_Mapeo-del-ecosistema-PT-300x117.webp 300w, https:\/\/latimpacto.org\/wp-content\/uploads\/2025\/07\/banner_Mapeo-del-ecosistema-PT-1024x398.webp 1024w, https:\/\/latimpacto.org\/wp-content\/uploads\/2025\/07\/banner_Mapeo-del-ecosistema-PT-768x299.webp 768w, https:\/\/latimpacto.org\/wp-content\/uploads\/2025\/07\/banner_Mapeo-del-ecosistema-PT-1536x597.webp 1536w, https:\/\/latimpacto.org\/wp-content\/uploads\/2025\/07\/banner_Mapeo-del-ecosistema-PT-2048x796.webp 2048w, https:\/\/latimpacto.org\/wp-content\/uploads\/2025\/07\/banner_Mapeo-del-ecosistema-PT-18x7.webp 18w, https:\/\/latimpacto.org\/wp-content\/uploads\/2025\/07\/banner_Mapeo-del-ecosistema-PT-650x253.webp 650w\" sizes=\"(max-width: 2560px) 100vw, 2560px\" \/>\t\t\t\t\t\t\t\t\t\t\t\t\t\t\t<\/div>\n\t\t\t\t<\/div>\n\t\t\t\t<\/div>\n\t\t<div class=\"elementor-element elementor-element-b5b39b5 e-flex e-con-boxed e-con e-parent\" data-id=\"b5b39b5\" data-element_type=\"container\" data-e-type=\"container\" data-settings=\"{&quot;background_background&quot;:&quot;gradient&quot;}\">\n\t\t\t\t\t<div class=\"e-con-inner\">\n\t\t<div class=\"elementor-element elementor-element-331c7b5 e-con-full e-flex e-con e-child\" data-id=\"331c7b5\" data-element_type=\"container\" data-e-type=\"container\">\n\t\t\t\t<div class=\"elementor-element elementor-element-92e99c3 bdt-flip-box-effect-flip bdt-flip-box-direction-left bdt-flip-box-easing-ease-out elementor-widget elementor-widget-bdt-flip-box\" data-id=\"92e99c3\" data-element_type=\"widget\" data-e-type=\"widget\" data-widget_type=\"bdt-flip-box.default\">\n\t\t\t\t<div class=\"elementor-widget-container\">\n\t\t\t\t\t\t\t<div class=\"bdt-flip-box\" data-settings=\"{&quot;flipTrigger&quot;:&quot;hover&quot;}\">\n\t\t\t<div class=\"bdt-flip-box-layer bdt-flip-box-front\">\n\t\t\t\t<div class=\"bdt-flip-box-layer-overlay\">\n\t\t\t\t\t<div class=\"bdt-flip-box-layer-inner\">\n\t\t\t\t\t\t\n\t\t\t\t\t\t\n\t\t\t\t\t\t\t\t\t\t\t<\/div>\n\t\t\t\t<\/div>\n\t\t\t<\/div>\n\t\t\t<div class=\"bdt-flip-box-layer bdt-flip-box-back\">\n\t\t\t\t<div class=\"bdt-flip-box-layer-overlay\">\n\t\t\t\t\t<div class=\"bdt-flip-box-layer-inner\">\n\t\t\t\t\t\t\n\t\t\t\t\t\t\t\t\t\t\t\t\t<div class=\"bdt-flip-box-layer-desc\">\n\t\t\t\t\t\t\t\t<strong><a href=\"https:\/\/docs.google.com\/forms\/d\/e\/1FAIpQLSe_2ztsri2Wv1jRuP9Oc45_TeAetl6xJPKgTotyBsiE1xOFxQ\/viewform\" target=\"_blank\">Responda aqui<\/a><\/strong><\/br> nossa pesquisa anual sobre a aplica\u00e7\u00e3o de capital de impacto na regi\u00e3o.<br>\nVeja os dados das vers\u00f5es anteriores.\t\t\t\t\t\t\t<\/div>\n\t\t\t\t\t\t\n\t\t\t\t\t\t\t\t\t\t\t\t\t<a class=\"bdt-flip-box-button elementor-button elementor-size-sm\" href=\"https:\/\/latimpacto.org\/pt\/impact-survey\/\" target=\"_blank\">\n\t\t\t\t\t\t\t\tClique aqui\t\t\t\t\t\t\t<\/a>\n\t\t\t\t\t\t\t\t\t\t\t<\/div>\n\t\t\t\t<\/div>\n\t\t\t<\/div>\n\t\t<\/div>\n\t\t\t\t\t<\/div>\n\t\t\t\t<\/div>\n\t\t\t\t<\/div>\n\t\t<div class=\"elementor-element elementor-element-09fa04f e-con-full e-flex e-con e-child\" data-id=\"09fa04f\" data-element_type=\"container\" data-e-type=\"container\">\n\t\t\t\t<div class=\"elementor-element elementor-element-71761fc bdt-flip-box-effect-flip bdt-flip-box-direction-left bdt-flip-box-easing-ease-out elementor-widget elementor-widget-bdt-flip-box\" data-id=\"71761fc\" data-element_type=\"widget\" data-e-type=\"widget\" data-widget_type=\"bdt-flip-box.default\">\n\t\t\t\t<div class=\"elementor-widget-container\">\n\t\t\t\t\t\t\t<div class=\"bdt-flip-box\" data-settings=\"{&quot;flipTrigger&quot;:&quot;hover&quot;}\">\n\t\t\t<div class=\"bdt-flip-box-layer bdt-flip-box-front\">\n\t\t\t\t<div class=\"bdt-flip-box-layer-overlay\">\n\t\t\t\t\t<div class=\"bdt-flip-box-layer-inner\">\n\t\t\t\t\t\t\n\t\t\t\t\t\t\n\t\t\t\t\t\t\t\t\t\t\t<\/div>\n\t\t\t\t<\/div>\n\t\t\t<\/div>\n\t\t\t<div class=\"bdt-flip-box-layer bdt-flip-box-back\">\n\t\t\t\t<div class=\"bdt-flip-box-layer-overlay\">\n\t\t\t\t\t<div class=\"bdt-flip-box-layer-inner\">\n\t\t\t\t\t\t\n\t\t\t\t\t\t\t\t\t\t\t\t\t<div class=\"bdt-flip-box-layer-desc\">\n\t\t\t\t\t\t\t\tAn\u00e1lise de ecossistemas regionais usando intelig\u00eancia artificial.\t\t\t\t\t\t\t<\/div>\n\t\t\t\t\t\t\n\t\t\t\t\t\t\t\t\t\t\t\t\t<a class=\"bdt-flip-box-button elementor-button elementor-size-sm\" href=\"https:\/\/sial.latimpacto.org\/\" target=\"_blank\">\n\t\t\t\t\t\t\t\tVeja mais\t\t\t\t\t\t\t<\/a>\n\t\t\t\t\t\t\t\t\t\t\t<\/div>\n\t\t\t\t<\/div>\n\t\t\t<\/div>\n\t\t<\/div>\n\t\t\t\t\t<\/div>\n\t\t\t\t<\/div>\n\t\t\t\t<\/div>\n\t\t\t\t\t<\/div>\n\t\t\t\t<\/div>\n\t\t<div class=\"elementor-element elementor-element-4b89706 e-flex e-con-boxed e-con e-parent\" data-id=\"4b89706\" data-element_type=\"container\" data-e-type=\"container\">\n\t\t\t\t\t<div class=\"e-con-inner\">\n\t\t\t\t<div class=\"elementor-element elementor-element-ba5a744 elementor-widget elementor-widget-heading\" data-id=\"ba5a744\" data-element_type=\"widget\" data-e-type=\"widget\" data-widget_type=\"heading.default\">\n\t\t\t\t<div class=\"elementor-widget-container\">\n\t\t\t\t\t<p class=\"elementor-heading-title elementor-size-default\">Para obter mais informa\u00e7\u00f5es, entre em contato conosco:<\/p>\t\t\t\t<\/div>\n\t\t\t\t<\/div>\n\t\t\t\t<div data-ep-wrapper-link=\"{&quot;url&quot;:&quot;mailto:catalina@latimpacto.org&quot;,&quot;is_external&quot;:&quot;&quot;,&quot;nofollow&quot;:&quot;&quot;,&quot;custom_attributes&quot;:&quot;&quot;}\" style=\"cursor: pointer\" class=\"bdt-element-link elementor-element elementor-element-32c8d58 elementor-widget elementor-widget-image\" data-id=\"32c8d58\" data-element_type=\"widget\" data-e-type=\"widget\" data-widget_type=\"image.default\">\n\t\t\t\t<div class=\"elementor-widget-container\">\n\t\t\t\t\t\t\t\t\t\t\t\t\t\t\t<img decoding=\"async\" width=\"1000\" height=\"176\" src=\"https:\/\/latimpacto.org\/wp-content\/uploads\/2025\/05\/mail_herramientas01-1024x180.webp\" class=\"attachment-large size-large wp-image-16336\" alt=\"\" srcset=\"https:\/\/latimpacto.org\/wp-content\/uploads\/2025\/05\/mail_herramientas01-1024x180.webp 1024w, https:\/\/latimpacto.org\/wp-content\/uploads\/2025\/05\/mail_herramientas01-300x53.webp 300w, https:\/\/latimpacto.org\/wp-content\/uploads\/2025\/05\/mail_herramientas01-768x135.webp 768w, https:\/\/latimpacto.org\/wp-content\/uploads\/2025\/05\/mail_herramientas01-1536x270.webp 1536w, https:\/\/latimpacto.org\/wp-content\/uploads\/2025\/05\/mail_herramientas01-2048x359.webp 2048w, https:\/\/latimpacto.org\/wp-content\/uploads\/2025\/05\/mail_herramientas01-18x3.webp 18w, https:\/\/latimpacto.org\/wp-content\/uploads\/2025\/05\/mail_herramientas01-650x114.webp 650w\" sizes=\"(max-width: 1000px) 100vw, 1000px\" \/>\t\t\t\t\t\t\t\t\t\t\t\t\t\t\t<\/div>\n\t\t\t\t<\/div>\n\t\t\t\t\t<\/div>\n\t\t\t\t<\/div>\n\t\t\t\t<\/div>","protected":false},"excerpt":{"rendered":"<p>Responde aqu\u00ed nuestra encuesta anual sobre despliegue de capital de impacto en la regi\u00f3n. Consulta los datos de versiones anteriores. Haz clic [&hellip;]<\/p>\n","protected":false},"author":3,"featured_media":0,"parent":0,"menu_order":0,"comment_status":"closed","ping_status":"closed","template":"","meta":{"_acf_changed":false,"footnotes":""},"class_list":["post-16340","page","type-page","status-publish","hentry"],"acf":[],"_links":{"self":[{"href":"https:\/\/latimpacto.org\/pt\/wp-json\/wp\/v2\/pages\/16340","targetHints":{"allow":["GET"]}}],"collection":[{"href":"https:\/\/latimpacto.org\/pt\/wp-json\/wp\/v2\/pages"}],"about":[{"href":"https:\/\/latimpacto.org\/pt\/wp-json\/wp\/v2\/types\/page"}],"author":[{"embeddable":true,"href":"https:\/\/latimpacto.org\/pt\/wp-json\/wp\/v2\/users\/3"}],"replies":[{"embeddable":true,"href":"https:\/\/latimpacto.org\/pt\/wp-json\/wp\/v2\/comments?post=16340"}],"version-history":[{"count":67,"href":"https:\/\/latimpacto.org\/pt\/wp-json\/wp\/v2\/pages\/16340\/revisions"}],"predecessor-version":[{"id":17738,"href":"https:\/\/latimpacto.org\/pt\/wp-json\/wp\/v2\/pages\/16340\/revisions\/17738"}],"wp:attachment":[{"href":"https:\/\/latimpacto.org\/pt\/wp-json\/wp\/v2\/media?parent=16340"}],"curies":[{"name":"wp","href":"https:\/\/api.w.org\/{rel}","templated":true}]}}