{"id":1733,"date":"2025-03-25T16:41:47","date_gmt":"2025-03-25T16:41:47","guid":{"rendered":"https:\/\/latimpacto.org\/porimpacto\/?page_id=1733"},"modified":"2026-04-06T20:22:41","modified_gmt":"2026-04-06T20:22:41","slug":"newsletter","status":"publish","type":"page","link":"https:\/\/latimpacto.org\/pt\/newsletter\/","title":{"rendered":"Boletim informativo"},"content":{"rendered":"<div data-elementor-type=\"wp-page\" data-elementor-id=\"1733\" class=\"elementor elementor-1733\" data-elementor-settings=\"{&quot;element_pack_global_tooltip_width&quot;:{&quot;unit&quot;:&quot;px&quot;,&quot;size&quot;:&quot;&quot;,&quot;sizes&quot;:[]},&quot;element_pack_global_tooltip_width_tablet&quot;:{&quot;unit&quot;:&quot;px&quot;,&quot;size&quot;:&quot;&quot;,&quot;sizes&quot;:[]},&quot;element_pack_global_tooltip_width_mobile&quot;:{&quot;unit&quot;:&quot;px&quot;,&quot;size&quot;:&quot;&quot;,&quot;sizes&quot;:[]},&quot;element_pack_global_tooltip_padding&quot;:{&quot;unit&quot;:&quot;px&quot;,&quot;top&quot;:&quot;&quot;,&quot;right&quot;:&quot;&quot;,&quot;bottom&quot;:&quot;&quot;,&quot;left&quot;:&quot;&quot;,&quot;isLinked&quot;:true},&quot;element_pack_global_tooltip_padding_tablet&quot;:{&quot;unit&quot;:&quot;px&quot;,&quot;top&quot;:&quot;&quot;,&quot;right&quot;:&quot;&quot;,&quot;bottom&quot;:&quot;&quot;,&quot;left&quot;:&quot;&quot;,&quot;isLinked&quot;:true},&quot;element_pack_global_tooltip_padding_mobile&quot;:{&quot;unit&quot;:&quot;px&quot;,&quot;top&quot;:&quot;&quot;,&quot;right&quot;:&quot;&quot;,&quot;bottom&quot;:&quot;&quot;,&quot;left&quot;:&quot;&quot;,&quot;isLinked&quot;:true},&quot;element_pack_global_tooltip_border_radius&quot;:{&quot;unit&quot;:&quot;px&quot;,&quot;top&quot;:&quot;&quot;,&quot;right&quot;:&quot;&quot;,&quot;bottom&quot;:&quot;&quot;,&quot;left&quot;:&quot;&quot;,&quot;isLinked&quot;:true},&quot;element_pack_global_tooltip_border_radius_tablet&quot;:{&quot;unit&quot;:&quot;px&quot;,&quot;top&quot;:&quot;&quot;,&quot;right&quot;:&quot;&quot;,&quot;bottom&quot;:&quot;&quot;,&quot;left&quot;:&quot;&quot;,&quot;isLinked&quot;:true},&quot;element_pack_global_tooltip_border_radius_mobile&quot;:{&quot;unit&quot;:&quot;px&quot;,&quot;top&quot;:&quot;&quot;,&quot;right&quot;:&quot;&quot;,&quot;bottom&quot;:&quot;&quot;,&quot;left&quot;:&quot;&quot;,&quot;isLinked&quot;:true}}\" wpc-filter-elementor-widget=\"1\">\n\t\t\t\t<div class=\"elementor-element elementor-element-2456507 e-con-full e-flex e-con e-parent\" data-id=\"2456507\" data-element_type=\"container\" data-e-type=\"container\" data-settings=\"{&quot;background_background&quot;:&quot;classic&quot;}\">\n\t\t<div class=\"elementor-element elementor-element-ebf7e6b e-flex e-con-boxed e-con e-child\" data-id=\"ebf7e6b\" data-element_type=\"container\" data-e-type=\"container\">\n\t\t\t\t\t<div class=\"e-con-inner\">\n\t\t\t\t<div class=\"elementor-element elementor-element-c9eeee0 elementor-widget elementor-widget-heading\" data-id=\"c9eeee0\" data-element_type=\"widget\" data-e-type=\"widget\" data-widget_type=\"heading.default\">\n\t\t\t\t<div class=\"elementor-widget-container\">\n\t\t\t\t\t<h2 class=\"elementor-heading-title elementor-size-default\">Boletim informativo<\/h2>\t\t\t\t<\/div>\n\t\t\t\t<\/div>\n\t\t\t\t<div class=\"elementor-element elementor-element-1df1539 elementor-widget elementor-widget-text-editor\" data-id=\"1df1539\" data-element_type=\"widget\" data-e-type=\"widget\" data-widget_type=\"text-editor.default\">\n\t\t\t\t<div class=\"elementor-widget-container\">\n\t\t\t\t\t\t\t\t\t<p>Aqui voc\u00ea encontrar\u00e1 os eventos mais relevantes que acontecem m\u00eas a m\u00eas em nossa comunidade. Navegue pelas experi\u00eancias de nossos membros para entender para onde o ecossistema de impacto est\u00e1 se movendo.<\/p>\t\t\t\t\t\t\t\t<\/div>\n\t\t\t\t<\/div>\n\t\t\t\t\t<\/div>\n\t\t\t\t<\/div>\n\t\t\t\t<\/div>\n\t\t<div class=\"elementor-element elementor-element-2acd3d8 e-flex e-con-boxed e-con e-parent\" data-id=\"2acd3d8\" data-element_type=\"container\" data-e-type=\"container\" data-settings=\"{&quot;background_background&quot;:&quot;classic&quot;}\">\n\t\t\t\t\t<div class=\"e-con-inner\">\n\t\t\t\t<div class=\"elementor-element elementor-element-464b89a e-n-tabs-mobile elementor-widget elementor-widget-n-tabs\" data-id=\"464b89a\" data-element_type=\"widget\" data-e-type=\"widget\" data-settings=\"{&quot;tabs_justify_horizontal&quot;:&quot;start&quot;,&quot;horizontal_scroll&quot;:&quot;disable&quot;}\" data-widget_type=\"nested-tabs.default\">\n\t\t\t\t<div class=\"elementor-widget-container\">\n\t\t\t\t\t\t\t<div class=\"e-n-tabs\" data-widget-number=\"73709722\" aria-label=\"Tabs. Open items with Enter or Space, close with Escape and navigate using the Arrow keys.\" data-no-translation-aria-label=\"\">\n\t\t\t<div class=\"e-n-tabs-heading\" role=\"tablist\">\n\t\t\t\t\t<button id=\"e-n-tab-title-737097221\" data-tab-title-id=\"e-n-tab-title-737097221\" class=\"e-n-tab-title\" aria-selected=\"true\" data-tab-index=\"1\" role=\"tab\" tabindex=\"0\" aria-controls=\"e-n-tab-content-737097221\" style=\"--n-tabs-title-order: 1;\">\n\t\t\t\t\t\t<span class=\"e-n-tab-title-text\">\n\t\t\t\t2026\t\t\t<\/span>\n\t\t<\/button>\n\t\t\t\t<button id=\"e-n-tab-title-737097222\" data-tab-title-id=\"e-n-tab-title-737097222\" class=\"e-n-tab-title\" aria-selected=\"false\" data-tab-index=\"2\" role=\"tab\" tabindex=\"-1\" aria-controls=\"e-n-tab-content-737097222\" style=\"--n-tabs-title-order: 2;\">\n\t\t\t\t\t\t<span class=\"e-n-tab-title-text\">\n\t\t\t\t2025\t\t\t<\/span>\n\t\t<\/button>\n\t\t\t\t<button id=\"e-n-tab-title-737097223\" data-tab-title-id=\"e-n-tab-title-737097223\" class=\"e-n-tab-title\" aria-selected=\"false\" data-tab-index=\"3\" role=\"tab\" tabindex=\"-1\" aria-controls=\"e-n-tab-content-737097223\" style=\"--n-tabs-title-order: 3;\">\n\t\t\t\t\t\t<span class=\"e-n-tab-title-text\">\n\t\t\t\t2024\t\t\t<\/span>\n\t\t<\/button>\n\t\t\t\t<button id=\"e-n-tab-title-737097224\" data-tab-title-id=\"e-n-tab-title-737097224\" class=\"e-n-tab-title\" aria-selected=\"false\" data-tab-index=\"4\" role=\"tab\" tabindex=\"-1\" aria-controls=\"e-n-tab-content-737097224\" style=\"--n-tabs-title-order: 4;\">\n\t\t\t\t\t\t<span class=\"e-n-tab-title-text\">\n\t\t\t\t2023\t\t\t<\/span>\n\t\t<\/button>\n\t\t\t\t<button id=\"e-n-tab-title-737097225\" data-tab-title-id=\"e-n-tab-title-737097225\" class=\"e-n-tab-title\" aria-selected=\"false\" data-tab-index=\"5\" role=\"tab\" tabindex=\"-1\" aria-controls=\"e-n-tab-content-737097225\" style=\"--n-tabs-title-order: 5;\">\n\t\t\t\t\t\t<span class=\"e-n-tab-title-text\">\n\t\t\t\t2022\t\t\t<\/span>\n\t\t<\/button>\n\t\t\t\t<button id=\"e-n-tab-title-737097226\" data-tab-title-id=\"e-n-tab-title-737097226\" class=\"e-n-tab-title\" aria-selected=\"false\" data-tab-index=\"6\" role=\"tab\" tabindex=\"-1\" aria-controls=\"e-n-tab-content-737097226\" style=\"--n-tabs-title-order: 6;\">\n\t\t\t\t\t\t<span class=\"e-n-tab-title-text\">\n\t\t\t\t2021\t\t\t<\/span>\n\t\t<\/button>\n\t\t\t\t\t<\/div>\n\t\t\t<div class=\"e-n-tabs-content\">\n\t\t\t\t<div id=\"e-n-tab-content-737097221\" role=\"tabpanel\" aria-labelledby=\"e-n-tab-title-737097221\" data-tab-index=\"1\" style=\"--n-tabs-title-order: 1;\" class=\"e-active elementor-element elementor-element-7235ebb e-con-full e-flex e-con e-child\" data-id=\"7235ebb\" data-element_type=\"container\" data-e-type=\"container\">\n\t\t<div class=\"elementor-element elementor-element-061da27 e-con-full e-flex e-con e-child\" data-id=\"061da27\" data-element_type=\"container\" data-e-type=\"container\">\n\t\t\t\t<div class=\"elementor-element elementor-element-3663467 elementor-widget elementor-widget-text-editor\" data-id=\"3663467\" data-element_type=\"widget\" data-e-type=\"widget\" data-widget_type=\"text-editor.default\">\n\t\t\t\t<div class=\"elementor-widget-container\">\n\t\t\t\t\t\t\t\t\t<ul><li><a href=\"https:\/\/mailchi.mp\/latimpacto\/newsletter-latimpacto-ene-es-12868658\">Janeiro<\/a><\/li><li><a href=\"https:\/\/mailchi.mp\/latimpacto\/newsletter-latimpacto-feb-es-12869030\">Fevereiro<\/a><\/li><\/ul>\t\t\t\t\t\t\t\t<\/div>\n\t\t\t\t<\/div>\n\t\t\t\t<\/div>\n\t\t<div class=\"elementor-element elementor-element-944704c e-con-full e-flex e-con e-child\" data-id=\"944704c\" data-element_type=\"container\" data-e-type=\"container\">\n\t\t\t\t<\/div>\n\t\t<div class=\"elementor-element elementor-element-45a5273 e-con-full e-flex e-con e-child\" data-id=\"45a5273\" data-element_type=\"container\" data-e-type=\"container\">\n\t\t\t\t<\/div>\n\t\t\t\t<\/div>\n\t\t<div id=\"e-n-tab-content-737097222\" role=\"tabpanel\" aria-labelledby=\"e-n-tab-title-737097222\" data-tab-index=\"2\" style=\"--n-tabs-title-order: 2;\" class=\"elementor-element elementor-element-12ee3e2 e-con-full e-flex e-con e-child\" data-id=\"12ee3e2\" data-element_type=\"container\" data-e-type=\"container\">\n\t\t<div class=\"elementor-element elementor-element-9f03294 e-con-full e-flex e-con e-child\" data-id=\"9f03294\" data-element_type=\"container\" data-e-type=\"container\">\n\t\t\t\t<div class=\"elementor-element elementor-element-08b42f0 elementor-widget elementor-widget-text-editor\" data-id=\"08b42f0\" data-element_type=\"widget\" data-e-type=\"widget\" data-widget_type=\"text-editor.default\">\n\t\t\t\t<div class=\"elementor-widget-container\">\n\t\t\t\t\t\t\t\t\t<ul><li><a href=\"https:\/\/mailchi.mp\/latimpacto\/newsletter-latimpacto-ene-pt-12839778\" target=\"_blank\" rel=\"noopener\">Janeiro<\/a><\/li><li><a href=\"https:\/\/mailchi.mp\/latimpacto\/newsletter-latimpacto-feb-pt-12842772\" target=\"_blank\" rel=\"noopener\">Fevereiro<\/a><\/li><li><a href=\"https:\/\/mailchi.mp\/latimpacto\/newsletter-latimpacto-mar-pt-12845038\" target=\"_blank\" rel=\"noopener\">Mar\u00e7o<\/a><\/li><li><a href=\"https:\/\/mailchi.mp\/latimpacto\/newsletter-latimpacto-abr-pt-12866355\" target=\"_blank\" rel=\"noopener\">Abril<\/a><\/li><\/ul>\t\t\t\t\t\t\t\t<\/div>\n\t\t\t\t<\/div>\n\t\t\t\t<\/div>\n\t\t<div class=\"elementor-element elementor-element-3a6a4f5 e-con-full e-flex e-con e-child\" data-id=\"3a6a4f5\" data-element_type=\"container\" data-e-type=\"container\">\n\t\t\t\t<div class=\"elementor-element elementor-element-747f808 elementor-widget elementor-widget-text-editor\" data-id=\"747f808\" data-element_type=\"widget\" data-e-type=\"widget\" data-widget_type=\"text-editor.default\">\n\t\t\t\t<div class=\"elementor-widget-container\">\n\t\t\t\t\t\t\t\t\t<ul>\n \t<li><a href=\"https:\/\/mailchi.mp\/latimpacto\/newsletter-latimpacto-may-pt-12866600\" target=\"_blank\" rel=\"noopener\">Maio<\/a><\/li>\n \t<li><a href=\"https:\/\/mailchi.mp\/latimpacto\/newsletter-latimpacto-jun-pt-12866968\" target=\"_blank\" rel=\"noopener\">Junho<\/a><\/li>\n \t<li><a href=\"https:\/\/mailchi.mp\/latimpacto\/newsletter-latimpacto-jul-pt-12867244\" target=\"_blank\" rel=\"noopener\">Julho<\/a><\/li>\n \t<li><a href=\"https:\/\/mailchi.mp\/latimpacto\/newsletter-latimpacto-sept-pt-12867807\" target=\"_blank\" rel=\"noopener\">Setembro<\/a><\/li>\n<\/ul>\t\t\t\t\t\t\t\t<\/div>\n\t\t\t\t<\/div>\n\t\t\t\t<\/div>\n\t\t<div class=\"elementor-element elementor-element-bd4213e e-con-full e-flex e-con e-child\" data-id=\"bd4213e\" data-element_type=\"container\" data-e-type=\"container\">\n\t\t\t\t<div class=\"elementor-element elementor-element-1fb141a elementor-widget elementor-widget-text-editor\" data-id=\"1fb141a\" data-element_type=\"widget\" data-e-type=\"widget\" data-widget_type=\"text-editor.default\">\n\t\t\t\t<div class=\"elementor-widget-container\">\n\t\t\t\t\t\t\t\t\t<ul>\n \t<li><a href=\"https:\/\/mailchi.mp\/latimpacto\/newsletter-latimpacto-oct-pt-12867512\" target=\"_blank\" rel=\"noopener\">Outubro<\/a><\/li>\n \t<li><a href=\"https:\/\/mailchi.mp\/latimpacto\/newsletter-pt-12868317\" target=\"_blank\" rel=\"noopener\">Dezembro<\/a><\/li>\n<\/ul>\n\t\t\t\t\t\t\t\t<\/div>\n\t\t\t\t<\/div>\n\t\t\t\t<\/div>\n\t\t\t\t<\/div>\n\t\t<div id=\"e-n-tab-content-737097223\" role=\"tabpanel\" aria-labelledby=\"e-n-tab-title-737097223\" data-tab-index=\"3\" style=\"--n-tabs-title-order: 3;\" class=\"elementor-element elementor-element-9f0d555 e-con-full e-flex e-con e-child\" data-id=\"9f0d555\" data-element_type=\"container\" data-e-type=\"container\">\n\t\t<div class=\"elementor-element elementor-element-65a2308 e-con-full e-flex e-con e-child\" data-id=\"65a2308\" data-element_type=\"container\" data-e-type=\"container\">\n\t\t\t\t<div class=\"elementor-element elementor-element-9726696 elementor-widget elementor-widget-text-editor\" data-id=\"9726696\" data-element_type=\"widget\" data-e-type=\"widget\" data-widget_type=\"text-editor.default\">\n\t\t\t\t<div class=\"elementor-widget-container\">\n\t\t\t\t\t\t\t\t\t<ul>\n \t<li><a href=\"https:\/\/mailchi.mp\/latimpacto\/newsletter-latimpacto-ene-es-2024\" target=\"_blank\" rel=\"noopener\">Janeiro<\/a><\/li>\n \t<li><a href=\"https:\/\/mailchi.mp\/latimpacto\/newsletter-latimpacto-ene-es-12797831\" target=\"_blank\" rel=\"noopener\">Fevereiro<\/a><\/li>\n \t<li><a href=\"https:\/\/mailchi.mp\/latimpacto\/newsletter-latimpacto-mar-es-12800271\" target=\"_blank\" rel=\"noopener\">Mar\u00e7o<\/a><\/li>\n \t<li><a href=\"https:\/\/mailchi.mp\/latimpacto\/newsletter-latimpacto-abr-pt-12805017\" target=\"_blank\" rel=\"noopener\">Abril<\/a><\/li>\n \t\n<\/ul>\t\t\t\t\t\t\t\t<\/div>\n\t\t\t\t<\/div>\n\t\t\t\t<\/div>\n\t\t<div class=\"elementor-element elementor-element-f586b24 e-con-full e-flex e-con e-child\" data-id=\"f586b24\" data-element_type=\"container\" data-e-type=\"container\">\n\t\t\t\t<div class=\"elementor-element elementor-element-d1a46bf elementor-widget elementor-widget-text-editor\" data-id=\"d1a46bf\" data-element_type=\"widget\" data-e-type=\"widget\" data-widget_type=\"text-editor.default\">\n\t\t\t\t<div class=\"elementor-widget-container\">\n\t\t\t\t\t\t\t\t\t<ul>\n \t<li><a href=\"https:\/\/mailchi.mp\/latimpacto\/newsletter-latimpacto-may-pt-12866600\" target=\"_blank\" rel=\"noopener\">Maio<\/a><\/li>\n \t<li><a href=\"https:\/\/mailchi.mp\/latimpacto\/newsletter-latimpacto-jun-pt-12866968\" target=\"_blank\" rel=\"noopener\">Junho<\/a><\/li>\n<li><a href=\"https:\/\/mailchi.mp\/latimpacto\/newsletter-latimpacto-jul-pt-2024\" target=\"_blank\" rel=\"noopener\">Julho<\/a><\/li>\n \t<li><a href=\"https:\/\/mailchi.mp\/latimpacto\/newsletter-latimpacto-ago-pt-12825272\" target=\"_blank\" rel=\"noopener\">Agosto<\/a><\/li>\n<\/ul>\t\t\t\t\t\t\t\t<\/div>\n\t\t\t\t<\/div>\n\t\t\t\t<\/div>\n\t\t<div class=\"elementor-element elementor-element-6af9da0 e-con-full e-flex e-con e-child\" data-id=\"6af9da0\" data-element_type=\"container\" data-e-type=\"container\">\n\t\t\t\t<div class=\"elementor-element elementor-element-cebde93 elementor-widget elementor-widget-text-editor\" data-id=\"cebde93\" data-element_type=\"widget\" data-e-type=\"widget\" data-widget_type=\"text-editor.default\">\n\t\t\t\t<div class=\"elementor-widget-container\">\n\t\t\t\t\t\t\t\t\t<ul>\n \t\n \t<li><a href=\"https:\/\/mailchi.mp\/latimpacto\/newsletter-latimpacto-oct-pt-12831686\" target=\"_blank\" rel=\"noopener\">Outubro<\/a><\/li>\n \t<li><a href=\"https:\/\/mailchi.mp\/latimpacto\/newsletter-latimpacto-nov-pt-12834926\" target=\"_blank\" rel=\"noopener\">Novembro<\/a><\/li>\n \t<li><a href=\"https:\/\/mailchi.mp\/latimpacto\/newsletter-latimpacto-dic-pt-12835698\" target=\"_blank\" rel=\"noopener\">Dezembro<\/a><\/li>\n<\/ul>\t\t\t\t\t\t\t\t<\/div>\n\t\t\t\t<\/div>\n\t\t\t\t<\/div>\n\t\t\t\t<\/div>\n\t\t<div id=\"e-n-tab-content-737097224\" role=\"tabpanel\" aria-labelledby=\"e-n-tab-title-737097224\" data-tab-index=\"4\" style=\"--n-tabs-title-order: 4;\" class=\"elementor-element elementor-element-bf07c8a e-con-full e-flex e-con e-child\" data-id=\"bf07c8a\" data-element_type=\"container\" data-e-type=\"container\">\n\t\t<div class=\"elementor-element elementor-element-137ea9c e-con-full e-flex e-con e-child\" data-id=\"137ea9c\" data-element_type=\"container\" data-e-type=\"container\">\n\t\t\t\t<div class=\"elementor-element elementor-element-e8f01da elementor-widget elementor-widget-text-editor\" data-id=\"e8f01da\" data-element_type=\"widget\" data-e-type=\"widget\" data-widget_type=\"text-editor.default\">\n\t\t\t\t<div class=\"elementor-widget-container\">\n\t\t\t\t\t\t\t\t\t<ul>\n \t<li><a href=\"https:\/\/mailchi.mp\/4d55124b05ef\/oup9cii64i\" target=\"_blank\" rel=\"noopener\">Janeiro<\/a><\/li>\n \t<li><a href=\"https:\/\/mailchi.mp\/latimpacto\/newsletter-latimpacto-ene-es-12797831\" target=\"_blank\" rel=\"noopener\">Fevereiro<\/a><\/li>\n \t<li><a href=\"https:\/\/mailchi.mp\/358828900cb5\/oup9cii64i-11464796\" target=\"_blank\" rel=\"noopener\">Mar\u00e7o<\/a><\/li>\n \t\n<\/ul>\t\t\t\t\t\t\t\t<\/div>\n\t\t\t\t<\/div>\n\t\t\t\t<\/div>\n\t\t<div class=\"elementor-element elementor-element-f5fbaf2 e-con-full e-flex e-con e-child\" data-id=\"f5fbaf2\" data-element_type=\"container\" data-e-type=\"container\">\n\t\t\t\t<div class=\"elementor-element elementor-element-af19d65 elementor-widget elementor-widget-text-editor\" data-id=\"af19d65\" data-element_type=\"widget\" data-e-type=\"widget\" data-widget_type=\"text-editor.default\">\n\t\t\t\t<div class=\"elementor-widget-container\">\n\t\t\t\t\t\t\t\t\t<ul>\n \t<li><a href=\"https:\/\/mailchi.mp\/7cae5e9942df\/oup9cii64i-11468996\" target=\"_blank\" rel=\"noopener\">Abril<\/a><\/li>\n<li><a href=\"https:\/\/mailchi.mp\/latimpacto\/newsletter-latimpacto-may-pt-12866600\" target=\"_blank\" rel=\"noopener\">Maio<\/a><\/li>\n \t<li><a href=\"https:\/\/mailchi.mp\/latimpacto\/newsletter-latimpacto-jun-pt-12866968\" target=\"_blank\" rel=\"noopener\">Junho<\/a><\/li>\n<\/ul>\t\t\t\t\t\t\t\t<\/div>\n\t\t\t\t<\/div>\n\t\t\t\t<\/div>\n\t\t<div class=\"elementor-element elementor-element-263b6c8 e-con-full e-flex e-con e-child\" data-id=\"263b6c8\" data-element_type=\"container\" data-e-type=\"container\">\n\t\t\t\t<div class=\"elementor-element elementor-element-fa48e75 elementor-widget elementor-widget-text-editor\" data-id=\"fa48e75\" data-element_type=\"widget\" data-e-type=\"widget\" data-widget_type=\"text-editor.default\">\n\t\t\t\t<div class=\"elementor-widget-container\">\n\t\t\t\t\t\t\t\t\t<ul>\n \t\n \t<li><a href=\"https:\/\/mailchi.mp\/latimpacto\/newsletter-latimpacto-jul-pt-2024\" target=\"_blank\" rel=\"noopener\">Julho<\/a><\/li>\n \t<li><a href=\"https:\/\/mailchi.mp\/latimpacto\/newsletter-latimpacto-agosto\" target=\"_blank\" rel=\"noopener\">Agosto<\/a><\/li>\n<\/ul>\t\t\t\t\t\t\t\t<\/div>\n\t\t\t\t<\/div>\n\t\t\t\t<\/div>\n\t\t\t\t<\/div>\n\t\t<div id=\"e-n-tab-content-737097225\" role=\"tabpanel\" aria-labelledby=\"e-n-tab-title-737097225\" data-tab-index=\"5\" style=\"--n-tabs-title-order: 5;\" class=\"elementor-element elementor-element-6960ef7 e-flex e-con-boxed e-con e-child\" data-id=\"6960ef7\" data-element_type=\"container\" data-e-type=\"container\">\n\t\t\t\t\t<div class=\"e-con-inner\">\n\t\t<div class=\"elementor-element elementor-element-0f801ac e-con-full e-flex e-con e-child\" data-id=\"0f801ac\" data-element_type=\"container\" data-e-type=\"container\">\n\t\t\t\t<div class=\"elementor-element elementor-element-15d2b8e elementor-widget elementor-widget-text-editor\" data-id=\"15d2b8e\" data-element_type=\"widget\" data-e-type=\"widget\" data-widget_type=\"text-editor.default\">\n\t\t\t\t<div class=\"elementor-widget-container\">\n\t\t\t\t\t\t\t\t\t<ul>\n \t<li><a href=\"https:\/\/mailchi.mp\/6b223388714c\/newsletter-agosto-11351943\" target=\"_blank\" rel=\"noopener\">Fevereiro<\/a><\/li>\n \t<li><a href=\"https:\/\/mailchi.mp\/latimpacto\/newsletter-latimpacto-mar-es-12800271\" target=\"_blank\" rel=\"noopener\">Mar\u00e7o<\/a><\/li>\n \t<li><a href=\"https:\/\/mailchi.mp\/latimpacto\/newsletter-latimpacto-abr-pt-12805017\" target=\"_blank\" rel=\"noopener\">Abril<\/a><\/li>\n \t<li><a href=\"https:\/\/mailchi.mp\/latimpacto\/newsletter-latimpacto-may-pt-12866600\" target=\"_blank\" rel=\"noopener\">Maio<\/a><\/li>\n \t\n<\/ul>\t\t\t\t\t\t\t\t<\/div>\n\t\t\t\t<\/div>\n\t\t\t\t<\/div>\n\t\t<div class=\"elementor-element elementor-element-4284e10 e-con-full e-flex e-con e-child\" data-id=\"4284e10\" data-element_type=\"container\" data-e-type=\"container\">\n\t\t\t\t<div class=\"elementor-element elementor-element-92d6a5b elementor-widget elementor-widget-text-editor\" data-id=\"92d6a5b\" data-element_type=\"widget\" data-e-type=\"widget\" data-widget_type=\"text-editor.default\">\n\t\t\t\t<div class=\"elementor-widget-container\">\n\t\t\t\t\t\t\t\t\t<ul>\n \t<li><a href=\"https:\/\/mailchi.mp\/latimpacto\/newsletter-latimpacto-jun-pt-12866968\" target=\"_blank\" rel=\"noopener\">Junho<\/a><\/li>\n \t<li><a href=\"https:\/\/mailchi.mp\/16dd628ec456\/newsletter-november-11425915\" target=\"_blank\" rel=\"noopener\">Julho<\/a><\/li>\n<li><a href=\"https:\/\/sh1.sendinblue.com\/vl7s3n0xxpfe.html?t=1661869941\" target=\"_blank\" rel=\"noopener\">Agosto<\/a><\/li>\n \t<li><a href=\"https:\/\/sh1.sendinblue.com\/acosdfn0xxpfe.html?t=1663952542\" target=\"_blank\" rel=\"noopener\">Setembro<\/a><\/li>\n<\/ul>\t\t\t\t\t\t\t\t<\/div>\n\t\t\t\t<\/div>\n\t\t\t\t<\/div>\n\t\t<div class=\"elementor-element elementor-element-8d66371 e-con-full e-flex e-con e-child\" data-id=\"8d66371\" data-element_type=\"container\" data-e-type=\"container\">\n\t\t\t\t<div class=\"elementor-element elementor-element-e16709b elementor-widget elementor-widget-text-editor\" data-id=\"e16709b\" data-element_type=\"widget\" data-e-type=\"widget\" data-widget_type=\"text-editor.default\">\n\t\t\t\t<div class=\"elementor-widget-container\">\n\t\t\t\t\t\t\t\t\t<ul>\n \t\n \t<li><a href=\"https:\/\/mailchi.mp\/latimpacto\/newsletter-latimpacto-oct-pt-12831686\" target=\"_blank\" rel=\"noopener\">Outubro<\/a><\/li>\n \t<li><a href=\"https:\/\/mailchi.mp\/latimpacto\/newsletter-latimpacto-nov-pt-12834926\" target=\"_blank\" rel=\"noopener\">Novembro<\/a><\/li>\n \t<li><a href=\"https:\/\/mailchi.mp\/latimpacto\/newsletter-latimpacto-dic-pt-12835698\" target=\"_blank\" rel=\"noopener\">Dezembro<\/a><\/li>\n<\/ul>\t\t\t\t\t\t\t\t<\/div>\n\t\t\t\t<\/div>\n\t\t\t\t<\/div>\n\t\t\t\t\t<\/div>\n\t\t\t\t<\/div>\n\t\t<div id=\"e-n-tab-content-737097226\" role=\"tabpanel\" aria-labelledby=\"e-n-tab-title-737097226\" data-tab-index=\"6\" style=\"--n-tabs-title-order: 6;\" class=\"elementor-element elementor-element-d69aa31 e-flex e-con-boxed e-con e-child\" data-id=\"d69aa31\" data-element_type=\"container\" data-e-type=\"container\">\n\t\t\t\t\t<div class=\"e-con-inner\">\n\t\t<div class=\"elementor-element elementor-element-b2108ab e-con-full e-flex e-con e-child\" data-id=\"b2108ab\" data-element_type=\"container\" data-e-type=\"container\">\n\t\t\t\t<div class=\"elementor-element elementor-element-b27823b elementor-widget elementor-widget-text-editor\" data-id=\"b27823b\" data-element_type=\"widget\" data-e-type=\"widget\" data-widget_type=\"text-editor.default\">\n\t\t\t\t<div class=\"elementor-widget-container\">\n\t\t\t\t\t\t\t\t\t<ul>\n \t<li><a href=\"https:\/\/mailchi.mp\/6b223388714c\/newsletter-agosto-11351943\" target=\"_blank\" rel=\"noopener\">Janeiro<\/a><\/li>\n \t<li><a href=\"https:\/\/mailchi.mp\/576b84dcde1d\/newsletter-agosto-11353539\" target=\"_blank\" rel=\"noopener\">Fevereiro<\/a><\/li>\n \t<li><a href=\"https:\/\/mailchi.mp\/60e48649ac0f\/newsletter-agosto-11362243\" target=\"_blank\" rel=\"noopener\">Mar\u00e7o<\/a><\/li>\n \t<li><a href=\"https:\/\/mailchi.mp\/513802974b17\/newsletter-november-11408419\" target=\"_blank\" rel=\"noopener\">Abril<\/a><\/li>\n \t\n<\/ul>\t\t\t\t\t\t\t\t<\/div>\n\t\t\t\t<\/div>\n\t\t\t\t<\/div>\n\t\t<div class=\"elementor-element elementor-element-5c923b8 e-con-full e-flex e-con e-child\" data-id=\"5c923b8\" data-element_type=\"container\" data-e-type=\"container\">\n\t\t\t\t<div class=\"elementor-element elementor-element-9910a53 elementor-widget elementor-widget-text-editor\" data-id=\"9910a53\" data-element_type=\"widget\" data-e-type=\"widget\" data-widget_type=\"text-editor.default\">\n\t\t\t\t<div class=\"elementor-widget-container\">\n\t\t\t\t\t\t\t\t\t<ul>\n \t<li><a href=\"https:\/\/mailchi.mp\/787e1db8b37c\/newsletter-november-11413839\" target=\"_blank\" rel=\"noopener\">Maio<\/a><\/li>\n \t<li><a href=\"https:\/\/mailchi.mp\/16dd628ec456\/newsletter-november-11425915\" target=\"_blank\" rel=\"noopener\">Junho<\/a><\/li>\n<li><a href=\"https:\/\/sh1.sendinblue.com\/vl7s3n0xxpfe.html?t=1661869941\" target=\"_blank\" rel=\"noopener\">Julho<\/a><\/li>\n \t<li><a href=\"https:\/\/sh1.sendinblue.com\/acosdfn0xxpfe.html?t=1663952542\" target=\"_blank\" rel=\"noopener\">Agosto<\/a><\/li>\n<\/ul>\t\t\t\t\t\t\t\t<\/div>\n\t\t\t\t<\/div>\n\t\t\t\t<\/div>\n\t\t<div class=\"elementor-element elementor-element-f10b8de e-con-full e-flex e-con e-child\" data-id=\"f10b8de\" data-element_type=\"container\" data-e-type=\"container\">\n\t\t\t\t<div class=\"elementor-element elementor-element-a6a95f7 elementor-widget elementor-widget-text-editor\" data-id=\"a6a95f7\" data-element_type=\"widget\" data-e-type=\"widget\" data-widget_type=\"text-editor.default\">\n\t\t\t\t<div class=\"elementor-widget-container\">\n\t\t\t\t\t\t\t\t\t<ul>\n \t\n \t<li><a href=\"https:\/\/sh1.sendinblue.com\/act02rn0xxpfe.html?t=1667248756\" target=\"_blank\" rel=\"noopener\">Setembro<\/a><\/li>\n \t<li><a href=\"https:\/\/mailchi.mp\/5abc51678518\/u603nz0go6\" target=\"_blank\" rel=\"noopener\">Outubro<\/a><\/li>\n \t<li><a href=\"https:\/\/mailchi.mp\/02e3e41660a5\/u603nz0go6-11449604\" target=\"_blank\" rel=\"noopener\">Novembro<\/a><\/li>\n \t<li><a href=\"https:\/\/mailchi.mp\/02e3e41660a5\/u603nz0go6-11449604\" target=\"_blank\" rel=\"noopener\">Dezembro<\/a><\/li>\n<\/ul>\t\t\t\t\t\t\t\t<\/div>\n\t\t\t\t<\/div>\n\t\t\t\t<\/div>\n\t\t\t\t\t<\/div>\n\t\t\t\t<\/div>\n\t\t\t\t\t<\/div>\n\t\t<\/div>\n\t\t\t\t\t\t<\/div>\n\t\t\t\t<\/div>\n\t\t\t\t\t<\/div>\n\t\t\t\t<\/div>\n\t\t\t\t<\/div>","protected":false},"excerpt":{"rendered":"<p>Newsletter Aqu\u00ed encontrar\u00e1s los sucesos m\u00e1s relevantes que ocurren mes a mes en nuestra comunidad. Navega por las experiencias de nuestros miembros, [&hellip;]<\/p>\n","protected":false},"author":1,"featured_media":0,"parent":0,"menu_order":0,"comment_status":"closed","ping_status":"closed","template":"","meta":{"_acf_changed":false,"footnotes":""},"class_list":["post-1733","page","type-page","status-publish","hentry"],"acf":[],"_links":{"self":[{"href":"https:\/\/latimpacto.org\/pt\/wp-json\/wp\/v2\/pages\/1733","targetHints":{"allow":["GET"]}}],"collection":[{"href":"https:\/\/latimpacto.org\/pt\/wp-json\/wp\/v2\/pages"}],"about":[{"href":"https:\/\/latimpacto.org\/pt\/wp-json\/wp\/v2\/types\/page"}],"author":[{"embeddable":true,"href":"https:\/\/latimpacto.org\/pt\/wp-json\/wp\/v2\/users\/1"}],"replies":[{"embeddable":true,"href":"https:\/\/latimpacto.org\/pt\/wp-json\/wp\/v2\/comments?post=1733"}],"version-history":[{"count":65,"href":"https:\/\/latimpacto.org\/pt\/wp-json\/wp\/v2\/pages\/1733\/revisions"}],"predecessor-version":[{"id":18900,"href":"https:\/\/latimpacto.org\/pt\/wp-json\/wp\/v2\/pages\/1733\/revisions\/18900"}],"wp:attachment":[{"href":"https:\/\/latimpacto.org\/pt\/wp-json\/wp\/v2\/media?parent=1733"}],"curies":[{"name":"wp","href":"https:\/\/api.w.org\/{rel}","templated":true}]}}