{"id":17376,"date":"2025-08-31T06:59:07","date_gmt":"2025-08-31T06:59:07","guid":{"rendered":"https:\/\/latimpacto.org\/?page_id=17376"},"modified":"2026-05-12T20:33:49","modified_gmt":"2026-05-12T20:33:49","slug":"innature-lab","status":"publish","type":"page","link":"https:\/\/latimpacto.org\/pt\/innature-lab\/","title":{"rendered":"Laborat\u00f3rio Innature"},"content":{"rendered":"<div data-elementor-type=\"wp-page\" data-elementor-id=\"17376\" class=\"elementor elementor-17376\" data-elementor-settings=\"{&quot;element_pack_global_tooltip_width&quot;:{&quot;unit&quot;:&quot;px&quot;,&quot;size&quot;:&quot;&quot;,&quot;sizes&quot;:[]},&quot;element_pack_global_tooltip_width_tablet&quot;:{&quot;unit&quot;:&quot;px&quot;,&quot;size&quot;:&quot;&quot;,&quot;sizes&quot;:[]},&quot;element_pack_global_tooltip_width_mobile&quot;:{&quot;unit&quot;:&quot;px&quot;,&quot;size&quot;:&quot;&quot;,&quot;sizes&quot;:[]},&quot;element_pack_global_tooltip_padding&quot;:{&quot;unit&quot;:&quot;px&quot;,&quot;top&quot;:&quot;&quot;,&quot;right&quot;:&quot;&quot;,&quot;bottom&quot;:&quot;&quot;,&quot;left&quot;:&quot;&quot;,&quot;isLinked&quot;:true},&quot;element_pack_global_tooltip_padding_tablet&quot;:{&quot;unit&quot;:&quot;px&quot;,&quot;top&quot;:&quot;&quot;,&quot;right&quot;:&quot;&quot;,&quot;bottom&quot;:&quot;&quot;,&quot;left&quot;:&quot;&quot;,&quot;isLinked&quot;:true},&quot;element_pack_global_tooltip_padding_mobile&quot;:{&quot;unit&quot;:&quot;px&quot;,&quot;top&quot;:&quot;&quot;,&quot;right&quot;:&quot;&quot;,&quot;bottom&quot;:&quot;&quot;,&quot;left&quot;:&quot;&quot;,&quot;isLinked&quot;:true},&quot;element_pack_global_tooltip_border_radius&quot;:{&quot;unit&quot;:&quot;px&quot;,&quot;top&quot;:&quot;&quot;,&quot;right&quot;:&quot;&quot;,&quot;bottom&quot;:&quot;&quot;,&quot;left&quot;:&quot;&quot;,&quot;isLinked&quot;:true},&quot;element_pack_global_tooltip_border_radius_tablet&quot;:{&quot;unit&quot;:&quot;px&quot;,&quot;top&quot;:&quot;&quot;,&quot;right&quot;:&quot;&quot;,&quot;bottom&quot;:&quot;&quot;,&quot;left&quot;:&quot;&quot;,&quot;isLinked&quot;:true},&quot;element_pack_global_tooltip_border_radius_mobile&quot;:{&quot;unit&quot;:&quot;px&quot;,&quot;top&quot;:&quot;&quot;,&quot;right&quot;:&quot;&quot;,&quot;bottom&quot;:&quot;&quot;,&quot;left&quot;:&quot;&quot;,&quot;isLinked&quot;:true}}\" wpc-filter-elementor-widget=\"1\">\n\t\t\t\t<div class=\"elementor-element elementor-element-2456507 e-con-full e-flex e-con e-parent\" data-id=\"2456507\" data-element_type=\"container\" data-e-type=\"container\">\n\t\t\t\t<div class=\"elementor-element elementor-element-190ca8a elementor-widget__width-inherit elementor-widget elementor-widget-image\" data-id=\"190ca8a\" data-element_type=\"widget\" data-e-type=\"widget\" data-widget_type=\"image.default\">\n\t\t\t\t<div class=\"elementor-widget-container\">\n\t\t\t\t\t\t\t\t\t\t\t\t\t\t\t<img fetchpriority=\"high\" decoding=\"async\" width=\"2560\" height=\"1127\" src=\"https:\/\/latimpacto.org\/wp-content\/uploads\/2025\/10\/banner_PT-scaled.webp\" class=\"attachment-full size-full wp-image-17440\" alt=\"\" srcset=\"https:\/\/latimpacto.org\/wp-content\/uploads\/2025\/10\/banner_PT-scaled.webp 2560w, https:\/\/latimpacto.org\/wp-content\/uploads\/2025\/10\/banner_PT-300x132.webp 300w, https:\/\/latimpacto.org\/wp-content\/uploads\/2025\/10\/banner_PT-1024x451.webp 1024w, https:\/\/latimpacto.org\/wp-content\/uploads\/2025\/10\/banner_PT-768x338.webp 768w, https:\/\/latimpacto.org\/wp-content\/uploads\/2025\/10\/banner_PT-1536x676.webp 1536w, https:\/\/latimpacto.org\/wp-content\/uploads\/2025\/10\/banner_PT-2048x902.webp 2048w, https:\/\/latimpacto.org\/wp-content\/uploads\/2025\/10\/banner_PT-18x8.webp 18w, https:\/\/latimpacto.org\/wp-content\/uploads\/2025\/10\/banner_PT-650x286.webp 650w\" sizes=\"(max-width: 2560px) 100vw, 2560px\" \/>\t\t\t\t\t\t\t\t\t\t\t\t\t\t\t<\/div>\n\t\t\t\t<\/div>\n\t\t\t\t<\/div>\n\t\t<div class=\"elementor-element elementor-element-0ffa0ee e-flex e-con-boxed e-con e-parent\" data-id=\"0ffa0ee\" data-element_type=\"container\" data-e-type=\"container\">\n\t\t\t\t\t<div class=\"e-con-inner\">\n\t\t<div class=\"elementor-element elementor-element-eb87893 e-con-full e-flex e-con e-child\" data-id=\"eb87893\" data-element_type=\"container\" data-e-type=\"container\">\n\t\t\t\t<div class=\"elementor-element elementor-element-24d35e2 elementor-widget elementor-widget-image\" data-id=\"24d35e2\" data-element_type=\"widget\" data-e-type=\"widget\" data-widget_type=\"image.default\">\n\t\t\t\t<div class=\"elementor-widget-container\">\n\t\t\t\t\t\t\t\t\t\t\t\t\t\t\t<img decoding=\"async\" width=\"594\" height=\"530\" src=\"https:\/\/latimpacto.org\/wp-content\/uploads\/2025\/09\/inNature01.webp\" class=\"attachment-large size-large wp-image-17384\" alt=\"\" srcset=\"https:\/\/latimpacto.org\/wp-content\/uploads\/2025\/09\/inNature01.webp 594w, https:\/\/latimpacto.org\/wp-content\/uploads\/2025\/09\/inNature01-300x268.webp 300w, https:\/\/latimpacto.org\/wp-content\/uploads\/2025\/09\/inNature01-13x12.webp 13w\" sizes=\"(max-width: 594px) 100vw, 594px\" \/>\t\t\t\t\t\t\t\t\t\t\t\t\t\t\t<\/div>\n\t\t\t\t<\/div>\n\t\t\t\t<\/div>\n\t\t<div class=\"elementor-element elementor-element-751d278 e-con-full e-flex e-con e-child\" data-id=\"751d278\" data-element_type=\"container\" data-e-type=\"container\">\n\t\t\t\t<div class=\"elementor-element elementor-element-ae49394 elementor-widget elementor-widget-text-editor\" data-id=\"ae49394\" data-element_type=\"widget\" data-e-type=\"widget\" data-widget_type=\"text-editor.default\">\n\t\t\t\t<div class=\"elementor-widget-container\">\n\t\t\t\t\t\t\t\t\t<p><span style=\"font-weight: 400;\">InNature Lab es una iniciativa regional impulsada por CAF, Trafigura Foundation y <\/span><span style=\"font-weight: 400;\">Latimpacto que busca <strong>cerrar la brecha de adaptaci\u00f3n<\/strong> al cambio clim\u00e1tico desde <\/span><span style=\"font-weight: 400;\">la naturaleza. La primera versi\u00f3n del laboratorio acompa\u00f1\u00f3 soluciones innovadoras que fortalecen la resiliencia de los sistemas socioecol\u00f3gicos en la Amazon\u00eda y territorios conexos y de las comunidades que dependen directamente de ellos.<\/span><\/p><p><span style=\"color: #40a33b;\"><span style=\"font-weight: 400;\">Este un <strong>laboratorio de acci\u00f3n concreta<\/strong> que responde a prioridades globales y de <\/span><span style=\"font-weight: 400;\">pol\u00edticas p\u00fablicas de la regi\u00f3n, al promover el desarrollo de soluciones clim\u00e1ticas <\/span><span style=\"font-weight: 400;\">basadas en la naturaleza con potencial de escalabilidad y un manejo de <\/span><span style=\"font-weight: 400;\">gobernanza compartida.<\/span><\/span><\/p>\t\t\t\t\t\t\t\t<\/div>\n\t\t\t\t<\/div>\n\t\t\t\t<\/div>\n\t\t\t\t\t<\/div>\n\t\t\t\t<\/div>\n\t\t<div class=\"elementor-element elementor-element-2acd3d8 e-flex e-con-boxed e-con e-parent\" data-id=\"2acd3d8\" data-element_type=\"container\" data-e-type=\"container\" data-settings=\"{&quot;background_background&quot;:&quot;classic&quot;}\">\n\t\t\t\t\t<div class=\"e-con-inner\">\n\t\t\t\t<div class=\"elementor-element elementor-element-a251371 elementor-widget elementor-widget-heading\" data-id=\"a251371\" data-element_type=\"widget\" data-e-type=\"widget\" data-widget_type=\"heading.default\">\n\t\t\t\t<div class=\"elementor-widget-container\">\n\t\t\t\t\t<p class=\"elementor-heading-title elementor-size-default\">Edici\u00f3n 2025<\/p>\t\t\t\t<\/div>\n\t\t\t\t<\/div>\n\t\t\t\t<div class=\"elementor-element elementor-element-79aa547 elementor-widget elementor-widget-text-editor\" data-id=\"79aa547\" data-element_type=\"widget\" data-e-type=\"widget\" data-widget_type=\"text-editor.default\">\n\t\t\t\t<div class=\"elementor-widget-container\">\n\t\t\t\t\t\t\t\t\t<p>En su primera edici\u00f3n, el enfoque del laboratorio fue <span style=\"color: #40a33b;\"><strong>agricultura resiliente e regenerativa,<\/strong><\/span>\u00a0um caminho priorit\u00e1rio para a adapta\u00e7\u00e3o \u00e0s mudan\u00e7as clim\u00e1ticas, de acordo com o Programa das Na\u00e7\u00f5es Unidas para o Meio Ambiente (PNUMA). Essa transi\u00e7\u00e3o visa a fortalecer <span style=\"color: #40a33b;\"><strong>sistemas de produ\u00e7\u00e3o local a partir de uma abordagem baseada na natureza, biodiversidade e conhecimento local<\/strong><\/span>promover solu\u00e7\u00f5es que regenerem os ecossistemas, aumentem a produtividade sustent\u00e1vel e desenvolvam a resili\u00eancia da comunidade.<\/p>\t\t\t\t\t\t\t\t<\/div>\n\t\t\t\t<\/div>\n\t\t\t\t\t<\/div>\n\t\t\t\t<\/div>\n\t\t<div class=\"elementor-element elementor-element-30efcbf e-flex e-con-boxed e-con e-parent\" data-id=\"30efcbf\" data-element_type=\"container\" data-e-type=\"container\">\n\t\t\t\t\t<div class=\"e-con-inner\">\n\t\t<div class=\"elementor-element elementor-element-0cf0e07 e-con-full e-flex e-con e-child\" data-id=\"0cf0e07\" data-element_type=\"container\" data-e-type=\"container\">\n\t\t\t\t<div class=\"elementor-element elementor-element-3f4e463 elementor-widget elementor-widget-n-accordion\" data-id=\"3f4e463\" data-element_type=\"widget\" data-e-type=\"widget\" data-settings=\"{&quot;default_state&quot;:&quot;expanded&quot;,&quot;max_items_expended&quot;:&quot;one&quot;,&quot;n_accordion_animation_duration&quot;:{&quot;unit&quot;:&quot;ms&quot;,&quot;size&quot;:400,&quot;sizes&quot;:[]}}\" data-widget_type=\"nested-accordion.default\">\n\t\t\t\t<div class=\"elementor-widget-container\">\n\t\t\t\t\t\t\t<div class=\"e-n-accordion\" aria-label=\"Acorde\u00e3o. Abra links com Enter ou Espa\u00e7o, feche com Escape e navegue com as setas\">\n\t\t\t\t\t\t<details id=\"e-n-accordion-item-6630\" class=\"e-n-accordion-item\" open>\n\t\t\t\t<summary class=\"e-n-accordion-item-title\" data-accordion-index=\"1\" tabindex=\"0\" aria-expanded=\"true\" aria-controls=\"e-n-accordion-item-6630\" >\n\t\t\t\t\t<span class='e-n-accordion-item-title-header'><div class=\"e-n-accordion-item-title-text\"> \u00bfEn qu\u00e9 se enfocan las propuestas? <\/div><\/span>\n\t\t\t\t\t\t\t<span class='e-n-accordion-item-title-icon'>\n\t\t\t<span class='e-opened' ><svg aria-hidden=\"true\" class=\"e-font-icon-svg e-fas-minus\" viewbox=\"0 0 448 512\" xmlns=\"http:\/\/www.w3.org\/2000\/svg\"><path d=\"M416 208H32c-17.67 0-32 14.33-32 32v32c0 17.67 14.33 32 32 32h384c17.67 0 32-14.33 32-32v-32c0-17.67-14.33-32-32-32z\"><\/path><\/svg><\/span>\n\t\t\t<span class='e-closed'><svg aria-hidden=\"true\" class=\"e-font-icon-svg e-fas-plus\" viewbox=\"0 0 448 512\" xmlns=\"http:\/\/www.w3.org\/2000\/svg\"><path d=\"M416 208H272V64c0-17.67-14.33-32-32-32h-32c-17.67 0-32 14.33-32 32v144H32c-17.67 0-32 14.33-32 32v32c0 17.67 14.33 32 32 32h144v144c0 17.67 14.33 32 32 32h32c17.67 0 32-14.33 32-32V304h144c17.67 0 32-14.33 32-32v-32c0-17.67-14.33-32-32-32z\"><\/path><\/svg><\/span>\n\t\t<\/span>\n\n\t\t\t\t\t\t<\/summary>\n\t\t\t\t<div role=\"region\" aria-labelledby=\"e-n-accordion-item-6630\" class=\"elementor-element elementor-element-ddc989e e-con-full e-flex e-con e-child\" data-id=\"ddc989e\" data-element_type=\"container\" data-e-type=\"container\">\n\t\t<div role=\"region\" aria-labelledby=\"e-n-accordion-item-6630\" class=\"elementor-element elementor-element-437d6b4 e-flex e-con-boxed e-con e-child\" data-id=\"437d6b4\" data-element_type=\"container\" data-e-type=\"container\">\n\t\t\t\t\t<div class=\"e-con-inner\">\n\t\t\t\t<div class=\"elementor-element elementor-element-5e27578 elementor-widget elementor-widget-text-editor\" data-id=\"5e27578\" data-element_type=\"widget\" data-e-type=\"widget\" data-widget_type=\"text-editor.default\">\n\t\t\t\t<div class=\"elementor-widget-container\">\n\t\t\t\t\t\t\t\t\t<p>Valoramos especialmente iniciativas que trabajan en ejes como:<\/p><ul><li>Produ\u00e7\u00e3o regenerativa, para aumentar a produtividade por meio da restaura\u00e7\u00e3o dos solos, do gerenciamento eficiente da \u00e1gua e da diversifica\u00e7\u00e3o de culturas com esp\u00e9cies nativas.<\/li><li>Acesso inclusivo, por meio do fortalecimento de redes locais, cadeias de valor resilientes e mercados justos para pequenos produtores.<\/li><li>\u00a0Uso e explora\u00e7\u00e3o sustent\u00e1veis, integrando pr\u00e1ticas agroecol\u00f3gicas, dietas biodiversas, processamento local de alimentos e a revaloriza\u00e7\u00e3o do conhecimento ancestral.<\/li><\/ul>\t\t\t\t\t\t\t\t<\/div>\n\t\t\t\t<\/div>\n\t\t\t\t\t<\/div>\n\t\t\t\t<\/div>\n\t\t\t\t<\/div>\n\t\t\t\t\t<\/details>\n\t\t\t\t\t<\/div>\n\t\t\t\t\t\t<\/div>\n\t\t\t\t<\/div>\n\t\t\t\t<\/div>\n\t\t<div class=\"elementor-element elementor-element-d6a6e11 e-con-full e-flex e-con e-child\" data-id=\"d6a6e11\" data-element_type=\"container\" data-e-type=\"container\">\n\t\t\t\t<div class=\"elementor-element elementor-element-786c7e7 elementor-widget elementor-widget-n-accordion\" data-id=\"786c7e7\" data-element_type=\"widget\" data-e-type=\"widget\" data-settings=\"{&quot;default_state&quot;:&quot;expanded&quot;,&quot;max_items_expended&quot;:&quot;one&quot;,&quot;n_accordion_animation_duration&quot;:{&quot;unit&quot;:&quot;ms&quot;,&quot;size&quot;:400,&quot;sizes&quot;:[]}}\" data-widget_type=\"nested-accordion.default\">\n\t\t\t\t<div class=\"elementor-widget-container\">\n\t\t\t\t\t\t\t<div class=\"e-n-accordion\" aria-label=\"Acorde\u00e3o. Abra links com Enter ou Espa\u00e7o, feche com Escape e navegue com as setas\">\n\t\t\t\t\t\t<details id=\"e-n-accordion-item-1260\" class=\"e-n-accordion-item\" open>\n\t\t\t\t<summary class=\"e-n-accordion-item-title\" data-accordion-index=\"1\" tabindex=\"0\" aria-expanded=\"true\" aria-controls=\"e-n-accordion-item-1260\" >\n\t\t\t\t\t<span class='e-n-accordion-item-title-header'><div class=\"e-n-accordion-item-title-text\"> O que estamos procurando nas propostas? <\/div><\/span>\n\t\t\t\t\t\t\t<span class='e-n-accordion-item-title-icon'>\n\t\t\t<span class='e-opened' ><svg aria-hidden=\"true\" class=\"e-font-icon-svg e-fas-minus\" viewbox=\"0 0 448 512\" xmlns=\"http:\/\/www.w3.org\/2000\/svg\"><path d=\"M416 208H32c-17.67 0-32 14.33-32 32v32c0 17.67 14.33 32 32 32h384c17.67 0 32-14.33 32-32v-32c0-17.67-14.33-32-32-32z\"><\/path><\/svg><\/span>\n\t\t\t<span class='e-closed'><svg aria-hidden=\"true\" class=\"e-font-icon-svg e-fas-plus\" viewbox=\"0 0 448 512\" xmlns=\"http:\/\/www.w3.org\/2000\/svg\"><path d=\"M416 208H272V64c0-17.67-14.33-32-32-32h-32c-17.67 0-32 14.33-32 32v144H32c-17.67 0-32 14.33-32 32v32c0 17.67 14.33 32 32 32h144v144c0 17.67 14.33 32 32 32h32c17.67 0 32-14.33 32-32V304h144c17.67 0 32-14.33 32-32v-32c0-17.67-14.33-32-32-32z\"><\/path><\/svg><\/span>\n\t\t<\/span>\n\n\t\t\t\t\t\t<\/summary>\n\t\t\t\t<div role=\"region\" aria-labelledby=\"e-n-accordion-item-1260\" class=\"elementor-element elementor-element-bcddd43 e-con-full e-flex e-con e-child\" data-id=\"bcddd43\" data-element_type=\"container\" data-e-type=\"container\">\n\t\t<div role=\"region\" aria-labelledby=\"e-n-accordion-item-1260\" class=\"elementor-element elementor-element-f882f07 e-flex e-con-boxed e-con e-child\" data-id=\"f882f07\" data-element_type=\"container\" data-e-type=\"container\">\n\t\t\t\t\t<div class=\"e-con-inner\">\n\t\t\t\t<div class=\"elementor-element elementor-element-9aa985b elementor-widget elementor-widget-text-editor\" data-id=\"9aa985b\" data-element_type=\"widget\" data-e-type=\"widget\" data-widget_type=\"text-editor.default\">\n\t\t\t\t<div class=\"elementor-widget-container\">\n\t\t\t\t\t\t\t\t\t<p>Las propuestas seleccionadas tuvieron que:<\/p><ul><li>Ser innovaci\u00f3n basada en la naturaleza, con enfoque en restauraci\u00f3n productiva, servicios ecosist\u00e9micos, Innovaci\u00f3n basada en la biodiversidad o bioprospecci\u00f3n.<\/li><li>Ser liderado por organiza\u00e7\u00f5es formais: startups, cons\u00f3rcios, universidades, ag\u00eancias de inova\u00e7\u00e3o, organiza\u00e7\u00f5es de apoio ao ecossistema, entre outras.<\/li><li>Envolver as comunidades desde o projeto e integrar o conhecimento ancestral.<\/li><li>Demonstrar viabilidade t\u00e9cnica, sustentabilidade financeira e governan\u00e7a participativa.<\/li><li>Tenha m\u00e9tricas de impacto, linha de base e viabilidade legal em seu territ\u00f3rio.<\/li><\/ul>\t\t\t\t\t\t\t\t<\/div>\n\t\t\t\t<\/div>\n\t\t\t\t\t<\/div>\n\t\t\t\t<\/div>\n\t\t\t\t<\/div>\n\t\t\t\t\t<\/details>\n\t\t\t\t\t<\/div>\n\t\t\t\t\t\t<\/div>\n\t\t\t\t<\/div>\n\t\t\t\t<\/div>\n\t\t\t\t\t<\/div>\n\t\t\t\t<\/div>\n\t\t<div class=\"elementor-element elementor-element-bc51dc9 e-flex e-con-boxed e-con e-parent\" data-id=\"bc51dc9\" data-element_type=\"container\" data-e-type=\"container\" data-settings=\"{&quot;background_background&quot;:&quot;classic&quot;}\">\n\t\t\t\t\t<div class=\"e-con-inner\">\n\t\t<div class=\"elementor-element elementor-element-182551f e-con-full e-flex e-con e-child\" data-id=\"182551f\" data-element_type=\"container\" data-e-type=\"container\">\n\t\t\t\t<div class=\"elementor-element elementor-element-f22c288 elementor-widget elementor-widget-heading\" data-id=\"f22c288\" data-element_type=\"widget\" data-e-type=\"widget\" data-widget_type=\"heading.default\">\n\t\t\t\t<div class=\"elementor-widget-container\">\n\t\t\t\t\t<p class=\"elementor-heading-title elementor-size-default\">Para conocer m\u00e1s, descarga el resumen de InNature Lab<\/p>\t\t\t\t<\/div>\n\t\t\t\t<\/div>\n\t\t\t\t<\/div>\n\t\t<div class=\"elementor-element elementor-element-b67ec2b e-con-full e-flex e-con e-child\" data-id=\"b67ec2b\" data-element_type=\"container\" data-e-type=\"container\">\n\t\t\t\t<div class=\"elementor-element elementor-element-4a376e6 elementor-align-center elementor-widget elementor-widget-button\" data-id=\"4a376e6\" data-element_type=\"widget\" data-e-type=\"widget\" data-widget_type=\"button.default\">\n\t\t\t\t<div class=\"elementor-widget-container\">\n\t\t\t\t\t\t\t\t\t<div class=\"elementor-button-wrapper\">\n\t\t\t\t\t<a class=\"elementor-button elementor-button-link elementor-size-sm\" href=\"https:\/\/latimpacto.org\/wp-content\/uploads\/2026\/05\/2026.-Resumen-InNature-Lab-1.0.pdf\" target=\"_blank\">\n\t\t\t\t\t\t<span class=\"elementor-button-content-wrapper\">\n\t\t\t\t\t\t\t\t\t<span class=\"elementor-button-text\">Clique aqui<\/span>\n\t\t\t\t\t<\/span>\n\t\t\t\t\t<\/a>\n\t\t\t\t<\/div>\n\t\t\t\t\t\t\t\t<\/div>\n\t\t\t\t<\/div>\n\t\t\t\t<\/div>\n\t\t\t\t\t<\/div>\n\t\t\t\t<\/div>\n\t\t<div class=\"elementor-element elementor-element-e06ab6a e-flex e-con-boxed e-con e-parent\" data-id=\"e06ab6a\" data-element_type=\"container\" data-e-type=\"container\" data-settings=\"{&quot;background_background&quot;:&quot;classic&quot;}\">\n\t\t\t\t\t<div class=\"e-con-inner\">\n\t\t\t\t<div class=\"elementor-element elementor-element-c9b259d elementor-widget elementor-widget-heading\" data-id=\"c9b259d\" data-element_type=\"widget\" data-e-type=\"widget\" data-widget_type=\"heading.default\">\n\t\t\t\t<div class=\"elementor-widget-container\">\n\t\t\t\t\t<p class=\"elementor-heading-title elementor-size-default\">Si quieres liderar y codise\u00f1ar un programa en alianza con Latimpacto. \u00a1Escr\u00edbenos! <\/p>\t\t\t\t<\/div>\n\t\t\t\t<\/div>\n\t\t\t\t<div data-ep-wrapper-link=\"{&quot;url&quot;:&quot;mailto:convocatoria@latimpacto.org&quot;,&quot;is_external&quot;:&quot;&quot;,&quot;nofollow&quot;:&quot;&quot;,&quot;custom_attributes&quot;:&quot;&quot;}\" style=\"cursor: pointer\" class=\"bdt-element-link elementor-element elementor-element-69f70af elementor-widget elementor-widget-image\" data-id=\"69f70af\" data-element_type=\"widget\" data-e-type=\"widget\" data-widget_type=\"image.default\">\n\t\t\t\t<div class=\"elementor-widget-container\">\n\t\t\t\t\t\t\t\t\t\t\t\t\t\t\t<img decoding=\"async\" width=\"300\" height=\"46\" src=\"https:\/\/latimpacto.org\/wp-content\/uploads\/2025\/09\/IMG-20250911-WA0000-300x46.jpg\" class=\"attachment-medium size-medium wp-image-17462\" alt=\"\" srcset=\"https:\/\/latimpacto.org\/wp-content\/uploads\/2025\/09\/IMG-20250911-WA0000-300x46.jpg 300w, https:\/\/latimpacto.org\/wp-content\/uploads\/2025\/09\/IMG-20250911-WA0000-768x118.jpg 768w, https:\/\/latimpacto.org\/wp-content\/uploads\/2025\/09\/IMG-20250911-WA0000-18x3.jpg 18w, https:\/\/latimpacto.org\/wp-content\/uploads\/2025\/09\/IMG-20250911-WA0000-650x100.jpg 650w, https:\/\/latimpacto.org\/wp-content\/uploads\/2025\/09\/IMG-20250911-WA0000.jpg 1024w\" sizes=\"(max-width: 300px) 100vw, 300px\" \/>\t\t\t\t\t\t\t\t\t\t\t\t\t\t\t<\/div>\n\t\t\t\t<\/div>\n\t\t\t\t\t<\/div>\n\t\t\t\t<\/div>\n\t\t\t\t<\/div>","protected":false},"excerpt":{"rendered":"<p>InNature Lab es una iniciativa regional impulsada por CAF, Trafigura Foundation y Latimpacto que busca cerrar la brecha de adaptaci\u00f3n al cambio [&hellip;]<\/p>\n","protected":false},"author":3,"featured_media":0,"parent":0,"menu_order":0,"comment_status":"closed","ping_status":"closed","template":"","meta":{"_acf_changed":false,"footnotes":""},"class_list":["post-17376","page","type-page","status-publish","hentry"],"acf":[],"_links":{"self":[{"href":"https:\/\/latimpacto.org\/pt\/wp-json\/wp\/v2\/pages\/17376","targetHints":{"allow":["GET"]}}],"collection":[{"href":"https:\/\/latimpacto.org\/pt\/wp-json\/wp\/v2\/pages"}],"about":[{"href":"https:\/\/latimpacto.org\/pt\/wp-json\/wp\/v2\/types\/page"}],"author":[{"embeddable":true,"href":"https:\/\/latimpacto.org\/pt\/wp-json\/wp\/v2\/users\/3"}],"replies":[{"embeddable":true,"href":"https:\/\/latimpacto.org\/pt\/wp-json\/wp\/v2\/comments?post=17376"}],"version-history":[{"count":82,"href":"https:\/\/latimpacto.org\/pt\/wp-json\/wp\/v2\/pages\/17376\/revisions"}],"predecessor-version":[{"id":19098,"href":"https:\/\/latimpacto.org\/pt\/wp-json\/wp\/v2\/pages\/17376\/revisions\/19098"}],"wp:attachment":[{"href":"https:\/\/latimpacto.org\/pt\/wp-json\/wp\/v2\/media?parent=17376"}],"curies":[{"name":"wp","href":"https:\/\/api.w.org\/{rel}","templated":true}]}}