{"id":17904,"date":"2025-11-19T20:31:16","date_gmt":"2025-11-19T20:31:16","guid":{"rendered":"https:\/\/latimpacto.org\/?page_id=17904"},"modified":"2025-11-19T20:33:34","modified_gmt":"2025-11-19T20:33:34","slug":"camila-orduz","status":"publish","type":"page","link":"https:\/\/latimpacto.org\/pt\/camila-orduz\/","title":{"rendered":"Camila Orduz"},"content":{"rendered":"<div data-elementor-type=\"wp-page\" data-elementor-id=\"17904\" class=\"elementor elementor-17904\" data-elementor-settings=\"{&quot;element_pack_global_tooltip_width&quot;:{&quot;unit&quot;:&quot;px&quot;,&quot;size&quot;:&quot;&quot;,&quot;sizes&quot;:[]},&quot;element_pack_global_tooltip_width_tablet&quot;:{&quot;unit&quot;:&quot;px&quot;,&quot;size&quot;:&quot;&quot;,&quot;sizes&quot;:[]},&quot;element_pack_global_tooltip_width_mobile&quot;:{&quot;unit&quot;:&quot;px&quot;,&quot;size&quot;:&quot;&quot;,&quot;sizes&quot;:[]},&quot;element_pack_global_tooltip_padding&quot;:{&quot;unit&quot;:&quot;px&quot;,&quot;top&quot;:&quot;&quot;,&quot;right&quot;:&quot;&quot;,&quot;bottom&quot;:&quot;&quot;,&quot;left&quot;:&quot;&quot;,&quot;isLinked&quot;:true},&quot;element_pack_global_tooltip_padding_tablet&quot;:{&quot;unit&quot;:&quot;px&quot;,&quot;top&quot;:&quot;&quot;,&quot;right&quot;:&quot;&quot;,&quot;bottom&quot;:&quot;&quot;,&quot;left&quot;:&quot;&quot;,&quot;isLinked&quot;:true},&quot;element_pack_global_tooltip_padding_mobile&quot;:{&quot;unit&quot;:&quot;px&quot;,&quot;top&quot;:&quot;&quot;,&quot;right&quot;:&quot;&quot;,&quot;bottom&quot;:&quot;&quot;,&quot;left&quot;:&quot;&quot;,&quot;isLinked&quot;:true},&quot;element_pack_global_tooltip_border_radius&quot;:{&quot;unit&quot;:&quot;px&quot;,&quot;top&quot;:&quot;&quot;,&quot;right&quot;:&quot;&quot;,&quot;bottom&quot;:&quot;&quot;,&quot;left&quot;:&quot;&quot;,&quot;isLinked&quot;:true},&quot;element_pack_global_tooltip_border_radius_tablet&quot;:{&quot;unit&quot;:&quot;px&quot;,&quot;top&quot;:&quot;&quot;,&quot;right&quot;:&quot;&quot;,&quot;bottom&quot;:&quot;&quot;,&quot;left&quot;:&quot;&quot;,&quot;isLinked&quot;:true},&quot;element_pack_global_tooltip_border_radius_mobile&quot;:{&quot;unit&quot;:&quot;px&quot;,&quot;top&quot;:&quot;&quot;,&quot;right&quot;:&quot;&quot;,&quot;bottom&quot;:&quot;&quot;,&quot;left&quot;:&quot;&quot;,&quot;isLinked&quot;:true}}\" wpc-filter-elementor-widget=\"1\">\n\t\t\t\t\t\t<section class=\"elementor-section elementor-top-section elementor-element elementor-element-d25bd34 elementor-section-content-middle elementor-section-boxed elementor-section-height-default elementor-section-height-default\" data-id=\"d25bd34\" data-element_type=\"section\" data-e-type=\"section\">\n\t\t\t\t\t\t<div class=\"elementor-container elementor-column-gap-default\">\n\t\t\t\t\t<div class=\"elementor-column elementor-col-50 elementor-top-column elementor-element elementor-element-0562647\" data-id=\"0562647\" data-element_type=\"column\" data-e-type=\"column\">\n\t\t\t<div class=\"elementor-widget-wrap elementor-element-populated\">\n\t\t\t\t\t\t<div class=\"elementor-element elementor-element-9e49bc9 elementor-widget elementor-widget-image\" data-id=\"9e49bc9\" data-element_type=\"widget\" data-e-type=\"widget\" data-widget_type=\"image.default\">\n\t\t\t\t<div class=\"elementor-widget-container\">\n\t\t\t\t\t\t\t\t\t\t\t\t\t\t\t<img fetchpriority=\"high\" decoding=\"async\" width=\"1080\" height=\"1080\" src=\"https:\/\/latimpacto.org\/wp-content\/uploads\/2025\/11\/Camila_Orduz.webp\" class=\"attachment-full size-full wp-image-17906\" alt=\"\" srcset=\"https:\/\/latimpacto.org\/wp-content\/uploads\/2025\/11\/Camila_Orduz.webp 1080w, https:\/\/latimpacto.org\/wp-content\/uploads\/2025\/11\/Camila_Orduz-300x300.webp 300w, https:\/\/latimpacto.org\/wp-content\/uploads\/2025\/11\/Camila_Orduz-1024x1024.webp 1024w, https:\/\/latimpacto.org\/wp-content\/uploads\/2025\/11\/Camila_Orduz-150x150.webp 150w, https:\/\/latimpacto.org\/wp-content\/uploads\/2025\/11\/Camila_Orduz-768x768.webp 768w, https:\/\/latimpacto.org\/wp-content\/uploads\/2025\/11\/Camila_Orduz-12x12.webp 12w, https:\/\/latimpacto.org\/wp-content\/uploads\/2025\/11\/Camila_Orduz-650x650.webp 650w\" sizes=\"(max-width: 1080px) 100vw, 1080px\" \/>\t\t\t\t\t\t\t\t\t\t\t\t\t\t\t<\/div>\n\t\t\t\t<\/div>\n\t\t\t\t<div class=\"elementor-element elementor-element-3ab26d4 elementor-view-default elementor-widget elementor-widget-icon\" data-id=\"3ab26d4\" data-element_type=\"widget\" data-e-type=\"widget\" data-widget_type=\"icon.default\">\n\t\t\t\t<div class=\"elementor-widget-container\">\n\t\t\t\t\t\t\t<div class=\"elementor-icon-wrapper\">\n\t\t\t<a class=\"elementor-icon\" href=\"https:\/\/www.linkedin.com\/in\/camila-orduz-de-la-torre-4a67b115b\/\">\n\t\t\t<svg aria-hidden=\"true\" class=\"e-font-icon-svg e-fab-linkedin\" viewbox=\"0 0 448 512\" xmlns=\"http:\/\/www.w3.org\/2000\/svg\"><path d=\"M416 32H31.9C14.3 32 0 46.5 0 64.3v383.4C0 465.5 14.3 480 31.9 480H416c17.6 0 32-14.5 32-32.3V64.3c0-17.8-14.4-32.3-32-32.3zM135.4 416H69V202.2h66.5V416zm-33.2-243c-21.3 0-38.5-17.3-38.5-38.5S80.9 96 102.2 96c21.2 0 38.5 17.3 38.5 38.5 0 21.3-17.2 38.5-38.5 38.5zm282.1 243h-66.4V312c0-24.8-.5-56.7-34.5-56.7-34.6 0-39.9 27-39.9 54.9V416h-66.4V202.2h63.7v29.2h.9c8.9-16.8 30.6-34.5 62.9-34.5 67.2 0 79.7 44.3 79.7 101.9V416z\"><\/path><\/svg>\t\t\t<\/a>\n\t\t<\/div>\n\t\t\t\t\t\t<\/div>\n\t\t\t\t<\/div>\n\t\t\t\t\t<\/div>\n\t\t<\/div>\n\t\t\t\t<div class=\"elementor-column elementor-col-50 elementor-top-column elementor-element elementor-element-e333be8\" data-id=\"e333be8\" data-element_type=\"column\" data-e-type=\"column\">\n\t\t\t<div class=\"elementor-widget-wrap elementor-element-populated\">\n\t\t\t\t\t\t<div class=\"elementor-element elementor-element-a69f80f elementor-widget elementor-widget-bdt-member\" data-id=\"a69f80f\" data-element_type=\"widget\" data-e-type=\"widget\" data-widget_type=\"bdt-member.default\">\n\t\t\t\t<div class=\"elementor-widget-container\">\n\t\t\t\t\t\n\t\t<div class=\"bdt-member skin-default bdt-transition-toggle\">\n\t\t\t\n\t\t\t<div class=\"bdt-member-content\">\n\t\t\t\t\t\t\t\t\t<span class=\"bdt-member-name\">\n\t\t\t\t\t\tCamila Orduz\t\t\t\t\t<\/span>\n\t\t\t\t\t\t\t\t\t\t\t\t\t<span class=\"bdt-member-role\">\n\t\t\t\t\t\tEspecialista em Natureza e Clima\t\t\t\t\t<\/span>\n\t\t\t\t\t\t\t\t\t\t\t\t\t<div class=\"bdt-member-text bdt-content-wrap\">\n\t\t\t\t\t\tProfissional em Rela\u00e7\u00f5es Internacionais pela Pontif\u00edcia Universidade Javeriana e estudante de mestrado em Conserva\u00e7\u00e3o e Uso da Biodiversidade na mesma institui\u00e7\u00e3o. Experi\u00eancia em gest\u00e3o de projetos, iniciativas e alian\u00e7as p\u00fablico-privadas em torno dos Objetivos de Desenvolvimento Sustent\u00e1vel, responsabilidade social e conduta empresarial respons\u00e1vel. Habilidades interpessoais, lideran\u00e7a e trabalho em equipe para o bom desenvolvimento de projetos e programas que visam atender a uma necessidade social, ambiental e\/ou ecol\u00f3gica. Apaixonada por projetos desenvolvidos em torno da biodiversidade, empoderamento feminino, desenvolvimento sustent\u00e1vel, coopera\u00e7\u00e3o internacional e Direitos Humanos. Interessada em gerar impacto social, mitigar as mudan\u00e7as clim\u00e1ticas, promover a conserva\u00e7\u00e3o dos ecossistemas e dar visibilidade \u00e0 sabedoria ancestral nos territ\u00f3rios.\n<br>\n<br>\nCamila trabalhou por mais de 3 anos na Deloitte, desempenhando diferentes fun\u00e7\u00f5es como Gerente de WorldImpact para Am\u00e9rica Latina, Consultora em Sustentabilidade e Mudan\u00e7as Clim\u00e1ticas e Consultora S\u00eanior nestes mesmos temas. Sob essas fun\u00e7\u00f5es, teve a oportunidade de ser a PMO da COP16 para a Deloitte em n\u00edvel global e participar de m\u00faltiplos projetos com setores como energia, turismo, financeiro e de seguros, com o objetivo de construir estrat\u00e9gias de natureza, identificar riscos associados \u00e0s mudan\u00e7as clim\u00e1ticas, medir pegadas de carbono, entre outros. Em sua trajet\u00f3ria profissional, teve a oportunidade de trabalhar na Associa\u00e7\u00e3o Nacional de Empres\u00e1rios da Col\u00f4mbia (ANDI) como Coordenadora da Vice-Presid\u00eancia Executiva, na C\u00e2mara de Com\u00e9rcio de Bogot\u00e1 como profissional j\u00fanior em sustentabilidade e valor compartilhado e na Qu\u00e1ntica Education (escola de empreendedorismo social) como diretora de projetos e de impacto.\t\t\t\t\t<\/div>\n\t\t\t\t\t\t\t<\/div>\n\n\t\t\t\n\t\t<\/div>\n\t\t\t\t\t\t<\/div>\n\t\t\t\t<\/div>\n\t\t\t\t\t<\/div>\n\t\t<\/div>\n\t\t\t\t\t<\/div>\n\t\t<\/section>\n\t\t\t\t<\/div>","protected":false},"excerpt":{"rendered":"<p>Camila Orduz Especialista en Naturaleza y Clima Profesional en Relaciones Internacionales de la Pontificia Universidad Javeriana y estudiante de la maestr\u00eda de [&hellip;]<\/p>\n","protected":false},"author":3,"featured_media":0,"parent":0,"menu_order":0,"comment_status":"closed","ping_status":"closed","template":"","meta":{"_acf_changed":false,"footnotes":""},"class_list":["post-17904","page","type-page","status-publish","hentry"],"acf":[],"_links":{"self":[{"href":"https:\/\/latimpacto.org\/pt\/wp-json\/wp\/v2\/pages\/17904","targetHints":{"allow":["GET"]}}],"collection":[{"href":"https:\/\/latimpacto.org\/pt\/wp-json\/wp\/v2\/pages"}],"about":[{"href":"https:\/\/latimpacto.org\/pt\/wp-json\/wp\/v2\/types\/page"}],"author":[{"embeddable":true,"href":"https:\/\/latimpacto.org\/pt\/wp-json\/wp\/v2\/users\/3"}],"replies":[{"embeddable":true,"href":"https:\/\/latimpacto.org\/pt\/wp-json\/wp\/v2\/comments?post=17904"}],"version-history":[{"count":4,"href":"https:\/\/latimpacto.org\/pt\/wp-json\/wp\/v2\/pages\/17904\/revisions"}],"predecessor-version":[{"id":17909,"href":"https:\/\/latimpacto.org\/pt\/wp-json\/wp\/v2\/pages\/17904\/revisions\/17909"}],"wp:attachment":[{"href":"https:\/\/latimpacto.org\/pt\/wp-json\/wp\/v2\/media?parent=17904"}],"curies":[{"name":"wp","href":"https:\/\/api.w.org\/{rel}","templated":true}]}}