{"id":18124,"date":"2026-03-05T16:54:00","date_gmt":"2026-03-05T16:54:00","guid":{"rendered":"https:\/\/latimpacto.org\/?page_id=18124"},"modified":"2026-03-31T20:14:58","modified_gmt":"2026-03-31T20:14:58","slug":"fondo_cultura_l","status":"publish","type":"page","link":"https:\/\/latimpacto.org\/pt\/fondo_cultura_l\/","title":{"rendered":"Fundo de Cultura"},"content":{"rendered":"<div data-elementor-type=\"wp-page\" data-elementor-id=\"18124\" class=\"elementor elementor-18124\" data-elementor-settings=\"{&quot;element_pack_global_tooltip_width&quot;:{&quot;unit&quot;:&quot;px&quot;,&quot;size&quot;:&quot;&quot;,&quot;sizes&quot;:[]},&quot;element_pack_global_tooltip_width_tablet&quot;:{&quot;unit&quot;:&quot;px&quot;,&quot;size&quot;:&quot;&quot;,&quot;sizes&quot;:[]},&quot;element_pack_global_tooltip_width_mobile&quot;:{&quot;unit&quot;:&quot;px&quot;,&quot;size&quot;:&quot;&quot;,&quot;sizes&quot;:[]},&quot;element_pack_global_tooltip_padding&quot;:{&quot;unit&quot;:&quot;px&quot;,&quot;top&quot;:&quot;&quot;,&quot;right&quot;:&quot;&quot;,&quot;bottom&quot;:&quot;&quot;,&quot;left&quot;:&quot;&quot;,&quot;isLinked&quot;:true},&quot;element_pack_global_tooltip_padding_tablet&quot;:{&quot;unit&quot;:&quot;px&quot;,&quot;top&quot;:&quot;&quot;,&quot;right&quot;:&quot;&quot;,&quot;bottom&quot;:&quot;&quot;,&quot;left&quot;:&quot;&quot;,&quot;isLinked&quot;:true},&quot;element_pack_global_tooltip_padding_mobile&quot;:{&quot;unit&quot;:&quot;px&quot;,&quot;top&quot;:&quot;&quot;,&quot;right&quot;:&quot;&quot;,&quot;bottom&quot;:&quot;&quot;,&quot;left&quot;:&quot;&quot;,&quot;isLinked&quot;:true},&quot;element_pack_global_tooltip_border_radius&quot;:{&quot;unit&quot;:&quot;px&quot;,&quot;top&quot;:&quot;&quot;,&quot;right&quot;:&quot;&quot;,&quot;bottom&quot;:&quot;&quot;,&quot;left&quot;:&quot;&quot;,&quot;isLinked&quot;:true},&quot;element_pack_global_tooltip_border_radius_tablet&quot;:{&quot;unit&quot;:&quot;px&quot;,&quot;top&quot;:&quot;&quot;,&quot;right&quot;:&quot;&quot;,&quot;bottom&quot;:&quot;&quot;,&quot;left&quot;:&quot;&quot;,&quot;isLinked&quot;:true},&quot;element_pack_global_tooltip_border_radius_mobile&quot;:{&quot;unit&quot;:&quot;px&quot;,&quot;top&quot;:&quot;&quot;,&quot;right&quot;:&quot;&quot;,&quot;bottom&quot;:&quot;&quot;,&quot;left&quot;:&quot;&quot;,&quot;isLinked&quot;:true}}\" wpc-filter-elementor-widget=\"1\">\n\t\t\t\t<div class=\"elementor-element elementor-element-2456507 e-con-full e-flex e-con e-parent\" data-id=\"2456507\" data-element_type=\"container\" data-e-type=\"container\">\n\t\t\t\t<div class=\"elementor-element elementor-element-cc2fbb6 elementor-widget elementor-widget-video\" data-id=\"cc2fbb6\" data-element_type=\"widget\" data-e-type=\"widget\" data-settings=\"{&quot;youtube_url&quot;:&quot;https:\\\/\\\/youtu.be\\\/h9h0pjVhE3o&quot;,&quot;autoplay&quot;:&quot;yes&quot;,&quot;play_on_mobile&quot;:&quot;yes&quot;,&quot;mute&quot;:&quot;yes&quot;,&quot;loop&quot;:&quot;yes&quot;,&quot;yt_privacy&quot;:&quot;yes&quot;,&quot;video_type&quot;:&quot;youtube&quot;}\" data-widget_type=\"video.default\">\n\t\t\t\t<div class=\"elementor-widget-container\">\n\t\t\t\t\t\t\t<div class=\"elementor-wrapper elementor-open-inline\">\n\t\t\t<div class=\"elementor-video\"><\/div>\t\t<\/div>\n\t\t\t\t\t\t<\/div>\n\t\t\t\t<\/div>\n\t\t\t\t<\/div>\n\t\t<div class=\"elementor-element elementor-element-2acd3d8 e-flex e-con-boxed e-con e-parent\" data-id=\"2acd3d8\" data-element_type=\"container\" data-e-type=\"container\" data-settings=\"{&quot;background_background&quot;:&quot;classic&quot;}\">\n\t\t\t\t\t<div class=\"e-con-inner\">\n\t\t\t\t<div class=\"elementor-element elementor-element-c37c591 elementor-widget elementor-widget-heading\" data-id=\"c37c591\" data-element_type=\"widget\" data-e-type=\"widget\" data-widget_type=\"heading.default\">\n\t\t\t\t<div class=\"elementor-widget-container\">\n\t\t\t\t\t<p class=\"elementor-heading-title elementor-size-default\">Fortalecemos territ\u00f3rios por meio da arte e da cultura<\/p>\t\t\t\t<\/div>\n\t\t\t\t<\/div>\n\t\t\t\t<div class=\"elementor-element elementor-element-ae49394 elementor-widget elementor-widget-text-editor\" data-id=\"ae49394\" data-element_type=\"widget\" data-e-type=\"widget\" data-widget_type=\"text-editor.default\">\n\t\t\t\t<div class=\"elementor-widget-container\">\n\t\t\t\t\t\t\t\t\tO Fundo Cultura impulsiona o desenvolvimento social, cultural e art\u00edstico de comunidades na Am\u00e9rica Latina por meio da administra\u00e7\u00e3o e aloca\u00e7\u00e3o de recursos financeiros, capital humano e ferramentas de conhecimento.\t\t\t\t\t\t\t\t<\/div>\n\t\t\t\t<\/div>\n\t\t<div class=\"elementor-element elementor-element-517eaba e-con-full e-flex e-con e-child\" data-id=\"517eaba\" data-element_type=\"container\" data-e-type=\"container\">\n\t\t<div class=\"elementor-element elementor-element-07ff661 e-con-full e-flex e-con e-child\" data-id=\"07ff661\" data-element_type=\"container\" data-e-type=\"container\" data-settings=\"{&quot;background_background&quot;:&quot;classic&quot;}\">\n\t\t\t\t<div class=\"elementor-element elementor-element-a5b3b8f elementor-widget elementor-widget-text-editor\" data-id=\"a5b3b8f\" data-element_type=\"widget\" data-e-type=\"widget\" data-widget_type=\"text-editor.default\">\n\t\t\t\t<div class=\"elementor-widget-container\">\n\t\t\t\t\t\t\t\t\t<p style=\"text-align: left;\">Acompanhamos na<br \/>constru\u00e7\u00e3o dos projetos<br \/>que transformam nossa cultura.<\/p><p style=\"text-align: left;\">Atrav\u00e9s deste fundo<br \/>articulamos diversas<br \/>convocat\u00f3rias em alian\u00e7a com<br \/>distintos doadores, focadas em<br \/>fortalecer projetos culturais<br \/>com impacto real e sustent\u00e1vel em<br \/>os territ\u00f3rios.<\/p>\t\t\t\t\t\t\t\t<\/div>\n\t\t\t\t<\/div>\n\t\t\t\t<\/div>\n\t\t<div class=\"elementor-element elementor-element-553c47a e-con-full e-flex e-con e-child\" data-id=\"553c47a\" data-element_type=\"container\" data-e-type=\"container\" data-settings=\"{&quot;background_background&quot;:&quot;classic&quot;}\">\n\t\t\t\t<div class=\"elementor-element elementor-element-0abe220 elementor-widget__width-inherit elementor-widget elementor-widget-text-editor\" data-id=\"0abe220\" data-element_type=\"widget\" data-e-type=\"widget\" data-widget_type=\"text-editor.default\">\n\t\t\t\t<div class=\"elementor-widget-container\">\n\t\t\t\t\t\t\t\t\tNosso compromisso vai al\u00e9m do financiamento. <b>Oferecemos:<\/b>\t\t\t\t\t\t\t\t<\/div>\n\t\t\t\t<\/div>\n\t\t<div class=\"elementor-element elementor-element-9dfcd3f e-con-full e-grid e-con e-child\" data-id=\"9dfcd3f\" data-element_type=\"container\" data-e-type=\"container\">\n\t\t<div class=\"elementor-element elementor-element-bc1bd4a e-con-full e-flex e-con e-child\" data-id=\"bc1bd4a\" data-element_type=\"container\" data-e-type=\"container\" data-settings=\"{&quot;background_background&quot;:&quot;classic&quot;}\">\n\t\t\t\t<div class=\"elementor-element elementor-element-5435ec2 elementor-widget elementor-widget-image\" data-id=\"5435ec2\" data-element_type=\"widget\" data-e-type=\"widget\" data-widget_type=\"image.default\">\n\t\t\t\t<div class=\"elementor-widget-container\">\n\t\t\t\t\t\t\t\t\t\t\t\t\t\t\t<img fetchpriority=\"high\" decoding=\"async\" width=\"365\" height=\"274\" src=\"https:\/\/latimpacto.org\/wp-content\/uploads\/2026\/03\/icono01.png\" class=\"attachment-full size-full wp-image-18171\" alt=\"\" srcset=\"https:\/\/latimpacto.org\/wp-content\/uploads\/2026\/03\/icono01.png 365w, https:\/\/latimpacto.org\/wp-content\/uploads\/2026\/03\/icono01-300x225.png 300w, https:\/\/latimpacto.org\/wp-content\/uploads\/2026\/03\/icono01-16x12.png 16w\" sizes=\"(max-width: 365px) 100vw, 365px\" \/>\t\t\t\t\t\t\t\t\t\t\t\t\t\t\t<\/div>\n\t\t\t\t<\/div>\n\t\t\t\t<div class=\"elementor-element elementor-element-0feeec5 elementor-widget elementor-widget-text-editor\" data-id=\"0feeec5\" data-element_type=\"widget\" data-e-type=\"widget\" data-widget_type=\"text-editor.default\">\n\t\t\t\t<div class=\"elementor-widget-container\">\n\t\t\t\t\t\t\t\t\t<p>Gest\u00e3o administrativa e financeira que garante transpar\u00eancia e efici\u00eancia em cada convoca\u00e7\u00e3o<\/p>\t\t\t\t\t\t\t\t<\/div>\n\t\t\t\t<\/div>\n\t\t\t\t<\/div>\n\t\t<div class=\"elementor-element elementor-element-00f5daf e-con-full e-flex e-con e-child\" data-id=\"00f5daf\" data-element_type=\"container\" data-e-type=\"container\" data-settings=\"{&quot;background_background&quot;:&quot;classic&quot;}\">\n\t\t\t\t<div class=\"elementor-element elementor-element-1eca999 elementor-widget elementor-widget-image\" data-id=\"1eca999\" data-element_type=\"widget\" data-e-type=\"widget\" data-widget_type=\"image.default\">\n\t\t\t\t<div class=\"elementor-widget-container\">\n\t\t\t\t\t\t\t\t\t\t\t\t\t\t\t<img decoding=\"async\" width=\"365\" height=\"274\" src=\"https:\/\/latimpacto.org\/wp-content\/uploads\/2026\/03\/icono02.png\" class=\"attachment-full size-full wp-image-18183\" alt=\"\" srcset=\"https:\/\/latimpacto.org\/wp-content\/uploads\/2026\/03\/icono02.png 365w, https:\/\/latimpacto.org\/wp-content\/uploads\/2026\/03\/icono02-300x225.png 300w, https:\/\/latimpacto.org\/wp-content\/uploads\/2026\/03\/icono02-16x12.png 16w\" sizes=\"(max-width: 365px) 100vw, 365px\" \/>\t\t\t\t\t\t\t\t\t\t\t\t\t\t\t<\/div>\n\t\t\t\t<\/div>\n\t\t\t\t<div class=\"elementor-element elementor-element-ebe253e elementor-widget elementor-widget-text-editor\" data-id=\"ebe253e\" data-element_type=\"widget\" data-e-type=\"widget\" data-widget_type=\"text-editor.default\">\n\t\t\t\t<div class=\"elementor-widget-container\">\n\t\t\t\t\t\t\t\t\t<p>Acompanhamento estrat\u00e9gico durante toda a execu\u00e7\u00e3o dos projetos<\/p>\t\t\t\t\t\t\t\t<\/div>\n\t\t\t\t<\/div>\n\t\t\t\t<\/div>\n\t\t<div class=\"elementor-element elementor-element-9295b18 e-con-full e-flex e-con e-child\" data-id=\"9295b18\" data-element_type=\"container\" data-e-type=\"container\" data-settings=\"{&quot;background_background&quot;:&quot;classic&quot;}\">\n\t\t\t\t<div class=\"elementor-element elementor-element-a03ac94 elementor-widget elementor-widget-image\" data-id=\"a03ac94\" data-element_type=\"widget\" data-e-type=\"widget\" data-widget_type=\"image.default\">\n\t\t\t\t<div class=\"elementor-widget-container\">\n\t\t\t\t\t\t\t\t\t\t\t\t\t\t\t<img decoding=\"async\" width=\"365\" height=\"274\" src=\"https:\/\/latimpacto.org\/wp-content\/uploads\/2026\/03\/icono03.png\" class=\"attachment-full size-full wp-image-18184\" alt=\"\" srcset=\"https:\/\/latimpacto.org\/wp-content\/uploads\/2026\/03\/icono03.png 365w, https:\/\/latimpacto.org\/wp-content\/uploads\/2026\/03\/icono03-300x225.png 300w, https:\/\/latimpacto.org\/wp-content\/uploads\/2026\/03\/icono03-16x12.png 16w\" sizes=\"(max-width: 365px) 100vw, 365px\" \/>\t\t\t\t\t\t\t\t\t\t\t\t\t\t\t<\/div>\n\t\t\t\t<\/div>\n\t\t\t\t<div class=\"elementor-element elementor-element-e4e23ad elementor-widget elementor-widget-text-editor\" data-id=\"e4e23ad\" data-element_type=\"widget\" data-e-type=\"widget\" data-widget_type=\"text-editor.default\">\n\t\t\t\t<div class=\"elementor-widget-container\">\n\t\t\t\t\t\t\t\t\tFortalecimento de\ncapacidades por meio de\ncapacita\u00e7\u00e3o especializada\ne mentoria\t\t\t\t\t\t\t\t<\/div>\n\t\t\t\t<\/div>\n\t\t\t\t<\/div>\n\t\t<div class=\"elementor-element elementor-element-a557e59 e-con-full e-flex e-con e-child\" data-id=\"a557e59\" data-element_type=\"container\" data-e-type=\"container\" data-settings=\"{&quot;background_background&quot;:&quot;classic&quot;}\">\n\t\t\t\t<div class=\"elementor-element elementor-element-0e8345e elementor-widget elementor-widget-image\" data-id=\"0e8345e\" data-element_type=\"widget\" data-e-type=\"widget\" data-widget_type=\"image.default\">\n\t\t\t\t<div class=\"elementor-widget-container\">\n\t\t\t\t\t\t\t\t\t\t\t\t\t\t\t<img loading=\"lazy\" decoding=\"async\" width=\"365\" height=\"274\" src=\"https:\/\/latimpacto.org\/wp-content\/uploads\/2026\/03\/icono04.png\" class=\"attachment-full size-full wp-image-18185\" alt=\"\" srcset=\"https:\/\/latimpacto.org\/wp-content\/uploads\/2026\/03\/icono04.png 365w, https:\/\/latimpacto.org\/wp-content\/uploads\/2026\/03\/icono04-300x225.png 300w, https:\/\/latimpacto.org\/wp-content\/uploads\/2026\/03\/icono04-16x12.png 16w\" sizes=\"(max-width: 365px) 100vw, 365px\" \/>\t\t\t\t\t\t\t\t\t\t\t\t\t\t\t<\/div>\n\t\t\t\t<\/div>\n\t\t\t\t<div class=\"elementor-element elementor-element-3af7e61 elementor-widget elementor-widget-text-editor\" data-id=\"3af7e61\" data-element_type=\"widget\" data-e-type=\"widget\" data-widget_type=\"text-editor.default\">\n\t\t\t\t<div class=\"elementor-widget-container\">\n\t\t\t\t\t\t\t\t\tVisibilidade para\nampliar o alcance e\no impacto das\niniciativas culturais\t\t\t\t\t\t\t\t<\/div>\n\t\t\t\t<\/div>\n\t\t\t\t<\/div>\n\t\t\t\t<\/div>\n\t\t\t\t<\/div>\n\t\t\t\t<\/div>\n\t\t\t\t\t<\/div>\n\t\t\t\t<\/div>\n\t\t<div class=\"elementor-element elementor-element-b40d4f1 e-flex e-con-boxed e-con e-parent\" data-id=\"b40d4f1\" data-element_type=\"container\" data-e-type=\"container\" data-settings=\"{&quot;background_background&quot;:&quot;classic&quot;}\">\n\t\t\t\t\t<div class=\"e-con-inner\">\n\t\t\t\t<div class=\"elementor-element elementor-element-a0be22c elementor-widget elementor-widget-heading\" data-id=\"a0be22c\" data-element_type=\"widget\" data-e-type=\"widget\" data-widget_type=\"heading.default\">\n\t\t\t\t<div class=\"elementor-widget-container\">\n\t\t\t\t\t<p class=\"elementor-heading-title elementor-size-default\"><span style=\"color:#A77FD6\">Das Iniciativas,<\/span> que movem a cultura e\na arte da regi\u00e3o<\/p>\t\t\t\t<\/div>\n\t\t\t\t<\/div>\n\t\t\t\t<div class=\"elementor-element elementor-element-d20036e elementor-widget elementor-widget-text-editor\" data-id=\"d20036e\" data-element_type=\"widget\" data-e-type=\"widget\" data-widget_type=\"text-editor.default\">\n\t\t\t\t<div class=\"elementor-widget-container\">\n\t\t\t\t\t\t\t\t\tCada convocat\u00f3ria responde a necessidades espec\u00edficas dos territ\u00f3rios, conectando cultura com transforma\u00e7\u00e3o social e ambiental.\t\t\t\t\t\t\t\t<\/div>\n\t\t\t\t<\/div>\n\t\t<div class=\"elementor-element elementor-element-7e15395 e-grid e-con-full e-con e-child\" data-id=\"7e15395\" data-element_type=\"container\" data-e-type=\"container\">\n\t\t\t\t<div class=\"elementor-element elementor-element-d8a182c elementor-widget__width-inherit bdt-flip-box-effect-flip bdt-flip-box-direction-left bdt-flip-box-easing-ease-out elementor-widget elementor-widget-bdt-flip-box\" data-id=\"d8a182c\" data-element_type=\"widget\" data-e-type=\"widget\" data-widget_type=\"bdt-flip-box.default\">\n\t\t\t\t<div class=\"elementor-widget-container\">\n\t\t\t\t\t\t\t<div class=\"bdt-flip-box\" data-settings=\"{&quot;flipTrigger&quot;:&quot;hover&quot;}\">\n\t\t\t<div class=\"bdt-flip-box-layer bdt-flip-box-front\">\n\t\t\t\t<div class=\"bdt-flip-box-layer-overlay\">\n\t\t\t\t\t<div class=\"bdt-flip-box-layer-inner\">\n\t\t\t\t\t\t\n\t\t\t\t\t\t\n\t\t\t\t\t\t\t\t\t\t\t<\/div>\n\t\t\t\t<\/div>\n\t\t\t<\/div>\n\t\t\t<div class=\"bdt-flip-box-layer bdt-flip-box-back\">\n\t\t\t\t<div class=\"bdt-flip-box-layer-overlay\">\n\t\t\t\t\t<div class=\"bdt-flip-box-layer-inner\">\n\t\t\t\t\t\t\n\t\t\t\t\t\t\t\t\t\t\t\t\t<div class=\"bdt-flip-box-layer-desc\">\n\t\t\t\t\t\t\t\tProjetos binacionais que<br>\ntecem pontes culturais entre<br>\npa\u00edses da regi\u00e3o.\t\t\t\t\t\t\t<\/div>\n\t\t\t\t\t\t\n\t\t\t\t\t\t\t\t\t\t\t\t\t<a class=\"bdt-flip-box-button elementor-button elementor-size-sm\" href=\"https:\/\/latimpacto.org\/pt\/convocatoria-cultura-latinoamerica\/\">\n\t\t\t\t\t\t\t\tSaber mais\t\t\t\t\t\t\t<\/a>\n\t\t\t\t\t\t\t\t\t\t\t<\/div>\n\t\t\t\t<\/div>\n\t\t\t<\/div>\n\t\t<\/div>\n\t\t\t\t\t<\/div>\n\t\t\t\t<\/div>\n\t\t\t\t<div class=\"elementor-element elementor-element-b3df074 elementor-widget__width-inherit bdt-flip-box-effect-flip bdt-flip-box-direction-left bdt-flip-box-easing-ease-out elementor-widget elementor-widget-bdt-flip-box\" data-id=\"b3df074\" data-element_type=\"widget\" data-e-type=\"widget\" data-widget_type=\"bdt-flip-box.default\">\n\t\t\t\t<div class=\"elementor-widget-container\">\n\t\t\t\t\t\t\t<div class=\"bdt-flip-box\" data-settings=\"{&quot;flipTrigger&quot;:&quot;hover&quot;}\">\n\t\t\t<div class=\"bdt-flip-box-layer bdt-flip-box-front\">\n\t\t\t\t<div class=\"bdt-flip-box-layer-overlay\">\n\t\t\t\t\t<div class=\"bdt-flip-box-layer-inner\">\n\t\t\t\t\t\t\n\t\t\t\t\t\t\n\t\t\t\t\t\t\t\t\t\t\t<\/div>\n\t\t\t\t<\/div>\n\t\t\t<\/div>\n\t\t\t<div class=\"bdt-flip-box-layer bdt-flip-box-back\">\n\t\t\t\t<div class=\"bdt-flip-box-layer-overlay\">\n\t\t\t\t\t<div class=\"bdt-flip-box-layer-inner\">\n\t\t\t\t\t\t\n\t\t\t\t\t\t\t\t\t\t\t\t\t<div class=\"bdt-flip-box-layer-desc\">\n\t\t\t\t\t\t\t\tOrganiza\u00e7\u00f5es culturais de<br>\nM\u00e9xico que fusionam arte e<br>\nsustentabilidade ambiental\t\t\t\t\t\t\t<\/div>\n\t\t\t\t\t\t\n\t\t\t\t\t\t\t\t\t\t\t\t\t<a class=\"bdt-flip-box-button elementor-button elementor-size-sm\" href=\"https:\/\/latimpacto.org\/pt\/convocatoria-ecosistema-cultural-mx\/\">\n\t\t\t\t\t\t\t\tSaber mais\t\t\t\t\t\t\t<\/a>\n\t\t\t\t\t\t\t\t\t\t\t<\/div>\n\t\t\t\t<\/div>\n\t\t\t<\/div>\n\t\t<\/div>\n\t\t\t\t\t<\/div>\n\t\t\t\t<\/div>\n\t\t\t\t<\/div>\n\t\t\t\t\t<\/div>\n\t\t\t\t<\/div>\n\t\t<div class=\"elementor-element elementor-element-e06ab6a e-flex e-con-boxed e-con e-parent\" data-id=\"e06ab6a\" data-element_type=\"container\" data-e-type=\"container\" data-settings=\"{&quot;background_background&quot;:&quot;classic&quot;}\">\n\t\t\t\t\t<div class=\"e-con-inner\">\n\t\t\t\t<div class=\"elementor-element elementor-element-23dea58 elementor-widget elementor-widget-text-editor\" data-id=\"23dea58\" data-element_type=\"widget\" data-e-type=\"widget\" data-widget_type=\"text-editor.default\">\n\t\t\t\t<div class=\"elementor-widget-container\">\n\t\t\t\t\t\t\t\t\t<p>Para obter mais informa\u00e7\u00f5es, entre em contato conosco:<\/p>\t\t\t\t\t\t\t\t<\/div>\n\t\t\t\t<\/div>\n\t\t<div class=\"elementor-element elementor-element-244ce57 e-flex e-con-boxed e-con e-child\" data-id=\"244ce57\" data-element_type=\"container\" data-e-type=\"container\" data-settings=\"{&quot;background_background&quot;:&quot;classic&quot;}\">\n\t\t\t\t\t<div class=\"e-con-inner\">\n\t\t<div class=\"elementor-element elementor-element-cd8697a e-con-full e-flex e-con e-child\" data-id=\"cd8697a\" data-element_type=\"container\" data-e-type=\"container\" data-settings=\"{&quot;background_background&quot;:&quot;classic&quot;}\">\n\t\t\t\t<div class=\"elementor-element elementor-element-3339332 elementor-widget elementor-widget-image\" data-id=\"3339332\" data-element_type=\"widget\" data-e-type=\"widget\" data-widget_type=\"image.default\">\n\t\t\t\t<div class=\"elementor-widget-container\">\n\t\t\t\t\t\t\t\t\t\t\t\t\t\t\t<img decoding=\"async\" src=\"https:\/\/latimpacto.org\/wp-content\/uploads\/elementor\/thumbs\/e-mail-rk2mpcq36f49rt3vvn7xw4wsxf8w0nfzzntvzgbdf0.png\" title=\"e-mail\" alt=\"e-mail\" loading=\"lazy\" \/>\t\t\t\t\t\t\t\t\t\t\t\t\t\t\t<\/div>\n\t\t\t\t<\/div>\n\t\t\t\t<div class=\"elementor-element elementor-element-19f605e elementor-widget elementor-widget-text-editor\" data-id=\"19f605e\" data-element_type=\"widget\" data-e-type=\"widget\" data-widget_type=\"text-editor.default\">\n\t\t\t\t<div class=\"elementor-widget-container\">\n\t\t\t\t\t\t\t\t\t<p><a href=\"mailto:mayra@latimpacto.org\" target=\"_blank\" rel=\"noopener\">mayra@latimpacto.org<\/a><\/p>\t\t\t\t\t\t\t\t<\/div>\n\t\t\t\t<\/div>\n\t\t\t\t<\/div>\n\t\t\t\t\t<\/div>\n\t\t\t\t<\/div>\n\t\t\t\t\t<\/div>\n\t\t\t\t<\/div>\n\t\t\t\t<\/div>","protected":false},"excerpt":{"rendered":"<p>Fortalecemos territorios a trav\u00e9s del arte y la cultura El Fondo Cultura impulsa el desarrollo social, cultural y art\u00edstico de comunidades en [&hellip;]<\/p>\n","protected":false},"author":3,"featured_media":0,"parent":0,"menu_order":0,"comment_status":"closed","ping_status":"closed","template":"","meta":{"_acf_changed":false,"footnotes":""},"class_list":["post-18124","page","type-page","status-publish","hentry"],"acf":[],"_links":{"self":[{"href":"https:\/\/latimpacto.org\/pt\/wp-json\/wp\/v2\/pages\/18124","targetHints":{"allow":["GET"]}}],"collection":[{"href":"https:\/\/latimpacto.org\/pt\/wp-json\/wp\/v2\/pages"}],"about":[{"href":"https:\/\/latimpacto.org\/pt\/wp-json\/wp\/v2\/types\/page"}],"author":[{"embeddable":true,"href":"https:\/\/latimpacto.org\/pt\/wp-json\/wp\/v2\/users\/3"}],"replies":[{"embeddable":true,"href":"https:\/\/latimpacto.org\/pt\/wp-json\/wp\/v2\/comments?post=18124"}],"version-history":[{"count":136,"href":"https:\/\/latimpacto.org\/pt\/wp-json\/wp\/v2\/pages\/18124\/revisions"}],"predecessor-version":[{"id":18837,"href":"https:\/\/latimpacto.org\/pt\/wp-json\/wp\/v2\/pages\/18124\/revisions\/18837"}],"wp:attachment":[{"href":"https:\/\/latimpacto.org\/pt\/wp-json\/wp\/v2\/media?parent=18124"}],"curies":[{"name":"wp","href":"https:\/\/api.w.org\/{rel}","templated":true}]}}