{"id":495,"date":"2025-03-18T02:08:03","date_gmt":"2025-03-18T02:08:03","guid":{"rendered":"https:\/\/latimpacto.org\/porimpacto\/?page_id=495"},"modified":"2025-07-25T17:46:22","modified_gmt":"2025-07-25T17:46:22","slug":"juan-david-ferreira","status":"publish","type":"page","link":"https:\/\/latimpacto.org\/pt\/juan-david-ferreira\/","title":{"rendered":"Juan David Ferreira"},"content":{"rendered":"<div data-elementor-type=\"wp-page\" data-elementor-id=\"495\" class=\"elementor elementor-495\" data-elementor-settings=\"{&quot;element_pack_global_tooltip_width&quot;:{&quot;unit&quot;:&quot;px&quot;,&quot;size&quot;:&quot;&quot;,&quot;sizes&quot;:[]},&quot;element_pack_global_tooltip_width_tablet&quot;:{&quot;unit&quot;:&quot;px&quot;,&quot;size&quot;:&quot;&quot;,&quot;sizes&quot;:[]},&quot;element_pack_global_tooltip_width_mobile&quot;:{&quot;unit&quot;:&quot;px&quot;,&quot;size&quot;:&quot;&quot;,&quot;sizes&quot;:[]},&quot;element_pack_global_tooltip_padding&quot;:{&quot;unit&quot;:&quot;px&quot;,&quot;top&quot;:&quot;&quot;,&quot;right&quot;:&quot;&quot;,&quot;bottom&quot;:&quot;&quot;,&quot;left&quot;:&quot;&quot;,&quot;isLinked&quot;:true},&quot;element_pack_global_tooltip_padding_tablet&quot;:{&quot;unit&quot;:&quot;px&quot;,&quot;top&quot;:&quot;&quot;,&quot;right&quot;:&quot;&quot;,&quot;bottom&quot;:&quot;&quot;,&quot;left&quot;:&quot;&quot;,&quot;isLinked&quot;:true},&quot;element_pack_global_tooltip_padding_mobile&quot;:{&quot;unit&quot;:&quot;px&quot;,&quot;top&quot;:&quot;&quot;,&quot;right&quot;:&quot;&quot;,&quot;bottom&quot;:&quot;&quot;,&quot;left&quot;:&quot;&quot;,&quot;isLinked&quot;:true},&quot;element_pack_global_tooltip_border_radius&quot;:{&quot;unit&quot;:&quot;px&quot;,&quot;top&quot;:&quot;&quot;,&quot;right&quot;:&quot;&quot;,&quot;bottom&quot;:&quot;&quot;,&quot;left&quot;:&quot;&quot;,&quot;isLinked&quot;:true},&quot;element_pack_global_tooltip_border_radius_tablet&quot;:{&quot;unit&quot;:&quot;px&quot;,&quot;top&quot;:&quot;&quot;,&quot;right&quot;:&quot;&quot;,&quot;bottom&quot;:&quot;&quot;,&quot;left&quot;:&quot;&quot;,&quot;isLinked&quot;:true},&quot;element_pack_global_tooltip_border_radius_mobile&quot;:{&quot;unit&quot;:&quot;px&quot;,&quot;top&quot;:&quot;&quot;,&quot;right&quot;:&quot;&quot;,&quot;bottom&quot;:&quot;&quot;,&quot;left&quot;:&quot;&quot;,&quot;isLinked&quot;:true}}\" wpc-filter-elementor-widget=\"1\">\n\t\t\t\t\t\t<section class=\"elementor-section elementor-top-section elementor-element elementor-element-bd069de elementor-section-content-middle elementor-section-boxed elementor-section-height-default elementor-section-height-default\" data-id=\"bd069de\" data-element_type=\"section\" data-e-type=\"section\">\n\t\t\t\t\t\t<div class=\"elementor-container elementor-column-gap-default\">\n\t\t\t\t\t<div class=\"elementor-column elementor-col-50 elementor-top-column elementor-element elementor-element-2a03707\" data-id=\"2a03707\" data-element_type=\"column\" data-e-type=\"column\">\n\t\t\t<div class=\"elementor-widget-wrap elementor-element-populated\">\n\t\t\t\t\t\t<div class=\"elementor-element elementor-element-5a17c79 elementor-widget elementor-widget-image\" data-id=\"5a17c79\" data-element_type=\"widget\" data-e-type=\"widget\" data-widget_type=\"image.default\">\n\t\t\t\t<div class=\"elementor-widget-container\">\n\t\t\t\t\t\t\t\t\t\t\t\t\t\t\t<img fetchpriority=\"high\" decoding=\"async\" width=\"1080\" height=\"1080\" src=\"https:\/\/latimpacto.org\/wp-content\/uploads\/2025\/07\/Juan-David.webp\" class=\"attachment-full size-full wp-image-17078\" alt=\"\" srcset=\"https:\/\/latimpacto.org\/wp-content\/uploads\/2025\/07\/Juan-David.webp 1080w, https:\/\/latimpacto.org\/wp-content\/uploads\/2025\/07\/Juan-David-300x300.webp 300w, https:\/\/latimpacto.org\/wp-content\/uploads\/2025\/07\/Juan-David-1024x1024.webp 1024w, https:\/\/latimpacto.org\/wp-content\/uploads\/2025\/07\/Juan-David-150x150.webp 150w, https:\/\/latimpacto.org\/wp-content\/uploads\/2025\/07\/Juan-David-768x768.webp 768w, https:\/\/latimpacto.org\/wp-content\/uploads\/2025\/07\/Juan-David-12x12.webp 12w, https:\/\/latimpacto.org\/wp-content\/uploads\/2025\/07\/Juan-David-650x650.webp 650w\" sizes=\"(max-width: 1080px) 100vw, 1080px\" \/>\t\t\t\t\t\t\t\t\t\t\t\t\t\t\t<\/div>\n\t\t\t\t<\/div>\n\t\t\t\t<div class=\"elementor-element elementor-element-31ed988 elementor-view-default elementor-widget elementor-widget-icon\" data-id=\"31ed988\" data-element_type=\"widget\" data-e-type=\"widget\" data-widget_type=\"icon.default\">\n\t\t\t\t<div class=\"elementor-widget-container\">\n\t\t\t\t\t\t\t<div class=\"elementor-icon-wrapper\">\n\t\t\t<a class=\"elementor-icon\" href=\"https:\/\/www.linkedin.com\/in\/david-ferreira-8a6526117\/\">\n\t\t\t<svg aria-hidden=\"true\" class=\"e-font-icon-svg e-fab-linkedin\" viewbox=\"0 0 448 512\" xmlns=\"http:\/\/www.w3.org\/2000\/svg\"><path d=\"M416 32H31.9C14.3 32 0 46.5 0 64.3v383.4C0 465.5 14.3 480 31.9 480H416c17.6 0 32-14.5 32-32.3V64.3c0-17.8-14.4-32.3-32-32.3zM135.4 416H69V202.2h66.5V416zm-33.2-243c-21.3 0-38.5-17.3-38.5-38.5S80.9 96 102.2 96c21.2 0 38.5 17.3 38.5 38.5 0 21.3-17.2 38.5-38.5 38.5zm282.1 243h-66.4V312c0-24.8-.5-56.7-34.5-56.7-34.6 0-39.9 27-39.9 54.9V416h-66.4V202.2h63.7v29.2h.9c8.9-16.8 30.6-34.5 62.9-34.5 67.2 0 79.7 44.3 79.7 101.9V416z\"><\/path><\/svg>\t\t\t<\/a>\n\t\t<\/div>\n\t\t\t\t\t\t<\/div>\n\t\t\t\t<\/div>\n\t\t\t\t\t<\/div>\n\t\t<\/div>\n\t\t\t\t<div class=\"elementor-column elementor-col-50 elementor-top-column elementor-element elementor-element-f9c6952\" data-id=\"f9c6952\" data-element_type=\"column\" data-e-type=\"column\">\n\t\t\t<div class=\"elementor-widget-wrap elementor-element-populated\">\n\t\t\t\t\t\t<div class=\"elementor-element elementor-element-8dd4708 elementor-widget elementor-widget-bdt-member\" data-id=\"8dd4708\" data-element_type=\"widget\" data-e-type=\"widget\" data-widget_type=\"bdt-member.default\">\n\t\t\t\t<div class=\"elementor-widget-container\">\n\t\t\t\t\t\n\t\t<div class=\"bdt-member skin-default bdt-transition-toggle\">\n\t\t\t\n\t\t\t<div class=\"bdt-member-content\">\n\t\t\t\t\t\t\t\t\t<span class=\"bdt-member-name\">\n\t\t\t\t\t\tJuan David Ferreira\t\t\t\t\t<\/span>\n\t\t\t\t\t\t\t\t\t\t\t\t\t<span class=\"bdt-member-role\">\n\t\t\t\t\t\tDiretor do programa\t\t\t\t\t<\/span>\n\t\t\t\t\t\t\t\t\t\t\t\t\t<div class=\"bdt-member-text bdt-content-wrap\">\n\t\t\t\t\t\tEle \u00e9 formado em ci\u00eancia pol\u00edtica e rela\u00e7\u00f5es internacionais pela Universidade de Sheffield, Reino Unido, e tem mestrado em economia pol\u00edtica internacional pelo King's College London. Ele tem cinco anos de experi\u00eancia no setor de investimentos de impacto e trabalhou na fase de cria\u00e7\u00e3o da Latimpacto como consultor do International Venture Philanthropy Center (VPC). Juan \u00e9 colombiano e mora em Bogot\u00e1. Ele fala espanhol, ingl\u00eas e um pouco de portugu\u00eas. <br><br>\nJuan se define como um vision\u00e1rio otimista. Um dia perfeito inclui compartilhar uma boa refei\u00e7\u00e3o com pessoas queridas e passar tempo com sua cachorra, Katrina. Ele \u00e9 um aficionado por hist\u00f3ria, ent\u00e3o conhece fatos interessantes sobre a cultura em geral e os nomes de todas as capitais do mundo. Divirta-se explorando destinos de viagem n\u00e3o convencionais. Juan \u00e9 apaixonado por trabalhar por uma sociedade mais justa e equitativa e acredita firmemente que cada setor da economia tem a capacidade e o potencial de causar um impacto positivo no mundo. \t\t\t\t\t<\/div>\n\t\t\t\t\t\t\t<\/div>\n\n\t\t\t\n\t\t<\/div>\n\t\t\t\t\t\t<\/div>\n\t\t\t\t<\/div>\n\t\t\t\t\t<\/div>\n\t\t<\/div>\n\t\t\t\t\t<\/div>\n\t\t<\/section>\n\t\t\t\t<\/div>","protected":false},"excerpt":{"rendered":"<p>Juan David Ferreira Director de Programas Es profesional en ciencias pol\u00edticas y relaciones internacionales de la Universidad de Sheffield- Reino Unido, con [&hellip;]<\/p>\n","protected":false},"author":1,"featured_media":0,"parent":0,"menu_order":0,"comment_status":"closed","ping_status":"closed","template":"","meta":{"_acf_changed":false,"footnotes":""},"class_list":["post-495","page","type-page","status-publish","hentry"],"acf":[],"_links":{"self":[{"href":"https:\/\/latimpacto.org\/pt\/wp-json\/wp\/v2\/pages\/495","targetHints":{"allow":["GET"]}}],"collection":[{"href":"https:\/\/latimpacto.org\/pt\/wp-json\/wp\/v2\/pages"}],"about":[{"href":"https:\/\/latimpacto.org\/pt\/wp-json\/wp\/v2\/types\/page"}],"author":[{"embeddable":true,"href":"https:\/\/latimpacto.org\/pt\/wp-json\/wp\/v2\/users\/1"}],"replies":[{"embeddable":true,"href":"https:\/\/latimpacto.org\/pt\/wp-json\/wp\/v2\/comments?post=495"}],"version-history":[{"count":7,"href":"https:\/\/latimpacto.org\/pt\/wp-json\/wp\/v2\/pages\/495\/revisions"}],"predecessor-version":[{"id":17098,"href":"https:\/\/latimpacto.org\/pt\/wp-json\/wp\/v2\/pages\/495\/revisions\/17098"}],"wp:attachment":[{"href":"https:\/\/latimpacto.org\/pt\/wp-json\/wp\/v2\/media?parent=495"}],"curies":[{"name":"wp","href":"https:\/\/api.w.org\/{rel}","templated":true}]}}