{"id":505,"date":"2025-03-18T02:11:59","date_gmt":"2025-03-18T02:11:59","guid":{"rendered":"https:\/\/latimpacto.org\/porimpacto\/?page_id=505"},"modified":"2025-07-25T17:47:02","modified_gmt":"2025-07-25T17:47:02","slug":"catalina-herrera","status":"publish","type":"page","link":"https:\/\/latimpacto.org\/pt\/catalina-herrera\/","title":{"rendered":"Catalina Herrera"},"content":{"rendered":"<div data-elementor-type=\"wp-page\" data-elementor-id=\"505\" class=\"elementor elementor-505\" data-elementor-settings=\"{&quot;element_pack_global_tooltip_width&quot;:{&quot;unit&quot;:&quot;px&quot;,&quot;size&quot;:&quot;&quot;,&quot;sizes&quot;:[]},&quot;element_pack_global_tooltip_width_tablet&quot;:{&quot;unit&quot;:&quot;px&quot;,&quot;size&quot;:&quot;&quot;,&quot;sizes&quot;:[]},&quot;element_pack_global_tooltip_width_mobile&quot;:{&quot;unit&quot;:&quot;px&quot;,&quot;size&quot;:&quot;&quot;,&quot;sizes&quot;:[]},&quot;element_pack_global_tooltip_padding&quot;:{&quot;unit&quot;:&quot;px&quot;,&quot;top&quot;:&quot;&quot;,&quot;right&quot;:&quot;&quot;,&quot;bottom&quot;:&quot;&quot;,&quot;left&quot;:&quot;&quot;,&quot;isLinked&quot;:true},&quot;element_pack_global_tooltip_padding_tablet&quot;:{&quot;unit&quot;:&quot;px&quot;,&quot;top&quot;:&quot;&quot;,&quot;right&quot;:&quot;&quot;,&quot;bottom&quot;:&quot;&quot;,&quot;left&quot;:&quot;&quot;,&quot;isLinked&quot;:true},&quot;element_pack_global_tooltip_padding_mobile&quot;:{&quot;unit&quot;:&quot;px&quot;,&quot;top&quot;:&quot;&quot;,&quot;right&quot;:&quot;&quot;,&quot;bottom&quot;:&quot;&quot;,&quot;left&quot;:&quot;&quot;,&quot;isLinked&quot;:true},&quot;element_pack_global_tooltip_border_radius&quot;:{&quot;unit&quot;:&quot;px&quot;,&quot;top&quot;:&quot;&quot;,&quot;right&quot;:&quot;&quot;,&quot;bottom&quot;:&quot;&quot;,&quot;left&quot;:&quot;&quot;,&quot;isLinked&quot;:true},&quot;element_pack_global_tooltip_border_radius_tablet&quot;:{&quot;unit&quot;:&quot;px&quot;,&quot;top&quot;:&quot;&quot;,&quot;right&quot;:&quot;&quot;,&quot;bottom&quot;:&quot;&quot;,&quot;left&quot;:&quot;&quot;,&quot;isLinked&quot;:true},&quot;element_pack_global_tooltip_border_radius_mobile&quot;:{&quot;unit&quot;:&quot;px&quot;,&quot;top&quot;:&quot;&quot;,&quot;right&quot;:&quot;&quot;,&quot;bottom&quot;:&quot;&quot;,&quot;left&quot;:&quot;&quot;,&quot;isLinked&quot;:true}}\" wpc-filter-elementor-widget=\"1\">\n\t\t\t\t\t\t<section class=\"elementor-section elementor-top-section elementor-element elementor-element-2e7792a elementor-section-content-middle elementor-section-boxed elementor-section-height-default elementor-section-height-default\" data-id=\"2e7792a\" data-element_type=\"section\" data-e-type=\"section\">\n\t\t\t\t\t\t<div class=\"elementor-container elementor-column-gap-default\">\n\t\t\t\t\t<div class=\"elementor-column elementor-col-50 elementor-top-column elementor-element elementor-element-27469b0\" data-id=\"27469b0\" data-element_type=\"column\" data-e-type=\"column\">\n\t\t\t<div class=\"elementor-widget-wrap elementor-element-populated\">\n\t\t\t\t\t\t<div class=\"elementor-element elementor-element-9ebb452 elementor-widget elementor-widget-image\" data-id=\"9ebb452\" data-element_type=\"widget\" data-e-type=\"widget\" data-widget_type=\"image.default\">\n\t\t\t\t<div class=\"elementor-widget-container\">\n\t\t\t\t\t\t\t\t\t\t\t\t\t\t\t<img fetchpriority=\"high\" decoding=\"async\" width=\"1080\" height=\"1080\" src=\"https:\/\/latimpacto.org\/wp-content\/uploads\/2025\/07\/Catalina.webp\" class=\"attachment-full size-full wp-image-17079\" alt=\"\" srcset=\"https:\/\/latimpacto.org\/wp-content\/uploads\/2025\/07\/Catalina.webp 1080w, https:\/\/latimpacto.org\/wp-content\/uploads\/2025\/07\/Catalina-300x300.webp 300w, https:\/\/latimpacto.org\/wp-content\/uploads\/2025\/07\/Catalina-1024x1024.webp 1024w, https:\/\/latimpacto.org\/wp-content\/uploads\/2025\/07\/Catalina-150x150.webp 150w, https:\/\/latimpacto.org\/wp-content\/uploads\/2025\/07\/Catalina-768x768.webp 768w, https:\/\/latimpacto.org\/wp-content\/uploads\/2025\/07\/Catalina-12x12.webp 12w, https:\/\/latimpacto.org\/wp-content\/uploads\/2025\/07\/Catalina-650x650.webp 650w\" sizes=\"(max-width: 1080px) 100vw, 1080px\" \/>\t\t\t\t\t\t\t\t\t\t\t\t\t\t\t<\/div>\n\t\t\t\t<\/div>\n\t\t\t\t<div class=\"elementor-element elementor-element-41575bf elementor-view-default elementor-widget elementor-widget-icon\" data-id=\"41575bf\" data-element_type=\"widget\" data-e-type=\"widget\" data-widget_type=\"icon.default\">\n\t\t\t\t<div class=\"elementor-widget-container\">\n\t\t\t\t\t\t\t<div class=\"elementor-icon-wrapper\">\n\t\t\t<a class=\"elementor-icon\" href=\"https:\/\/www.linkedin.com\/in\/catalina-herrera-jaramillo-2a5b046b\/\">\n\t\t\t<svg aria-hidden=\"true\" class=\"e-font-icon-svg e-fab-linkedin\" viewbox=\"0 0 448 512\" xmlns=\"http:\/\/www.w3.org\/2000\/svg\"><path d=\"M416 32H31.9C14.3 32 0 46.5 0 64.3v383.4C0 465.5 14.3 480 31.9 480H416c17.6 0 32-14.5 32-32.3V64.3c0-17.8-14.4-32.3-32-32.3zM135.4 416H69V202.2h66.5V416zm-33.2-243c-21.3 0-38.5-17.3-38.5-38.5S80.9 96 102.2 96c21.2 0 38.5 17.3 38.5 38.5 0 21.3-17.2 38.5-38.5 38.5zm282.1 243h-66.4V312c0-24.8-.5-56.7-34.5-56.7-34.6 0-39.9 27-39.9 54.9V416h-66.4V202.2h63.7v29.2h.9c8.9-16.8 30.6-34.5 62.9-34.5 67.2 0 79.7 44.3 79.7 101.9V416z\"><\/path><\/svg>\t\t\t<\/a>\n\t\t<\/div>\n\t\t\t\t\t\t<\/div>\n\t\t\t\t<\/div>\n\t\t\t\t\t<\/div>\n\t\t<\/div>\n\t\t\t\t<div class=\"elementor-column elementor-col-50 elementor-top-column elementor-element elementor-element-743fc55\" data-id=\"743fc55\" data-element_type=\"column\" data-e-type=\"column\">\n\t\t\t<div class=\"elementor-widget-wrap elementor-element-populated\">\n\t\t\t\t\t\t<div class=\"elementor-element elementor-element-20b3122 elementor-widget elementor-widget-bdt-member\" data-id=\"20b3122\" data-element_type=\"widget\" data-e-type=\"widget\" data-widget_type=\"bdt-member.default\">\n\t\t\t\t<div class=\"elementor-widget-container\">\n\t\t\t\t\t\n\t\t<div class=\"bdt-member skin-default bdt-transition-toggle\">\n\t\t\t\n\t\t\t<div class=\"bdt-member-content\">\n\t\t\t\t\t\t\t\t\t<span class=\"bdt-member-name\">\n\t\t\t\t\t\tCatalina Herrera\t\t\t\t\t<\/span>\n\t\t\t\t\t\t\t\t\t\t\t\t\t<span class=\"bdt-member-role\">\n\t\t\t\t\t\tGerente de conhecimento\t\t\t\t\t<\/span>\n\t\t\t\t\t\t\t\t\t\t\t\t\t<div class=\"bdt-member-text bdt-content-wrap\">\n\t\t\t\t\t\tCatalina Herrera Jaramillo. Antrop\u00f3loga com mestrado em estudos sociais. Mais de doze anos de experi\u00eancia liderando equipes e trabalhando em colabora\u00e7\u00e3o com ag\u00eancias governamentais, organiza\u00e7\u00f5es multilaterais e ONGs em programas de interven\u00e7\u00e3o, pesquisa e medi\u00e7\u00e3o relacionados ao empreendedorismo, informalidade e desenvolvimento socioecon\u00f4mico. Como l\u00edder em pesquisa e inova\u00e7\u00e3o, a Latimpacto se concentra em promover investimentos de impacto, filantropia de risco e capital catal\u00edtico por meio de pesquisas e estudos de caso. \t\t\t\t\t<\/div>\n\t\t\t\t\t\t\t<\/div>\n\n\t\t\t\n\t\t<\/div>\n\t\t\t\t\t\t<\/div>\n\t\t\t\t<\/div>\n\t\t\t\t\t<\/div>\n\t\t<\/div>\n\t\t\t\t\t<\/div>\n\t\t<\/section>\n\t\t\t\t<\/div>","protected":false},"excerpt":{"rendered":"<p>Catalina Herrera Directora de Conocimiento Catalina Herrera Jaramillo. Antrop\u00f3loga con maestr\u00eda en estudios sociales. M\u00e1s de doce a\u00f1os de experiencia liderando equipos [&hellip;]<\/p>\n","protected":false},"author":1,"featured_media":0,"parent":0,"menu_order":0,"comment_status":"closed","ping_status":"closed","template":"","meta":{"_acf_changed":false,"footnotes":""},"class_list":["post-505","page","type-page","status-publish","hentry"],"acf":[],"_links":{"self":[{"href":"https:\/\/latimpacto.org\/pt\/wp-json\/wp\/v2\/pages\/505","targetHints":{"allow":["GET"]}}],"collection":[{"href":"https:\/\/latimpacto.org\/pt\/wp-json\/wp\/v2\/pages"}],"about":[{"href":"https:\/\/latimpacto.org\/pt\/wp-json\/wp\/v2\/types\/page"}],"author":[{"embeddable":true,"href":"https:\/\/latimpacto.org\/pt\/wp-json\/wp\/v2\/users\/1"}],"replies":[{"embeddable":true,"href":"https:\/\/latimpacto.org\/pt\/wp-json\/wp\/v2\/comments?post=505"}],"version-history":[{"count":7,"href":"https:\/\/latimpacto.org\/pt\/wp-json\/wp\/v2\/pages\/505\/revisions"}],"predecessor-version":[{"id":17101,"href":"https:\/\/latimpacto.org\/pt\/wp-json\/wp\/v2\/pages\/505\/revisions\/17101"}],"wp:attachment":[{"href":"https:\/\/latimpacto.org\/pt\/wp-json\/wp\/v2\/media?parent=505"}],"curies":[{"name":"wp","href":"https:\/\/api.w.org\/{rel}","templated":true}]}}