{"id":683,"date":"2025-03-19T20:04:59","date_gmt":"2025-03-19T20:04:59","guid":{"rendered":"https:\/\/latimpacto.org\/porimpacto\/?page_id=683"},"modified":"2026-03-30T19:31:07","modified_gmt":"2026-03-30T19:31:07","slug":"consejo-directivo","status":"publish","type":"page","link":"https:\/\/latimpacto.org\/pt\/consejo-directivo\/","title":{"rendered":"Conselho de Administra\u00e7\u00e3o"},"content":{"rendered":"<div data-elementor-type=\"wp-page\" data-elementor-id=\"683\" class=\"elementor elementor-683\" data-elementor-settings=\"{&quot;element_pack_global_tooltip_width&quot;:{&quot;unit&quot;:&quot;px&quot;,&quot;size&quot;:&quot;&quot;,&quot;sizes&quot;:[]},&quot;element_pack_global_tooltip_width_tablet&quot;:{&quot;unit&quot;:&quot;px&quot;,&quot;size&quot;:&quot;&quot;,&quot;sizes&quot;:[]},&quot;element_pack_global_tooltip_width_mobile&quot;:{&quot;unit&quot;:&quot;px&quot;,&quot;size&quot;:&quot;&quot;,&quot;sizes&quot;:[]},&quot;element_pack_global_tooltip_padding&quot;:{&quot;unit&quot;:&quot;px&quot;,&quot;top&quot;:&quot;&quot;,&quot;right&quot;:&quot;&quot;,&quot;bottom&quot;:&quot;&quot;,&quot;left&quot;:&quot;&quot;,&quot;isLinked&quot;:true},&quot;element_pack_global_tooltip_padding_tablet&quot;:{&quot;unit&quot;:&quot;px&quot;,&quot;top&quot;:&quot;&quot;,&quot;right&quot;:&quot;&quot;,&quot;bottom&quot;:&quot;&quot;,&quot;left&quot;:&quot;&quot;,&quot;isLinked&quot;:true},&quot;element_pack_global_tooltip_padding_mobile&quot;:{&quot;unit&quot;:&quot;px&quot;,&quot;top&quot;:&quot;&quot;,&quot;right&quot;:&quot;&quot;,&quot;bottom&quot;:&quot;&quot;,&quot;left&quot;:&quot;&quot;,&quot;isLinked&quot;:true},&quot;element_pack_global_tooltip_border_radius&quot;:{&quot;unit&quot;:&quot;px&quot;,&quot;top&quot;:&quot;&quot;,&quot;right&quot;:&quot;&quot;,&quot;bottom&quot;:&quot;&quot;,&quot;left&quot;:&quot;&quot;,&quot;isLinked&quot;:true},&quot;element_pack_global_tooltip_border_radius_tablet&quot;:{&quot;unit&quot;:&quot;px&quot;,&quot;top&quot;:&quot;&quot;,&quot;right&quot;:&quot;&quot;,&quot;bottom&quot;:&quot;&quot;,&quot;left&quot;:&quot;&quot;,&quot;isLinked&quot;:true},&quot;element_pack_global_tooltip_border_radius_mobile&quot;:{&quot;unit&quot;:&quot;px&quot;,&quot;top&quot;:&quot;&quot;,&quot;right&quot;:&quot;&quot;,&quot;bottom&quot;:&quot;&quot;,&quot;left&quot;:&quot;&quot;,&quot;isLinked&quot;:true}}\" wpc-filter-elementor-widget=\"1\">\n\t\t\t\t\t\t<section class=\"elementor-section elementor-top-section elementor-element elementor-element-50c33c1 elementor-section-content-middle elementor-section-boxed elementor-section-height-default elementor-section-height-default\" data-id=\"50c33c1\" data-element_type=\"section\" data-e-type=\"section\" data-settings=\"{&quot;background_background&quot;:&quot;classic&quot;}\">\n\t\t\t\t\t\t<div class=\"elementor-container elementor-column-gap-default\">\n\t\t\t\t\t<div class=\"elementor-column elementor-col-100 elementor-top-column elementor-element elementor-element-dba587f\" data-id=\"dba587f\" data-element_type=\"column\" data-e-type=\"column\">\n\t\t\t<div class=\"elementor-widget-wrap elementor-element-populated\">\n\t\t\t\t\t\t<div class=\"elementor-element elementor-element-aba3bf3 elementor-widget elementor-widget-heading\" data-id=\"aba3bf3\" data-element_type=\"widget\" data-e-type=\"widget\" data-widget_type=\"heading.default\">\n\t\t\t\t<div class=\"elementor-widget-container\">\n\t\t\t\t\t<h2 class=\"elementor-heading-title elementor-size-default\">Conselho de Administra\u00e7\u00e3o<\/h2>\t\t\t\t<\/div>\n\t\t\t\t<\/div>\n\t\t\t\t<div class=\"elementor-element elementor-element-5e11f50 elementor-widget elementor-widget-text-editor\" data-id=\"5e11f50\" data-element_type=\"widget\" data-e-type=\"widget\" data-widget_type=\"text-editor.default\">\n\t\t\t\t<div class=\"elementor-widget-container\">\n\t\t\t\t\t\t\t\t\t<p>Estes s\u00e3o os membros que comp\u00f5em nosso conselho de administra\u00e7\u00e3o<\/p>\t\t\t\t\t\t\t\t<\/div>\n\t\t\t\t<\/div>\n\t\t\t\t\t<\/div>\n\t\t<\/div>\n\t\t\t\t\t<\/div>\n\t\t<\/section>\n\t\t<div class=\"elementor-element elementor-element-0c6b70e e-grid e-con-full e-con e-parent\" data-id=\"0c6b70e\" data-element_type=\"container\" data-e-type=\"container\">\n\t\t\t\t<div class=\"elementor-element elementor-element-44e761b elementor-widget elementor-widget-bdt-member\" data-id=\"44e761b\" data-element_type=\"widget\" data-e-type=\"widget\" data-widget_type=\"bdt-member.default\">\n\t\t\t\t<div class=\"elementor-widget-container\">\n\t\t\t\t\t\n\t\t<div class=\"bdt-member skin-default bdt-transition-toggle\">\n\t\t\t\n\t\t\t\t<div class=\"bdt-member-photo-wrapper bdt-image-mask\">\n\n\t\t\t\t\t\n\t\t\t\t\t\t<div class=\"bdt-member-photo\">\n\t\t\t\t\t\t\t<div class=\"\">\n\n\t\t\t\t\t\t\t\t<img decoding=\"async\" width=\"181\" height=\"181\" src=\"https:\/\/latimpacto.org\/wp-content\/uploads\/2025\/09\/Andrea01.webp\" class=\"attachment- size-\" alt=\"Andrea Mota\" srcset=\"https:\/\/latimpacto.org\/wp-content\/uploads\/2025\/09\/Andrea01.webp 181w, https:\/\/latimpacto.org\/wp-content\/uploads\/2025\/09\/Andrea01-150x150.webp 150w, https:\/\/latimpacto.org\/wp-content\/uploads\/2025\/09\/Andrea01-12x12.webp 12w\" sizes=\"(max-width: 181px) 100vw, 181px\" \/>\n\t\t\t\t\t\t\t<\/div>\n\t\t\t\t\t\t<\/div>\n\n\t\t\t\t\t\t\n\t\t\t\t<\/div>\n\t\t\t\n\t\t\t<div class=\"bdt-member-content\">\n\t\t\t\t\t\t\t\t\t<span class=\"bdt-member-name\">\n\t\t\t\t\t\tAndrea Mota\t\t\t\t\t<\/span>\n\t\t\t\t\t\t\t\t\t\t\t\t\t<span class=\"bdt-member-role\">\n\t\t\t\t\t\tVice-presidente de Sustentabilidade para a Am\u00e9rica Latina, The Coca-Cola Company\t\t\t\t\t<\/span>\n\t\t\t\t\t\t\t\t\t\t\t<\/div>\n\n\t\t\t\n\t\t<\/div>\n\t\t\t\t\t\t<\/div>\n\t\t\t\t<\/div>\n\t\t\t\t<div class=\"elementor-element elementor-element-a35c73c elementor-widget elementor-widget-bdt-member\" data-id=\"a35c73c\" data-element_type=\"widget\" data-e-type=\"widget\" data-widget_type=\"bdt-member.default\">\n\t\t\t\t<div class=\"elementor-widget-container\">\n\t\t\t\t\t\n\t\t<div class=\"bdt-member skin-default bdt-transition-toggle\">\n\t\t\t\n\t\t\t\t<div class=\"bdt-member-photo-wrapper bdt-image-mask\">\n\n\t\t\t\t\t\n\t\t\t\t\t\t<div class=\"bdt-member-photo\">\n\t\t\t\t\t\t\t<div class=\"\">\n\n\t\t\t\t\t\t\t\t<img decoding=\"async\" width=\"181\" height=\"181\" src=\"https:\/\/latimpacto.org\/wp-content\/uploads\/2025\/04\/Agustin.png\" class=\"attachment- size-\" alt=\"Agust\u00edn Batto\" srcset=\"https:\/\/latimpacto.org\/wp-content\/uploads\/2025\/04\/Agustin.png 181w, https:\/\/latimpacto.org\/wp-content\/uploads\/2025\/04\/Agustin-150x150.png 150w\" sizes=\"(max-width: 181px) 100vw, 181px\" \/>\n\t\t\t\t\t\t\t<\/div>\n\t\t\t\t\t\t<\/div>\n\n\t\t\t\t\t\t\n\t\t\t\t<\/div>\n\t\t\t\n\t\t\t<div class=\"bdt-member-content\">\n\t\t\t\t\t\t\t\t\t<span class=\"bdt-member-name\">\n\t\t\t\t\t\tAgustin Batto\t\t\t\t\t<\/span>\n\t\t\t\t\t\t\t\t\t\t\t\t\t<span class=\"bdt-member-role\">\n\t\t\t\t\t\tFundador da Eidos Global\t\t\t\t\t<\/span>\n\t\t\t\t\t\t\t\t\t\t\t<\/div>\n\n\t\t\t\n\t\t<\/div>\n\t\t\t\t\t\t<\/div>\n\t\t\t\t<\/div>\n\t\t\t\t<div class=\"elementor-element elementor-element-c00976c elementor-widget elementor-widget-bdt-member\" data-id=\"c00976c\" data-element_type=\"widget\" data-e-type=\"widget\" data-widget_type=\"bdt-member.default\">\n\t\t\t\t<div class=\"elementor-widget-container\">\n\t\t\t\t\t\n\t\t<div class=\"bdt-member skin-default bdt-transition-toggle\">\n\t\t\t\n\t\t\t\t<div class=\"bdt-member-photo-wrapper bdt-image-mask\">\n\n\t\t\t\t\t\n\t\t\t\t\t\t<div class=\"bdt-member-photo\">\n\t\t\t\t\t\t\t<div class=\"\">\n\n\t\t\t\t\t\t\t\t<img fetchpriority=\"high\" decoding=\"async\" width=\"740\" height=\"740\" src=\"https:\/\/latimpacto.org\/wp-content\/uploads\/2025\/09\/Vanessa_Caldera01.webp\" class=\"attachment- size-\" alt=\"Vanessa Caldera\" srcset=\"https:\/\/latimpacto.org\/wp-content\/uploads\/2025\/09\/Vanessa_Caldera01.webp 740w, https:\/\/latimpacto.org\/wp-content\/uploads\/2025\/09\/Vanessa_Caldera01-300x300.webp 300w, https:\/\/latimpacto.org\/wp-content\/uploads\/2025\/09\/Vanessa_Caldera01-150x150.webp 150w, https:\/\/latimpacto.org\/wp-content\/uploads\/2025\/09\/Vanessa_Caldera01-12x12.webp 12w, https:\/\/latimpacto.org\/wp-content\/uploads\/2025\/09\/Vanessa_Caldera01-650x650.webp 650w\" sizes=\"(max-width: 740px) 100vw, 740px\" \/>\n\t\t\t\t\t\t\t<\/div>\n\t\t\t\t\t\t<\/div>\n\n\t\t\t\t\t\t\n\t\t\t\t<\/div>\n\t\t\t\n\t\t\t<div class=\"bdt-member-content\">\n\t\t\t\t\t\t\t\t\t<span class=\"bdt-member-name\">\n\t\t\t\t\t\tVanessa Caldera\t\t\t\t\t<\/span>\n\t\t\t\t\t\t\t\t\t\t\t\t\t<span class=\"bdt-member-role\">\n\t\t\t\t\t\tGerente Geral da Funda\u00e7\u00e3o Coppel\t\t\t\t\t<\/span>\n\t\t\t\t\t\t\t\t\t\t\t<\/div>\n\n\t\t\t\n\t\t<\/div>\n\t\t\t\t\t\t<\/div>\n\t\t\t\t<\/div>\n\t\t\t\t<div class=\"elementor-element elementor-element-d8dc1a3 elementor-widget elementor-widget-bdt-member\" data-id=\"d8dc1a3\" data-element_type=\"widget\" data-e-type=\"widget\" data-widget_type=\"bdt-member.default\">\n\t\t\t\t<div class=\"elementor-widget-container\">\n\t\t\t\t\t\n\t\t<div class=\"bdt-member skin-default bdt-transition-toggle\">\n\t\t\t\n\t\t\t\t<div class=\"bdt-member-photo-wrapper bdt-image-mask\">\n\n\t\t\t\t\t\n\t\t\t\t\t\t<div class=\"bdt-member-photo\">\n\t\t\t\t\t\t\t<div class=\"\">\n\n\t\t\t\t\t\t\t\t<img loading=\"lazy\" decoding=\"async\" width=\"210\" height=\"210\" src=\"https:\/\/latimpacto.org\/wp-content\/uploads\/2025\/09\/Tim-Radjy-01.webp\" class=\"attachment- size-\" alt=\"Tim Radjy\" srcset=\"https:\/\/latimpacto.org\/wp-content\/uploads\/2025\/09\/Tim-Radjy-01.webp 210w, https:\/\/latimpacto.org\/wp-content\/uploads\/2025\/09\/Tim-Radjy-01-150x150.webp 150w, https:\/\/latimpacto.org\/wp-content\/uploads\/2025\/09\/Tim-Radjy-01-12x12.webp 12w\" sizes=\"(max-width: 210px) 100vw, 210px\" \/>\n\t\t\t\t\t\t\t<\/div>\n\t\t\t\t\t\t<\/div>\n\n\t\t\t\t\t\t\n\t\t\t\t<\/div>\n\t\t\t\n\t\t\t<div class=\"bdt-member-content\">\n\t\t\t\t\t\t\t\t\t<span class=\"bdt-member-name\">\n\t\t\t\t\t\tTim Radjy\t\t\t\t\t<\/span>\n\t\t\t\t\t\t\t\t\t\t\t\t\t<span class=\"bdt-member-role\">\n\t\t\t\t\t\tFundador e s\u00f3cio-gerente da Alphamundi\t\t\t\t\t<\/span>\n\t\t\t\t\t\t\t\t\t\t\t<\/div>\n\n\t\t\t\n\t\t<\/div>\n\t\t\t\t\t\t<\/div>\n\t\t\t\t<\/div>\n\t\t\t\t<div class=\"elementor-element elementor-element-20aa268 elementor-widget elementor-widget-bdt-member\" data-id=\"20aa268\" data-element_type=\"widget\" data-e-type=\"widget\" data-widget_type=\"bdt-member.default\">\n\t\t\t\t<div class=\"elementor-widget-container\">\n\t\t\t\t\t\n\t\t<div class=\"bdt-member skin-default bdt-transition-toggle\">\n\t\t\t\n\t\t\t\t<div class=\"bdt-member-photo-wrapper bdt-image-mask\">\n\n\t\t\t\t\t\n\t\t\t\t\t\t<div class=\"bdt-member-photo\">\n\t\t\t\t\t\t\t<div class=\"\">\n\n\t\t\t\t\t\t\t\t<img loading=\"lazy\" decoding=\"async\" width=\"181\" height=\"181\" src=\"https:\/\/latimpacto.org\/wp-content\/uploads\/2025\/08\/empty.webp\" class=\"attachment- size-\" alt=\"\" srcset=\"https:\/\/latimpacto.org\/wp-content\/uploads\/2025\/08\/empty.webp 181w, https:\/\/latimpacto.org\/wp-content\/uploads\/2025\/08\/empty-150x150.webp 150w, https:\/\/latimpacto.org\/wp-content\/uploads\/2025\/08\/empty-12x12.webp 12w\" sizes=\"(max-width: 181px) 100vw, 181px\" \/>\n\t\t\t\t\t\t\t<\/div>\n\t\t\t\t\t\t<\/div>\n\n\t\t\t\t\t\t\n\t\t\t\t<\/div>\n\t\t\t\n\t\t\t<div class=\"bdt-member-content\">\n\t\t\t\t\t\t\t\t\t\t\t\t\t<span class=\"bdt-member-role\">\n\t\t\t\t\t\tFunda\u00e7\u00e3o FEMSA, M\u00e9xico\t\t\t\t\t<\/span>\n\t\t\t\t\t\t\t\t\t\t\t<\/div>\n\n\t\t\t\n\t\t<\/div>\n\t\t\t\t\t\t<\/div>\n\t\t\t\t<\/div>\n\t\t\t\t<div class=\"elementor-element elementor-element-b4e528a elementor-widget elementor-widget-bdt-member\" data-id=\"b4e528a\" data-element_type=\"widget\" data-e-type=\"widget\" data-widget_type=\"bdt-member.default\">\n\t\t\t\t<div class=\"elementor-widget-container\">\n\t\t\t\t\t\n\t\t<div class=\"bdt-member skin-default bdt-transition-toggle\">\n\t\t\t\n\t\t\t\t<div class=\"bdt-member-photo-wrapper bdt-image-mask\">\n\n\t\t\t\t\t\n\t\t\t\t\t\t<div class=\"bdt-member-photo\">\n\t\t\t\t\t\t\t<div class=\"\">\n\n\t\t\t\t\t\t\t\t<img loading=\"lazy\" decoding=\"async\" width=\"740\" height=\"740\" src=\"https:\/\/latimpacto.org\/wp-content\/uploads\/2025\/09\/roberto-navas02.webp\" class=\"attachment- size-\" alt=\"Roberto Navas\" srcset=\"https:\/\/latimpacto.org\/wp-content\/uploads\/2025\/09\/roberto-navas02.webp 740w, https:\/\/latimpacto.org\/wp-content\/uploads\/2025\/09\/roberto-navas02-300x300.webp 300w, https:\/\/latimpacto.org\/wp-content\/uploads\/2025\/09\/roberto-navas02-150x150.webp 150w, https:\/\/latimpacto.org\/wp-content\/uploads\/2025\/09\/roberto-navas02-12x12.webp 12w, https:\/\/latimpacto.org\/wp-content\/uploads\/2025\/09\/roberto-navas02-650x650.webp 650w\" sizes=\"(max-width: 740px) 100vw, 740px\" \/>\n\t\t\t\t\t\t\t<\/div>\n\t\t\t\t\t\t<\/div>\n\n\t\t\t\t\t\t\n\t\t\t\t<\/div>\n\t\t\t\n\t\t\t<div class=\"bdt-member-content\">\n\t\t\t\t\t\t\t\t\t<span class=\"bdt-member-name\">\n\t\t\t\t\t\tRoberto Navas\t\t\t\t\t<\/span>\n\t\t\t\t\t\t\t\t\t\t\t\t\t<span class=\"bdt-member-role\">\n\t\t\t\t\t\tCEO, Funda\u00e7\u00e3o Arturo Sesana\t\t\t\t\t<\/span>\n\t\t\t\t\t\t\t\t\t\t\t<\/div>\n\n\t\t\t\n\t\t<\/div>\n\t\t\t\t\t\t<\/div>\n\t\t\t\t<\/div>\n\t\t\t\t<div class=\"elementor-element elementor-element-7cc6a64 elementor-widget elementor-widget-bdt-member\" data-id=\"7cc6a64\" data-element_type=\"widget\" data-e-type=\"widget\" data-widget_type=\"bdt-member.default\">\n\t\t\t\t<div class=\"elementor-widget-container\">\n\t\t\t\t\t\n\t\t<div class=\"bdt-member skin-default bdt-transition-toggle\">\n\t\t\t\n\t\t\t\t<div class=\"bdt-member-photo-wrapper bdt-image-mask\">\n\n\t\t\t\t\t\n\t\t\t\t\t\t<div class=\"bdt-member-photo\">\n\t\t\t\t\t\t\t<div class=\"\">\n\n\t\t\t\t\t\t\t\t<img loading=\"lazy\" decoding=\"async\" width=\"181\" height=\"181\" src=\"https:\/\/latimpacto.org\/wp-content\/uploads\/2025\/03\/fernanda.png\" class=\"attachment- size-\" alt=\"Fernanda Camargo\" srcset=\"https:\/\/latimpacto.org\/wp-content\/uploads\/2025\/03\/fernanda.png 181w, https:\/\/latimpacto.org\/wp-content\/uploads\/2025\/03\/fernanda-150x150.png 150w\" sizes=\"(max-width: 181px) 100vw, 181px\" \/>\n\t\t\t\t\t\t\t<\/div>\n\t\t\t\t\t\t<\/div>\n\n\t\t\t\t\t\t\n\t\t\t\t<\/div>\n\t\t\t\n\t\t\t<div class=\"bdt-member-content\">\n\t\t\t\t\t\t\t\t\t<span class=\"bdt-member-name\">\n\t\t\t\t\t\tFernanda Camargo\t\t\t\t\t<\/span>\n\t\t\t\t\t\t\t\t\t\t\t\t\t<span class=\"bdt-member-role\">\n\t\t\t\t\t\tCofundador da Wright Capital\t\t\t\t\t<\/span>\n\t\t\t\t\t\t\t\t\t\t\t<\/div>\n\n\t\t\t\n\t\t<\/div>\n\t\t\t\t\t\t<\/div>\n\t\t\t\t<\/div>\n\t\t\t\t<div class=\"elementor-element elementor-element-6aa885a elementor-widget elementor-widget-bdt-member\" data-id=\"6aa885a\" data-element_type=\"widget\" data-e-type=\"widget\" data-widget_type=\"bdt-member.default\">\n\t\t\t\t<div class=\"elementor-widget-container\">\n\t\t\t\t\t\n\t\t<div class=\"bdt-member skin-default bdt-transition-toggle\">\n\t\t\t\n\t\t\t\t<div class=\"bdt-member-photo-wrapper bdt-image-mask\">\n\n\t\t\t\t\t\n\t\t\t\t\t\t<div class=\"bdt-member-photo\">\n\t\t\t\t\t\t\t<div class=\"\">\n\n\t\t\t\t\t\t\t\t<img loading=\"lazy\" decoding=\"async\" width=\"181\" height=\"181\" src=\"https:\/\/latimpacto.org\/wp-content\/uploads\/2025\/03\/stefan.png\" class=\"attachment- size-\" alt=\"Stefan Wilhelm\" srcset=\"https:\/\/latimpacto.org\/wp-content\/uploads\/2025\/03\/stefan.png 181w, https:\/\/latimpacto.org\/wp-content\/uploads\/2025\/03\/stefan-150x150.png 150w\" sizes=\"(max-width: 181px) 100vw, 181px\" \/>\n\t\t\t\t\t\t\t<\/div>\n\t\t\t\t\t\t<\/div>\n\n\t\t\t\t\t\t\n\t\t\t\t<\/div>\n\t\t\t\n\t\t\t<div class=\"bdt-member-content\">\n\t\t\t\t\t\t\t\t\t<span class=\"bdt-member-name\">\n\t\t\t\t\t\tStefan Wilhelm\t\t\t\t\t<\/span>\n\t\t\t\t\t\t\t\t\t\t\t\t\t<span class=\"bdt-member-role\">\n\t\t\t\t\t\tDiretor Associado de Impacto Social - Assuntos P\u00fablicos, Ci\u00eancia e Sustentabilidade da Bayer AG\t\t\t\t\t<\/span>\n\t\t\t\t\t\t\t\t\t\t\t<\/div>\n\n\t\t\t\n\t\t<\/div>\n\t\t\t\t\t\t<\/div>\n\t\t\t\t<\/div>\n\t\t\t\t<div class=\"elementor-element elementor-element-8215c94 elementor-widget elementor-widget-bdt-member\" data-id=\"8215c94\" data-element_type=\"widget\" data-e-type=\"widget\" data-widget_type=\"bdt-member.default\">\n\t\t\t\t<div class=\"elementor-widget-container\">\n\t\t\t\t\t\n\t\t<div class=\"bdt-member skin-default bdt-transition-toggle\">\n\t\t\t\n\t\t\t\t<div class=\"bdt-member-photo-wrapper bdt-image-mask\">\n\n\t\t\t\t\t\n\t\t\t\t\t\t<div class=\"bdt-member-photo\">\n\t\t\t\t\t\t\t<div class=\"\">\n\n\t\t\t\t\t\t\t\t<img loading=\"lazy\" decoding=\"async\" width=\"199\" height=\"199\" src=\"https:\/\/latimpacto.org\/wp-content\/uploads\/2025\/09\/marcia02.webp\" class=\"attachment- size-\" alt=\"M\u00e1rcia Soares\" srcset=\"https:\/\/latimpacto.org\/wp-content\/uploads\/2025\/09\/marcia02.webp 199w, https:\/\/latimpacto.org\/wp-content\/uploads\/2025\/09\/marcia02-150x150.webp 150w, https:\/\/latimpacto.org\/wp-content\/uploads\/2025\/09\/marcia02-12x12.webp 12w\" sizes=\"(max-width: 199px) 100vw, 199px\" \/>\n\t\t\t\t\t\t\t<\/div>\n\t\t\t\t\t\t<\/div>\n\n\t\t\t\t\t\t\n\t\t\t\t<\/div>\n\t\t\t\n\t\t\t<div class=\"bdt-member-content\">\n\t\t\t\t\t\t\t\t\t<span class=\"bdt-member-name\">\n\t\t\t\t\t\tM\u00e1rcia Soares\t\t\t\t\t<\/span>\n\t\t\t\t\t\t\t\t\t\t\t\t\t<span class=\"bdt-member-role\">\n\t\t\t\t\t\tL\u00edder de Alian\u00e7as e Redes no Fundo Vale\t\t\t\t\t<\/span>\n\t\t\t\t\t\t\t\t\t\t\t<\/div>\n\n\t\t\t\n\t\t<\/div>\n\t\t\t\t\t\t<\/div>\n\t\t\t\t<\/div>\n\t\t\t\t<div class=\"elementor-element elementor-element-59c09e0 elementor-widget elementor-widget-bdt-member\" data-id=\"59c09e0\" data-element_type=\"widget\" data-e-type=\"widget\" data-widget_type=\"bdt-member.default\">\n\t\t\t\t<div class=\"elementor-widget-container\">\n\t\t\t\t\t\n\t\t<div class=\"bdt-member skin-default bdt-transition-toggle\">\n\t\t\t\n\t\t\t\t<div class=\"bdt-member-photo-wrapper bdt-image-mask\">\n\n\t\t\t\t\t\n\t\t\t\t\t\t<div class=\"bdt-member-photo\">\n\t\t\t\t\t\t\t<div class=\"\">\n\n\t\t\t\t\t\t\t\t<img loading=\"lazy\" decoding=\"async\" width=\"740\" height=\"740\" src=\"https:\/\/latimpacto.org\/wp-content\/uploads\/2025\/10\/camila.webp\" class=\"attachment- size-\" alt=\"Mar\u00eda Camila Osorio Frye\" srcset=\"https:\/\/latimpacto.org\/wp-content\/uploads\/2025\/10\/camila.webp 740w, https:\/\/latimpacto.org\/wp-content\/uploads\/2025\/10\/camila-300x300.webp 300w, https:\/\/latimpacto.org\/wp-content\/uploads\/2025\/10\/camila-150x150.webp 150w, https:\/\/latimpacto.org\/wp-content\/uploads\/2025\/10\/camila-12x12.webp 12w, https:\/\/latimpacto.org\/wp-content\/uploads\/2025\/10\/camila-650x650.webp 650w\" sizes=\"(max-width: 740px) 100vw, 740px\" \/>\n\t\t\t\t\t\t\t<\/div>\n\t\t\t\t\t\t<\/div>\n\n\t\t\t\t\t\t\n\t\t\t\t<\/div>\n\t\t\t\n\t\t\t<div class=\"bdt-member-content\">\n\t\t\t\t\t\t\t\t\t<span class=\"bdt-member-name\">\n\t\t\t\t\t\tMar\u00eda Camila Osorio Frye\t\t\t\t\t<\/span>\n\t\t\t\t\t\t\t\t\t\t\t\t\t<span class=\"bdt-member-role\">\n\t\t\t\t\t\tDiretor da Funda\u00e7\u00e3o Bancolombia\t\t\t\t\t<\/span>\n\t\t\t\t\t\t\t\t\t\t\t<\/div>\n\n\t\t\t\n\t\t<\/div>\n\t\t\t\t\t\t<\/div>\n\t\t\t\t<\/div>\n\t\t\t\t<\/div>\n\t\t\t\t<\/div>","protected":false},"excerpt":{"rendered":"<p>Consejo directivo Estos son los miembros que conforman nuestra mesa directiva Andrea Mota Vicepresidenta de Sostenibilidad para Am\u00e9rica Latina, The Coca-Cola Company [&hellip;]<\/p>\n","protected":false},"author":1,"featured_media":0,"parent":0,"menu_order":0,"comment_status":"closed","ping_status":"closed","template":"","meta":{"_acf_changed":false,"footnotes":""},"class_list":["post-683","page","type-page","status-publish","hentry"],"acf":[],"_links":{"self":[{"href":"https:\/\/latimpacto.org\/pt\/wp-json\/wp\/v2\/pages\/683","targetHints":{"allow":["GET"]}}],"collection":[{"href":"https:\/\/latimpacto.org\/pt\/wp-json\/wp\/v2\/pages"}],"about":[{"href":"https:\/\/latimpacto.org\/pt\/wp-json\/wp\/v2\/types\/page"}],"author":[{"embeddable":true,"href":"https:\/\/latimpacto.org\/pt\/wp-json\/wp\/v2\/users\/1"}],"replies":[{"embeddable":true,"href":"https:\/\/latimpacto.org\/pt\/wp-json\/wp\/v2\/comments?post=683"}],"version-history":[{"count":124,"href":"https:\/\/latimpacto.org\/pt\/wp-json\/wp\/v2\/pages\/683\/revisions"}],"predecessor-version":[{"id":18885,"href":"https:\/\/latimpacto.org\/pt\/wp-json\/wp\/v2\/pages\/683\/revisions\/18885"}],"wp:attachment":[{"href":"https:\/\/latimpacto.org\/pt\/wp-json\/wp\/v2\/media?parent=683"}],"curies":[{"name":"wp","href":"https:\/\/api.w.org\/{rel}","templated":true}]}}